{"id":3911,"date":"2022-06-01T00:52:42","date_gmt":"2022-05-31T22:52:42","guid":{"rendered":"https:\/\/f-dgs.com\/?post_type=product&#038;p=3911"},"modified":"2026-02-12T09:49:28","modified_gmt":"2026-02-12T08:49:28","slug":"cryogen-240","status":"publish","type":"product","link":"https:\/\/www.f-dgs.com\/pt-pt\/product\/liquid-nitrogen\/cryogen-240\/","title":{"rendered":"G\u00e9n\u00e9rateur d&#8217;azote liquide N2 CRYOGEN.240"},"content":{"rendered":"<p class=\"p2\">Le CRYOGEN.240 est le g\u00e9n\u00e9rateur de N2 liquide de F-DGSi.<span class=\"s2\"><b>&#8220;Refroidi \u00e0 l&#8217;eau&#8221;<\/b><\/span>.<\/p>\n<p class=\"p2\">Gr\u00e2ce \u00e0 la technologie de la t\u00eate froide et au compresseur \u00e0 h\u00e9lium d&#8217;un &#8220;cryor\u00e9frig\u00e9rateur&#8221; fiable, l&#8217;azote gazeux est ensuite produit \u00e0 l&#8217;aide de la technologie PSA, puis refroidi \u00e0 77K (-196\u00b0C) pour produire de l&#8217;azote liquide.<span class=\"Apple-converted-space\">\u00a0<\/span><\/p>\n<p class=\"p1\">Les g\u00e9n\u00e9rateurs sont contr\u00f4l\u00e9s \u00e0 l&#8217;aide de la derni\u00e8re technologie d&#8217;\u00e9cran tactile HMI pour afficher le processus en temps r\u00e9el, le niveau de liquide du dewar, la production d&#8217;azote PSA, ce qui donne un syst\u00e8me enti\u00e8rement automatis\u00e9 sur simple pression d&#8217;un bouton, avec un acc\u00e8s \u00e0 distance pour le contr\u00f4le du diagnostic.<\/p>\n<p class=\"p1\">L&#8217;azote liquide peut \u00eatre distribu\u00e9 \u00e0 l&#8217;aide d&#8217;un tuyau isol\u00e9 sous vide de 1,5 m\u00e8tre. Avec le refroidisseur d&#8217;eau fourni, le syst\u00e8me peut fonctionner jusqu&#8217;\u00e0 une temp\u00e9rature ambiante de +52\u00b0C, ce qui permet de l&#8217;utiliser partout dans le monde.<\/p>\n","protected":false},"excerpt":{"rendered":"<p>Le CRYOGEN.240 est le g\u00e9n\u00e9rateur de N2 liquide de F-DGSi.&#8220;Refroidi \u00e0 l&#8217;eau&#8221;. Gr\u00e2ce \u00e0 la technologie de la t\u00eate froide et au compresseur \u00e0 h\u00e9lium d&#8217;un &#8220;cryor\u00e9frig\u00e9rateur&#8221; fiable, l&#8217;azote gazeux est ensuite produit \u00e0 l&#8217;aide de la technologie PSA, puis refroidi \u00e0 77K (-196\u00b0C) pour produire de l&#8217;azote liquide.\u00a0 Les g\u00e9n\u00e9rateurs sont contr\u00f4l\u00e9s \u00e0 l&#8217;aide [&hellip;]<\/p>\n","protected":false},"featured_media":6553,"comment_status":"open","ping_status":"closed","template":"","meta":[],"product_cat":[59],"product_tag":[],"class_list":{"0":"post-3911","1":"product","2":"type-product","3":"status-publish","4":"has-post-thumbnail","6":"product_cat-liquid-nitrogen","8":"first","9":"instock","10":"shipping-taxable","11":"product-type-simple"},"_links":{"self":[{"href":"https:\/\/www.f-dgs.com\/pt-pt\/wp-json\/wp\/v2\/product\/3911","targetHints":{"allow":["GET"]}}],"collection":[{"href":"https:\/\/www.f-dgs.com\/pt-pt\/wp-json\/wp\/v2\/product"}],"about":[{"href":"https:\/\/www.f-dgs.com\/pt-pt\/wp-json\/wp\/v2\/types\/product"}],"replies":[{"embeddable":true,"href":"https:\/\/www.f-dgs.com\/pt-pt\/wp-json\/wp\/v2\/comments?post=3911"}],"wp:featuredmedia":[{"embeddable":true,"href":"https:\/\/www.f-dgs.com\/pt-pt\/wp-json\/wp\/v2\/media\/6553"}],"wp:attachment":[{"href":"https:\/\/www.f-dgs.com\/pt-pt\/wp-json\/wp\/v2\/media?parent=3911"}],"wp:term":[{"taxonomy":"product_cat","embeddable":true,"href":"https:\/\/www.f-dgs.com\/pt-pt\/wp-json\/wp\/v2\/product_cat?post=3911"},{"taxonomy":"product_tag","embeddable":true,"href":"https:\/\/www.f-dgs.com\/pt-pt\/wp-json\/wp\/v2\/product_tag?post=3911"}],"curies":[{"name":"wp","href":"https:\/\/api.w.org\/{rel}","templated":true}]}}