{"id":13900,"date":"2022-03-29T19:03:01","date_gmt":"2022-03-29T17:03:01","guid":{"rendered":"https:\/\/www.f-dgs.com\/product\/sem%20categoria\/gerador-de-nitrogenio-cosmos-n2-zn2\/"},"modified":"2024-07-20T13:07:17","modified_gmt":"2024-07-20T11:07:17","slug":"cosmos-n2-zn2","status":"publish","type":"product","link":"https:\/\/www.f-dgs.com\/pt-pt\/product\/geradores-de-nitrogenio-para-laboratorio\/cosmos-n2-zn2\/","title":{"rendered":"Gerador de nitrog\u00e9nio COSMOS N2 \/ ZN2"},"content":{"rendered":"<p>O COSMOS N2 \/ ZN2 foi projetado para produzir um suprimento seguro e regulado de alta pureza de at\u00e9 99,9995% para composi\u00e7\u00e3o de GC, g\u00e1s de transporte de GC, pressuriza\u00e7\u00e3o de frasco de headspace, purga e armadilha, condicionamento de tubo para dessor\u00e7\u00e3o t\u00e9rmica.<br \/>\nO Nitrog\u00e9nio COSMOS utiliza a t\u00e9cnica fi\u00e1vel e eficiente de absor\u00e7\u00e3o por oscila\u00e7\u00e3o de press\u00e3o (PSA) utilizando peneira molecular de carbono para remover o oxig\u00e9nio e a humidade e produzir Nitrog\u00e9nio de elevada pureza.<br \/>\nO COSMOS N2 \/ ZN2 \u00e9 constru\u00eddo com um catalisador para remover hidrocarbonetos &lt; 0,05 ppm. O nitrog\u00e9nio COSMOS pode ser acoplado a qualquer m\u00f3dulo COSMOS (hidrog\u00e9nio, ar zero, compressor de ar) para proporcionar uma solu\u00e7\u00e3o completa de g\u00e1s GC independente.<\/p>\n","protected":false},"excerpt":{"rendered":"<p>O COSMOS N2 \/ ZN2 foi projetado para produzir um suprimento seguro e regulado de alta pureza de at\u00e9 99,9995% para composi\u00e7\u00e3o de GC, g\u00e1s de transporte de GC, pressuriza\u00e7\u00e3o de frasco de headspace, purga e armadilha, condicionamento de tubo para dessor\u00e7\u00e3o t\u00e9rmica. O Nitrog\u00e9nio COSMOS utiliza a t\u00e9cnica fi\u00e1vel e eficiente de absor\u00e7\u00e3o por [&hellip;]<\/p>\n","protected":false},"featured_media":13902,"comment_status":"open","ping_status":"closed","template":"","meta":[],"product_cat":[337],"product_tag":[358],"class_list":{"0":"post-13900","1":"product","2":"type-product","3":"status-publish","4":"has-post-thumbnail","6":"product_cat-geradores-de-nitrogenio-para-laboratorio","7":"product_tag-gc-e-gc-ms","9":"first","10":"instock","11":"shipping-taxable","12":"product-type-simple"},"_links":{"self":[{"href":"https:\/\/www.f-dgs.com\/pt-pt\/wp-json\/wp\/v2\/product\/13900","targetHints":{"allow":["GET"]}}],"collection":[{"href":"https:\/\/www.f-dgs.com\/pt-pt\/wp-json\/wp\/v2\/product"}],"about":[{"href":"https:\/\/www.f-dgs.com\/pt-pt\/wp-json\/wp\/v2\/types\/product"}],"replies":[{"embeddable":true,"href":"https:\/\/www.f-dgs.com\/pt-pt\/wp-json\/wp\/v2\/comments?post=13900"}],"wp:featuredmedia":[{"embeddable":true,"href":"https:\/\/www.f-dgs.com\/pt-pt\/wp-json\/wp\/v2\/media\/13902"}],"wp:attachment":[{"href":"https:\/\/www.f-dgs.com\/pt-pt\/wp-json\/wp\/v2\/media?parent=13900"}],"wp:term":[{"taxonomy":"product_cat","embeddable":true,"href":"https:\/\/www.f-dgs.com\/pt-pt\/wp-json\/wp\/v2\/product_cat?post=13900"},{"taxonomy":"product_tag","embeddable":true,"href":"https:\/\/www.f-dgs.com\/pt-pt\/wp-json\/wp\/v2\/product_tag?post=13900"}],"curies":[{"name":"wp","href":"https:\/\/api.w.org\/{rel}","templated":true}]}}