{"id":13893,"date":"2022-03-29T19:02:26","date_gmt":"2022-03-29T17:02:26","guid":{"rendered":"https:\/\/www.f-dgs.com\/product\/sem categoria\/gerador-de-ar-de-nitrogenio-combinado-stream-3g\/"},"modified":"2022-03-29T19:02:26","modified_gmt":"2022-03-29T17:02:26","slug":"gerador-de-ar-de-nitrogenio-combinado-stream-3g","status":"publish","type":"product","link":"https:\/\/www.f-dgs.com\/pt-pt\/product\/geradores-combinados-de-azoto-ar\/gerador-de-ar-de-nitrogenio-combinado-stream-3g\/","title":{"rendered":"Gerador de ar de nitrog\u00e9nio combinado STREAM 3G"},"content":{"rendered":"<p>O gerador de nitrog\u00e9nio\/ar de membrana foi desenvolvido para cumprir requisitos espec\u00edficos em termos de fluxo, pureza e press\u00e3o para o Sciex LC-MS.<\/p>\n<p>Fornecendo uma sa\u00edda de azoto de qualidade laboratorial e duas sa\u00eddas de ar seco, os geradores est\u00e3o dispon\u00edveis com diferentes fluxos de g\u00e1s.<br \/>\nOs geradores da s\u00e9rie STREAM 3G da F-DGS foram concebidos para fornecer azoto e ar a laborat\u00f3rios que j\u00e1 disp\u00f5em de uma fonte externa de ar limpo e seco.<\/p>\n<p>Estes sistemas n\u00e3o cont\u00eam pe\u00e7as m\u00f3veis, s\u00e3o efetivamente silenciosos durante o funcionamento e requerem uma manuten\u00e7\u00e3o m\u00ednima.<\/p>\n","protected":false},"excerpt":{"rendered":"<p>O gerador de nitrog\u00e9nio\/ar de membrana foi desenvolvido para cumprir requisitos espec\u00edficos em termos de fluxo, pureza e press\u00e3o para o Sciex LC-MS. Fornecendo uma sa\u00edda de azoto de qualidade laboratorial e duas sa\u00eddas de ar seco, os geradores est\u00e3o dispon\u00edveis com diferentes fluxos de g\u00e1s. Os geradores da s\u00e9rie STREAM 3G da F-DGS foram [&hellip;]<\/p>\n","protected":false},"featured_media":13894,"comment_status":"open","ping_status":"closed","template":"","meta":[],"product_cat":[328],"product_tag":[332],"class_list":{"0":"post-13893","1":"product","2":"type-product","3":"status-publish","4":"has-post-thumbnail","6":"product_cat-geradores-combinados-de-azoto-ar","7":"product_tag-lc-ms-ms-pt-pt","9":"first","10":"instock","11":"shipping-taxable","12":"product-type-simple"},"_links":{"self":[{"href":"https:\/\/www.f-dgs.com\/pt-pt\/wp-json\/wp\/v2\/product\/13893","targetHints":{"allow":["GET"]}}],"collection":[{"href":"https:\/\/www.f-dgs.com\/pt-pt\/wp-json\/wp\/v2\/product"}],"about":[{"href":"https:\/\/www.f-dgs.com\/pt-pt\/wp-json\/wp\/v2\/types\/product"}],"replies":[{"embeddable":true,"href":"https:\/\/www.f-dgs.com\/pt-pt\/wp-json\/wp\/v2\/comments?post=13893"}],"wp:featuredmedia":[{"embeddable":true,"href":"https:\/\/www.f-dgs.com\/pt-pt\/wp-json\/wp\/v2\/media\/13894"}],"wp:attachment":[{"href":"https:\/\/www.f-dgs.com\/pt-pt\/wp-json\/wp\/v2\/media?parent=13893"}],"wp:term":[{"taxonomy":"product_cat","embeddable":true,"href":"https:\/\/www.f-dgs.com\/pt-pt\/wp-json\/wp\/v2\/product_cat?post=13893"},{"taxonomy":"product_tag","embeddable":true,"href":"https:\/\/www.f-dgs.com\/pt-pt\/wp-json\/wp\/v2\/product_tag?post=13893"}],"curies":[{"name":"wp","href":"https:\/\/api.w.org\/{rel}","templated":true}]}}