{"id":13888,"date":"2022-03-29T19:02:03","date_gmt":"2022-03-29T17:02:03","guid":{"rendered":"https:\/\/www.f-dgs.com\/product\/sem categoria\/gerador-de-nitrogenio-stream\/"},"modified":"2022-03-29T19:02:03","modified_gmt":"2022-03-29T17:02:03","slug":"gerador-de-nitrogenio-stream","status":"publish","type":"product","link":"https:\/\/www.f-dgs.com\/pt-pt\/product\/geradores-de-nitrogenio-para-laboratorio\/gerador-de-nitrogenio-stream\/","title":{"rendered":"Gerador de nitrog\u00e9nio STREAM"},"content":{"rendered":"<p>O gerador de nitrog\u00e9nio de membrana foi desenvolvido para satisfazer requisitos espec\u00edficos em termos de fluxo, pureza e press\u00e3o para aplica\u00e7\u00f5es LC-MS. Tamb\u00e9m pode ser utilizado para a evapora\u00e7\u00e3o de solventes em amostras a analisar.<br \/>\nA tecnologia simples de membrana de alta efici\u00eancia permite a separa\u00e7\u00e3o do azoto dos outros componentes da entrada de ar comprimido.<\/p>\n","protected":false},"excerpt":{"rendered":"<p>O gerador de nitrog\u00e9nio de membrana foi desenvolvido para satisfazer requisitos espec\u00edficos em termos de fluxo, pureza e press\u00e3o para aplica\u00e7\u00f5es LC-MS. Tamb\u00e9m pode ser utilizado para a evapora\u00e7\u00e3o de solventes em amostras a analisar. A tecnologia simples de membrana de alta efici\u00eancia permite a separa\u00e7\u00e3o do azoto dos outros componentes da entrada de ar [&hellip;]<\/p>\n","protected":false},"featured_media":13680,"comment_status":"open","ping_status":"closed","template":"","meta":[],"product_cat":[337],"product_tag":[332],"class_list":{"0":"post-13888","1":"product","2":"type-product","3":"status-publish","4":"has-post-thumbnail","6":"product_cat-geradores-de-nitrogenio-para-laboratorio","7":"product_tag-lc-ms-ms-pt-pt","9":"first","10":"instock","11":"shipping-taxable","12":"product-type-simple"},"_links":{"self":[{"href":"https:\/\/www.f-dgs.com\/pt-pt\/wp-json\/wp\/v2\/product\/13888","targetHints":{"allow":["GET"]}}],"collection":[{"href":"https:\/\/www.f-dgs.com\/pt-pt\/wp-json\/wp\/v2\/product"}],"about":[{"href":"https:\/\/www.f-dgs.com\/pt-pt\/wp-json\/wp\/v2\/types\/product"}],"replies":[{"embeddable":true,"href":"https:\/\/www.f-dgs.com\/pt-pt\/wp-json\/wp\/v2\/comments?post=13888"}],"wp:featuredmedia":[{"embeddable":true,"href":"https:\/\/www.f-dgs.com\/pt-pt\/wp-json\/wp\/v2\/media\/13680"}],"wp:attachment":[{"href":"https:\/\/www.f-dgs.com\/pt-pt\/wp-json\/wp\/v2\/media?parent=13888"}],"wp:term":[{"taxonomy":"product_cat","embeddable":true,"href":"https:\/\/www.f-dgs.com\/pt-pt\/wp-json\/wp\/v2\/product_cat?post=13888"},{"taxonomy":"product_tag","embeddable":true,"href":"https:\/\/www.f-dgs.com\/pt-pt\/wp-json\/wp\/v2\/product_tag?post=13888"}],"curies":[{"name":"wp","href":"https:\/\/api.w.org\/{rel}","templated":true}]}}