{"id":13870,"date":"2022-03-29T10:34:27","date_gmt":"2022-03-29T08:34:27","guid":{"rendered":"https:\/\/www.f-dgs.com\/product\/sem categoria\/gerador-de-nitrogenio-celeno\/"},"modified":"2022-03-29T10:34:27","modified_gmt":"2022-03-29T08:34:27","slug":"gerador-de-nitrogenio-celeno","status":"publish","type":"product","link":"https:\/\/www.f-dgs.com\/pt-pt\/product\/geradores-de-nitrogenio-para-laboratorio\/gerador-de-nitrogenio-celeno\/","title":{"rendered":"Gerador de nitrog\u00e9nio CELENO"},"content":{"rendered":"<p>Com 20 L\/min, a gama CELENO Nitrogen fornece uma solu\u00e7\u00e3o de Azoto de Alta Pureza para instrumentos GC x GC com Criog\u00e9nio. O gerador tem um ponto de orvalho muito baixo para trabalhar com aplica\u00e7\u00f5es criog\u00e9nicas sem qualquer congelamento.<br \/>\nO CELENO est\u00e1 dispon\u00edvel sem ou com compressor de ar isento de \u00f3leo integrado, utilizando o modo de Tecnologia de Poupan\u00e7a de Energia (EST). \u00c9 extremamente compacto e tem um funcionamento silencioso. O gerador \u00e9 controlado utilizando a mais recente tecnologia de ecr\u00e3 t\u00e1til a cores para apresentar o processo em tempo real, a press\u00e3o de entrada\/sa\u00edda, o fluxo de N2 e o estado do sistema com acesso remoto para controlo de diagn\u00f3stico.<br \/>\nUtiliza tecnologia avan\u00e7ada PSA de separa\u00e7\u00e3o de azoto e oxig\u00e9nio para produzir g\u00e1s de azoto de alta qualidade a pedido, 24 horas por dia, 7 dias por semana.<\/p>\n","protected":false},"excerpt":{"rendered":"<p>Com 20 L\/min, a gama CELENO Nitrogen fornece uma solu\u00e7\u00e3o de Azoto de Alta Pureza para instrumentos GC x GC com Criog\u00e9nio. O gerador tem um ponto de orvalho muito baixo para trabalhar com aplica\u00e7\u00f5es criog\u00e9nicas sem qualquer congelamento. O CELENO est\u00e1 dispon\u00edvel sem ou com compressor de ar isento de \u00f3leo integrado, utilizando o [&hellip;]<\/p>\n","protected":false},"featured_media":13871,"comment_status":"open","ping_status":"closed","template":"","meta":[],"product_cat":[337],"product_tag":[358],"class_list":{"0":"post-13870","1":"product","2":"type-product","3":"status-publish","4":"has-post-thumbnail","6":"product_cat-geradores-de-nitrogenio-para-laboratorio","7":"product_tag-gc-e-gc-ms","9":"first","10":"instock","11":"shipping-taxable","12":"product-type-simple"},"_links":{"self":[{"href":"https:\/\/www.f-dgs.com\/pt-pt\/wp-json\/wp\/v2\/product\/13870","targetHints":{"allow":["GET"]}}],"collection":[{"href":"https:\/\/www.f-dgs.com\/pt-pt\/wp-json\/wp\/v2\/product"}],"about":[{"href":"https:\/\/www.f-dgs.com\/pt-pt\/wp-json\/wp\/v2\/types\/product"}],"replies":[{"embeddable":true,"href":"https:\/\/www.f-dgs.com\/pt-pt\/wp-json\/wp\/v2\/comments?post=13870"}],"wp:featuredmedia":[{"embeddable":true,"href":"https:\/\/www.f-dgs.com\/pt-pt\/wp-json\/wp\/v2\/media\/13871"}],"wp:attachment":[{"href":"https:\/\/www.f-dgs.com\/pt-pt\/wp-json\/wp\/v2\/media?parent=13870"}],"wp:term":[{"taxonomy":"product_cat","embeddable":true,"href":"https:\/\/www.f-dgs.com\/pt-pt\/wp-json\/wp\/v2\/product_cat?post=13870"},{"taxonomy":"product_tag","embeddable":true,"href":"https:\/\/www.f-dgs.com\/pt-pt\/wp-json\/wp\/v2\/product_tag?post=13870"}],"curies":[{"name":"wp","href":"https:\/\/api.w.org\/{rel}","templated":true}]}}