{"id":13866,"date":"2022-03-29T19:01:32","date_gmt":"2022-03-29T17:01:32","guid":{"rendered":"https:\/\/www.f-dgs.com\/product\/sem categoria\/gerador-de-nitrogenio-tornado\/"},"modified":"2022-03-29T19:01:32","modified_gmt":"2022-03-29T17:01:32","slug":"gerador-de-nitrogenio-tornado","status":"publish","type":"product","link":"https:\/\/www.f-dgs.com\/pt-pt\/product\/geradores-de-nitrogenio-para-laboratorio\/gerador-de-nitrogenio-tornado\/","title":{"rendered":"Gerador de nitrog\u00e9nio TORNADO"},"content":{"rendered":"<p>Os geradores de nitrog\u00e9nio da s\u00e9rie TORNADO oferecem-te uma solu\u00e7\u00e3o \u00fanica e inovadora para o fornecimento de nitrog\u00e9nio gasoso. Uma fonte fi\u00e1vel e segura de azoto pode ser produzida a partir do seu fornecimento de ar comprimido existente, eliminando a necessidade de azoto l\u00edquido ou de garrafas de g\u00e1s de alta press\u00e3o. Concebido para um funcionamento cont\u00ednuo, o gerador de nitrog\u00e9nio TORNADO pode produzir caudais desde alguns litros por minuto at\u00e9 mais de NM3\/H com purezas em teor de oxig\u00e9nio residual de 10 ppm a 5%. O gerador \u00e9 controlado utilizando a mais recente tecnologia de ecr\u00e3 t\u00e1til HMI para apresentar o processo, as press\u00f5es, o ponto de orvalho do ar de entrada e os n\u00edveis de oxig\u00e9nio com monitoriza\u00e7\u00e3o cont\u00ednua, completa com alarmes.<\/p>\n","protected":false},"excerpt":{"rendered":"<p>Os geradores de nitrog\u00e9nio da s\u00e9rie TORNADO oferecem-te uma solu\u00e7\u00e3o \u00fanica e inovadora para o fornecimento de nitrog\u00e9nio gasoso. Uma fonte fi\u00e1vel e segura de azoto pode ser produzida a partir do seu fornecimento de ar comprimido existente, eliminando a necessidade de azoto l\u00edquido ou de garrafas de g\u00e1s de alta press\u00e3o. Concebido para um [&hellip;]<\/p>\n","protected":false},"featured_media":13703,"comment_status":"open","ping_status":"closed","template":"","meta":[],"product_cat":[337],"product_tag":[332,338],"class_list":{"0":"post-13866","1":"product","2":"type-product","3":"status-publish","4":"has-post-thumbnail","6":"product_cat-geradores-de-nitrogenio-para-laboratorio","7":"product_tag-lc-ms-ms-pt-pt","8":"product_tag-outras-aplicacoes","10":"first","11":"instock","12":"shipping-taxable","13":"product-type-simple"},"_links":{"self":[{"href":"https:\/\/www.f-dgs.com\/pt-pt\/wp-json\/wp\/v2\/product\/13866","targetHints":{"allow":["GET"]}}],"collection":[{"href":"https:\/\/www.f-dgs.com\/pt-pt\/wp-json\/wp\/v2\/product"}],"about":[{"href":"https:\/\/www.f-dgs.com\/pt-pt\/wp-json\/wp\/v2\/types\/product"}],"replies":[{"embeddable":true,"href":"https:\/\/www.f-dgs.com\/pt-pt\/wp-json\/wp\/v2\/comments?post=13866"}],"wp:featuredmedia":[{"embeddable":true,"href":"https:\/\/www.f-dgs.com\/pt-pt\/wp-json\/wp\/v2\/media\/13703"}],"wp:attachment":[{"href":"https:\/\/www.f-dgs.com\/pt-pt\/wp-json\/wp\/v2\/media?parent=13866"}],"wp:term":[{"taxonomy":"product_cat","embeddable":true,"href":"https:\/\/www.f-dgs.com\/pt-pt\/wp-json\/wp\/v2\/product_cat?post=13866"},{"taxonomy":"product_tag","embeddable":true,"href":"https:\/\/www.f-dgs.com\/pt-pt\/wp-json\/wp\/v2\/product_tag?post=13866"}],"curies":[{"name":"wp","href":"https:\/\/api.w.org\/{rel}","templated":true}]}}