{"id":13849,"date":"2022-03-28T11:45:48","date_gmt":"2022-03-28T09:45:48","guid":{"rendered":"https:\/\/www.f-dgs.com\/product\/sem categoria\/gerador-de-nitrogenio-calypso-ds-hp\/"},"modified":"2022-03-28T11:45:48","modified_gmt":"2022-03-28T09:45:48","slug":"gerador-de-nitrogenio-calypso-ds-hp","status":"publish","type":"product","link":"https:\/\/www.f-dgs.com\/pt-pt\/product\/geradores-de-nitrogenio-para-laboratorio\/gerador-de-nitrogenio-calypso-ds-hp\/","title":{"rendered":"Gerador de nitrog\u00e9nio CALYPSO DS.HP"},"content":{"rendered":"<p>O gerador de nitrog\u00e9nio CALYPSO DS.HP foi especificamente concebido para satisfazer os requisitos de fluxo de g\u00e1s, pureza e press\u00e3o dos instrumentos ASE. O gerador de nitrog\u00e9nio utiliza a tecnologia de adsor\u00e7\u00e3o por oscila\u00e7\u00e3o de press\u00e3o (PSA) combinada com uma gest\u00e3o de press\u00e3o em duas etapas para produzir nitrog\u00e9nio gasoso puro com um elevado fluxo, alta press\u00e3o e pureza. O CALYPSO DS.HP est\u00e1 dispon\u00edvel com um compressor de ar isento de \u00f3leo integrado utilizando o modo de tecnologia de poupan\u00e7a de energia (EST). O gerador \u00e9 controlado utilizando a mais recente tecnologia de ecr\u00e3 t\u00e1til a cores para apresentar o processo em tempo real, a press\u00e3o de entrada\/sa\u00edda, o fluxo de N2 e o estado do sistema com acesso remoto para controlo de diagn\u00f3stico.<\/p>\n","protected":false},"excerpt":{"rendered":"<p>O gerador de nitrog\u00e9nio CALYPSO DS.HP foi especificamente concebido para satisfazer os requisitos de fluxo de g\u00e1s, pureza e press\u00e3o dos instrumentos ASE. O gerador de nitrog\u00e9nio utiliza a tecnologia de adsor\u00e7\u00e3o por oscila\u00e7\u00e3o de press\u00e3o (PSA) combinada com uma gest\u00e3o de press\u00e3o em duas etapas para produzir nitrog\u00e9nio gasoso puro com um elevado fluxo, [&hellip;]<\/p>\n","protected":false},"featured_media":13851,"comment_status":"open","ping_status":"closed","template":"","meta":[],"product_cat":[337],"product_tag":[338],"class_list":{"0":"post-13849","1":"product","2":"type-product","3":"status-publish","4":"has-post-thumbnail","6":"product_cat-geradores-de-nitrogenio-para-laboratorio","7":"product_tag-outras-aplicacoes","9":"first","10":"instock","11":"shipping-taxable","12":"product-type-simple"},"_links":{"self":[{"href":"https:\/\/www.f-dgs.com\/pt-pt\/wp-json\/wp\/v2\/product\/13849","targetHints":{"allow":["GET"]}}],"collection":[{"href":"https:\/\/www.f-dgs.com\/pt-pt\/wp-json\/wp\/v2\/product"}],"about":[{"href":"https:\/\/www.f-dgs.com\/pt-pt\/wp-json\/wp\/v2\/types\/product"}],"replies":[{"embeddable":true,"href":"https:\/\/www.f-dgs.com\/pt-pt\/wp-json\/wp\/v2\/comments?post=13849"}],"wp:featuredmedia":[{"embeddable":true,"href":"https:\/\/www.f-dgs.com\/pt-pt\/wp-json\/wp\/v2\/media\/13851"}],"wp:attachment":[{"href":"https:\/\/www.f-dgs.com\/pt-pt\/wp-json\/wp\/v2\/media?parent=13849"}],"wp:term":[{"taxonomy":"product_cat","embeddable":true,"href":"https:\/\/www.f-dgs.com\/pt-pt\/wp-json\/wp\/v2\/product_cat?post=13849"},{"taxonomy":"product_tag","embeddable":true,"href":"https:\/\/www.f-dgs.com\/pt-pt\/wp-json\/wp\/v2\/product_tag?post=13849"}],"curies":[{"name":"wp","href":"https:\/\/api.w.org\/{rel}","templated":true}]}}