{"id":13839,"date":"2022-03-07T14:28:20","date_gmt":"2022-03-07T13:28:20","guid":{"rendered":"https:\/\/www.f-dgs.com\/product\/sem categoria\/gerador-de-nitrogenio-calypso-dp-ag\/"},"modified":"2022-03-07T14:28:20","modified_gmt":"2022-03-07T13:28:20","slug":"gerador-de-nitrogenio-calypso-dp-ag","status":"publish","type":"product","link":"https:\/\/www.f-dgs.com\/pt-pt\/product\/geradores-de-nitrogenio-para-laboratorio\/gerador-de-nitrogenio-calypso-dp-ag\/","title":{"rendered":"Gerador de nitrog\u00e9nio CALYPSO DP.AG"},"content":{"rendered":"<p class=\"p2\">Com 2 modelos, o CALYPSO DP.AG, especificamente concebido para o Agilent 6400 &amp; 6500, para satisfazer os requisitos de secagem, bainha, nebuliza\u00e7\u00e3o, g\u00e1s de colis\u00e3o. O CALYPSO DP.AG fornece duas purezas diferentes de azoto a partir de uma \u00fanica unidade &#8220;plug &amp; play&#8221;.<\/p>\n<p class=\"p2\">O CALYPSO DP.AG est\u00e1 dispon\u00edvel com um compressor de ar isento de \u00f3leo integrado, utilizando o modo <strong><span class=\"s2\">modo de tecnologia de poupan\u00e7a de energia (EST)<\/span><\/strong>. \u00c9 extremamente compacto e tem um funcionamento silencioso.<\/p>\n<p class=\"p2\">O gerador \u00e9 controlado utilizando a mais recente tecnologia de ecr\u00e3 t\u00e1til a cores para apresentar o processo em tempo real, as press\u00f5es de entrada\/sa\u00edda, os fluxos de N2 e o estado do sistema com acesso remoto para controlo de diagn\u00f3stico.<\/p>\n<p class=\"p3\">Utiliza a filtragem tripla inteligente e a tecnologia avan\u00e7ada PSA de separa\u00e7\u00e3o de azoto e oxig\u00e9nio para produzir g\u00e1s de azoto de alta qualidade a pedido, 24 horas por dia, 7 dias por semana.<\/p>\n","protected":false},"excerpt":{"rendered":"<p class=\"p2\">Com 2 modelos, o CALYPSO DP.AG, especificamente concebido para o Agilent 6400 &amp; 6500, para satisfazer os requisitos de secagem, bainha, nebuliza\u00e7\u00e3o, g\u00e1s de colis\u00e3o. O CALYPSO DP.AG fornece duas purezas diferentes de azoto a partir de uma \u00fanica unidade &#8220;plug &amp; play&#8221;.<span class=\"Apple-converted-space\"> <\/span><\/p>\n<p class=\"p2\">O CALYPSO DP.AG est\u00e1 dispon\u00edvel com um compressor de ar isento de \u00f3leo integrado, utilizando o <span class=\"s2\">modo de tecnologia de poupan\u00e7a de energia (EST)<\/span>. \u00c9 extremamente compacto e tem um funcionamento silencioso.<span class=\"Apple-converted-space\"> <\/span><\/p>\n<p class=\"p2\">O gerador \u00e9 controlado utilizando a mais recente tecnologia de ecr\u00e3 t\u00e1til a cores para apresentar o processo em tempo real, as press\u00f5es de entrada\/sa\u00edda, os fluxos de N2 e o estado do sistema com acesso remoto para controlo de diagn\u00f3stico.<span class=\"Apple-converted-space\"> <\/span><\/p>\n<p class=\"p3\">Utiliza a <span class=\"s2\">filtragem tripla inteligente e a tecnologia avan\u00e7ada PSA <\/span>de separa\u00e7\u00e3o de azoto e oxig\u00e9nio para produzir g\u00e1s de azoto de alta qualidade a pedido, 24 horas por dia, 7 dias por semana.<span class=\"Apple-converted-space\"> <\/span><\/p>\n","protected":false},"featured_media":13840,"comment_status":"closed","ping_status":"closed","template":"","meta":[],"product_cat":[337],"product_tag":[332],"class_list":{"0":"post-13839","1":"product","2":"type-product","3":"status-publish","4":"has-post-thumbnail","6":"product_cat-geradores-de-nitrogenio-para-laboratorio","7":"product_tag-lc-ms-ms-pt-pt","9":"first","10":"instock","11":"shipping-taxable","12":"product-type-simple"},"_links":{"self":[{"href":"https:\/\/www.f-dgs.com\/pt-pt\/wp-json\/wp\/v2\/product\/13839","targetHints":{"allow":["GET"]}}],"collection":[{"href":"https:\/\/www.f-dgs.com\/pt-pt\/wp-json\/wp\/v2\/product"}],"about":[{"href":"https:\/\/www.f-dgs.com\/pt-pt\/wp-json\/wp\/v2\/types\/product"}],"replies":[{"embeddable":true,"href":"https:\/\/www.f-dgs.com\/pt-pt\/wp-json\/wp\/v2\/comments?post=13839"}],"wp:featuredmedia":[{"embeddable":true,"href":"https:\/\/www.f-dgs.com\/pt-pt\/wp-json\/wp\/v2\/media\/13840"}],"wp:attachment":[{"href":"https:\/\/www.f-dgs.com\/pt-pt\/wp-json\/wp\/v2\/media?parent=13839"}],"wp:term":[{"taxonomy":"product_cat","embeddable":true,"href":"https:\/\/www.f-dgs.com\/pt-pt\/wp-json\/wp\/v2\/product_cat?post=13839"},{"taxonomy":"product_tag","embeddable":true,"href":"https:\/\/www.f-dgs.com\/pt-pt\/wp-json\/wp\/v2\/product_tag?post=13839"}],"curies":[{"name":"wp","href":"https:\/\/api.w.org\/{rel}","templated":true}]}}