{"id":13833,"date":"2022-03-07T11:35:03","date_gmt":"2022-03-07T10:35:03","guid":{"rendered":"https:\/\/www.f-dgs.com\/product\/sem categoria\/gerador-de-gas-nitrogenio-calypso\/"},"modified":"2022-03-07T11:35:03","modified_gmt":"2022-03-07T10:35:03","slug":"gerador-de-gas-nitrogenio-calypso","status":"publish","type":"product","link":"https:\/\/www.f-dgs.com\/pt-pt\/product\/geradores-de-nitrogenio-para-laboratorio\/gerador-de-gas-nitrogenio-calypso\/","title":{"rendered":"Gerador de g\u00e1s nitrog\u00e9nio CALYPSO"},"content":{"rendered":"<p class=\"p2\">Com 5 modelos, de 15 L\/min a 70 L\/min, a gama CALYPSO Nitrogen fornece uma solu\u00e7\u00e3o de azoto para instrumentos LCMS com uma press\u00e3o de aumento de 8 bar (116 psi).<\/p>\n<p class=\"p2\">O CALYPSO est\u00e1 dispon\u00edvel sem ou com compressor de ar isento de \u00f3leo integrado, utilizando o modo de tecnologia de poupan\u00e7a de energia (EST). \u00c9 extremamente compacto e tem um funcionamento silencioso.<\/p>\n<p class=\"p2\">O gerador \u00e9 controlado utilizando a mais recente tecnologia de ecr\u00e3 t\u00e1til a cores para apresentar o processo em tempo real, a press\u00e3o de entrada\/sa\u00edda, o fluxo de N2 e o estado do sistema com acesso remoto para controlo de diagn\u00f3stico.<\/p>\n<p class=\"p3\">Utiliza a filtragem tripla inteligente e a tecnologia avan\u00e7ada PSA de separa\u00e7\u00e3o de azoto e oxig\u00e9nio para produzir g\u00e1s de azoto de alta qualidade a pedido, 24 horas por dia, 7 dias por semana.<\/p>\n","protected":false},"excerpt":{"rendered":"<p class=\"p2\"><span class=\"s1\"><span class=\"Apple-converted-space\"> <\/span><\/span>Com 5 modelos, de 15 L\/min a 70 L\/min, a gama CALYPSO Nitrogen fornece uma solu\u00e7\u00e3o de azoto para instrumentos LCMS com uma press\u00e3o de aumento de 8 bar (116 psi).<span class=\"Apple-converted-space\"> <\/span><\/p>\n<p class=\"p2\">O CALYPSO est\u00e1 dispon\u00edvel sem ou com compressor de ar isento de \u00f3leo integrado, utilizando o <span class=\"s2\">modo de tecnologia de poupan\u00e7a de energia (EST)<\/span>. \u00c9 extremamente compacto e tem um funcionamento silencioso.<span class=\"Apple-converted-space\"> <\/span><\/p>\n<p class=\"p2\">O gerador \u00e9 controlado utilizando a mais recente tecnologia de ecr\u00e3 t\u00e1til a cores para apresentar o processo em tempo real, a press\u00e3o de entrada\/sa\u00edda, o fluxo de N2 e o estado do sistema com acesso remoto para controlo de diagn\u00f3stico.<span class=\"Apple-converted-space\"> <\/span><\/p>\n<p class=\"p3\">Utiliza a <span class=\"s2\">filtragem tripla inteligente e a tecnologia avan\u00e7ada PSA <\/span>de separa\u00e7\u00e3o de azoto e oxig\u00e9nio para produzir g\u00e1s de azoto de alta qualidade a pedido, 24 horas por dia, 7 dias por semana.<span class=\"Apple-converted-space\"> <\/span><\/p>\n","protected":false},"featured_media":13834,"comment_status":"closed","ping_status":"closed","template":"","meta":[],"product_cat":[337],"product_tag":[332],"class_list":{"0":"post-13833","1":"product","2":"type-product","3":"status-publish","4":"has-post-thumbnail","6":"product_cat-geradores-de-nitrogenio-para-laboratorio","7":"product_tag-lc-ms-ms-pt-pt","9":"first","10":"instock","11":"shipping-taxable","12":"product-type-simple"},"_links":{"self":[{"href":"https:\/\/www.f-dgs.com\/pt-pt\/wp-json\/wp\/v2\/product\/13833","targetHints":{"allow":["GET"]}}],"collection":[{"href":"https:\/\/www.f-dgs.com\/pt-pt\/wp-json\/wp\/v2\/product"}],"about":[{"href":"https:\/\/www.f-dgs.com\/pt-pt\/wp-json\/wp\/v2\/types\/product"}],"replies":[{"embeddable":true,"href":"https:\/\/www.f-dgs.com\/pt-pt\/wp-json\/wp\/v2\/comments?post=13833"}],"wp:featuredmedia":[{"embeddable":true,"href":"https:\/\/www.f-dgs.com\/pt-pt\/wp-json\/wp\/v2\/media\/13834"}],"wp:attachment":[{"href":"https:\/\/www.f-dgs.com\/pt-pt\/wp-json\/wp\/v2\/media?parent=13833"}],"wp:term":[{"taxonomy":"product_cat","embeddable":true,"href":"https:\/\/www.f-dgs.com\/pt-pt\/wp-json\/wp\/v2\/product_cat?post=13833"},{"taxonomy":"product_tag","embeddable":true,"href":"https:\/\/www.f-dgs.com\/pt-pt\/wp-json\/wp\/v2\/product_tag?post=13833"}],"curies":[{"name":"wp","href":"https:\/\/api.w.org\/{rel}","templated":true}]}}