{"id":13821,"date":"2022-04-27T21:25:44","date_gmt":"2022-04-27T19:25:44","guid":{"rendered":"https:\/\/www.f-dgs.com\/product\/sem categoria\/gerador-de-nitrogenio-z-neso\/"},"modified":"2022-04-27T21:25:44","modified_gmt":"2022-04-27T19:25:44","slug":"gerador-de-nitrogenio-z-neso","status":"publish","type":"product","link":"https:\/\/www.f-dgs.com\/pt-pt\/product\/geradores-de-nitrogenio-para-laboratorio\/gerador-de-nitrogenio-z-neso\/","title":{"rendered":"Gerador de nitrog\u00e9nio Z.NESO"},"content":{"rendered":"<p class=\"p2\">Com 3 modelos, de 1 l\/min a 5 l\/min, a gama de nitrog\u00e9nio Z.NESO fornece uma solu\u00e7\u00e3o de nitrog\u00e9nio de alta pureza para instrumentos GC\/ICP\/TOC.<span class=\"Apple-converted-space\"> <\/span><\/p>\n<p class=\"p2\">No caso do Z.NESO, um catalisador aquecido oxida o CH4 do fluxo de g\u00e1s de azoto, proporcionando azoto zero com hidrocarbonetos totais inferiores a 0,05 ppm.<span class=\"Apple-converted-space\"> <\/span><\/p>\n<p class=\"p2\">O Z.NESO est\u00e1 dispon\u00edvel sem ou com compressor de ar isento de \u00f3leo integrado, utilizando o <span class=\"s2\">modo de tecnologia de poupan\u00e7a de energia (EST)<\/span>. \u00c9 extremamente compacto e tem um funcionamento silencioso.<span class=\"Apple-converted-space\"> <\/span><\/p>\n<p class=\"p2\">O gerador \u00e9 controlado utilizando a mais recente tecnologia de ecr\u00e3 t\u00e1til a cores para apresentar o processo em tempo real, a press\u00e3o de entrada\/sa\u00edda, o fluxo de N2 e o estado do sistema com acesso remoto para controlo de diagn\u00f3stico.<span class=\"Apple-converted-space\"> <\/span><\/p>\n<p class=\"p3\">Utiliza <span class=\"s2\">tecnologia avan\u00e7ada PSA <\/span>de separa\u00e7\u00e3o de azoto e oxig\u00e9nio para produzir g\u00e1s de azoto de alta qualidade a pedido, 24 horas por dia, 7 dias por semana.<span class=\"Apple-converted-space\"> <\/span><\/p>\n","protected":false},"excerpt":{"rendered":"<p>Com 3 modelos, de 1 l\/min a 5 l\/min, a gama de nitrog\u00e9nio Z.NESO fornece uma solu\u00e7\u00e3o de nitrog\u00e9nio de alta pureza para instrumentos GC\/ICP\/TOC. No caso do Z.NESO, um catalisador aquecido oxida o CH4 do fluxo de g\u00e1s de azoto, proporcionando azoto zero com hidrocarbonetos totais inferiores a 0,05 ppm. O Z.NESO est\u00e1 dispon\u00edvel [&hellip;]<\/p>\n","protected":false},"featured_media":13824,"comment_status":"open","ping_status":"closed","template":"","meta":[],"product_cat":[337],"product_tag":[358],"class_list":{"0":"post-13821","1":"product","2":"type-product","3":"status-publish","4":"has-post-thumbnail","6":"product_cat-geradores-de-nitrogenio-para-laboratorio","7":"product_tag-gc-e-gc-ms","9":"first","10":"instock","11":"shipping-taxable","12":"product-type-simple"},"_links":{"self":[{"href":"https:\/\/www.f-dgs.com\/pt-pt\/wp-json\/wp\/v2\/product\/13821","targetHints":{"allow":["GET"]}}],"collection":[{"href":"https:\/\/www.f-dgs.com\/pt-pt\/wp-json\/wp\/v2\/product"}],"about":[{"href":"https:\/\/www.f-dgs.com\/pt-pt\/wp-json\/wp\/v2\/types\/product"}],"replies":[{"embeddable":true,"href":"https:\/\/www.f-dgs.com\/pt-pt\/wp-json\/wp\/v2\/comments?post=13821"}],"wp:featuredmedia":[{"embeddable":true,"href":"https:\/\/www.f-dgs.com\/pt-pt\/wp-json\/wp\/v2\/media\/13824"}],"wp:attachment":[{"href":"https:\/\/www.f-dgs.com\/pt-pt\/wp-json\/wp\/v2\/media?parent=13821"}],"wp:term":[{"taxonomy":"product_cat","embeddable":true,"href":"https:\/\/www.f-dgs.com\/pt-pt\/wp-json\/wp\/v2\/product_cat?post=13821"},{"taxonomy":"product_tag","embeddable":true,"href":"https:\/\/www.f-dgs.com\/pt-pt\/wp-json\/wp\/v2\/product_tag?post=13821"}],"curies":[{"name":"wp","href":"https:\/\/api.w.org\/{rel}","templated":true}]}}