{"id":13811,"date":"2022-05-17T00:38:26","date_gmt":"2022-05-16T22:38:26","guid":{"rendered":"https:\/\/www.f-dgs.com\/product\/sem categoria\/gerador-de-ar-de-nitrogenio-combinado-themisto-mp\/"},"modified":"2022-05-17T00:38:26","modified_gmt":"2022-05-16T22:38:26","slug":"gerador-de-ar-de-nitrogenio-combinado-themisto-mp","status":"publish","type":"product","link":"https:\/\/www.f-dgs.com\/pt-pt\/product\/geradores-combinados-de-azoto-ar\/gerador-de-ar-de-nitrogenio-combinado-themisto-mp\/","title":{"rendered":"Gerador de ar de nitrog\u00e9nio combinado THEMISTO MP"},"content":{"rendered":"<p class=\"p2\">O gerador de fluxo duplo THEMISTO MP foi especificamente concebido para satisfazer as necessidades de azoto para purga do monocromador de g\u00e1s de suporte de plasma e fornecimento de ar para g\u00e1s POP ou purga de ar do monocromador para o instrumento MP-AES.<span class=\"Apple-converted-space\"> <\/span><\/p>\n<p class=\"p3\">O THEMISTO MP tem dois modos de funcionamento:<span class=\"Apple-converted-space\"><br \/>\n<\/span>25 L\/min de N2 a 99,5% para an\u00e1lise org\u00e2nica ou 10 L\/min de N2 a 99,95% para an\u00e1lise de enxofre com um fornecimento de ar de apoio de at\u00e9 36,5 L\/min.<span class=\"Apple-converted-space\"> <\/span><\/p>\n<p class=\"p2\">O THEMISTO MP est\u00e1 dispon\u00edvel com um compressor de ar isento de \u00f3leo integrado que utiliza o <span class=\"s2\">modo de tecnologia de poupan\u00e7a de energia (EST)<\/span>. Equipado com um sensor de oxig\u00e9nio, o THEMISTO MP alerta-te quando a pureza do N2 for atingida.<span class=\"Apple-converted-space\"> <\/span><\/p>\n<p class=\"p4\">O Gerador \u00e9 controlado utilizando a mais recente tecnologia de ecr\u00e3 t\u00e1til a cores para apresentar o processo em tempo real, as press\u00f5es de entrada\/sa\u00edda e o estado do sistema com acesso remoto para controlo de diagn\u00f3stico.<span class=\"Apple-converted-space\"> <\/span><\/p>\n","protected":false},"excerpt":{"rendered":"<p>O gerador de fluxo duplo THEMISTO MP foi especificamente concebido para satisfazer as necessidades de azoto para purga do monocromador de g\u00e1s de suporte de plasma e fornecimento de ar para g\u00e1s POP ou purga de ar do monocromador para o instrumento MP-AES. O THEMISTO MP tem dois modos de funcionamento: 25 L\/min de N2 [&hellip;]<\/p>\n","protected":false},"featured_media":13813,"comment_status":"open","ping_status":"closed","template":"","meta":[],"product_cat":[328],"product_tag":[356],"class_list":{"0":"post-13811","1":"product","2":"type-product","3":"status-publish","4":"has-post-thumbnail","6":"product_cat-geradores-combinados-de-azoto-ar","7":"product_tag-mp-aes-pt-pt","9":"first","10":"instock","11":"shipping-taxable","12":"product-type-simple"},"_links":{"self":[{"href":"https:\/\/www.f-dgs.com\/pt-pt\/wp-json\/wp\/v2\/product\/13811","targetHints":{"allow":["GET"]}}],"collection":[{"href":"https:\/\/www.f-dgs.com\/pt-pt\/wp-json\/wp\/v2\/product"}],"about":[{"href":"https:\/\/www.f-dgs.com\/pt-pt\/wp-json\/wp\/v2\/types\/product"}],"replies":[{"embeddable":true,"href":"https:\/\/www.f-dgs.com\/pt-pt\/wp-json\/wp\/v2\/comments?post=13811"}],"wp:featuredmedia":[{"embeddable":true,"href":"https:\/\/www.f-dgs.com\/pt-pt\/wp-json\/wp\/v2\/media\/13813"}],"wp:attachment":[{"href":"https:\/\/www.f-dgs.com\/pt-pt\/wp-json\/wp\/v2\/media?parent=13811"}],"wp:term":[{"taxonomy":"product_cat","embeddable":true,"href":"https:\/\/www.f-dgs.com\/pt-pt\/wp-json\/wp\/v2\/product_cat?post=13811"},{"taxonomy":"product_tag","embeddable":true,"href":"https:\/\/www.f-dgs.com\/pt-pt\/wp-json\/wp\/v2\/product_tag?post=13811"}],"curies":[{"name":"wp","href":"https:\/\/api.w.org\/{rel}","templated":true}]}}