{"id":13797,"date":"2022-05-17T00:33:12","date_gmt":"2022-05-16T22:33:12","guid":{"rendered":"https:\/\/www.f-dgs.com\/product\/sem categoria\/gerador-de-ar-de-nitrogenio-combinado-prospero\/"},"modified":"2022-05-17T00:33:12","modified_gmt":"2022-05-16T22:33:12","slug":"gerador-de-ar-de-nitrogenio-combinado-prospero","status":"publish","type":"product","link":"https:\/\/www.f-dgs.com\/pt-pt\/product\/geradores-combinados-de-azoto-ar\/gerador-de-ar-de-nitrogenio-combinado-prospero\/","title":{"rendered":"Gerador de ar de nitrog\u00e9nio combinado PROSPERO"},"content":{"rendered":"<p class=\"p2\">A combina\u00e7\u00e3o Azoto\/Ar fornece um fluxo cont\u00ednuo de azoto gasoso de elevada pureza (&gt; 99,9995%) e ar de grau de purifica\u00e7\u00e3o com teor de hidrocarbonetos (&lt; 0,1 ppm), ideal para aplica\u00e7\u00f5es como g\u00e1s de transporte GC, GC-Make up e GC-FID.<span class=\"Apple-converted-space\"> <\/span><\/p>\n<p class=\"p2\">O PROSPERO est\u00e1 dispon\u00edvel sem ou com compressor de ar isento de \u00f3leo integrado, utilizando o <span class=\"s2\">modo de tecnologia de poupan\u00e7a de energia (EST)<\/span>. \u00c9 extremamente compacto e tem um funcionamento silencioso.<span class=\"Apple-converted-space\"> <\/span><\/p>\n<p class=\"p2\">O gerador \u00e9 controlado utilizando a mais recente tecnologia de ecr\u00e3 t\u00e1til a cores para apresentar o processo em tempo real, a press\u00e3o de entrada\/sa\u00edda, o fluxo de N2 e o estado do sistema com acesso remoto para controlo de diagn\u00f3stico.<span class=\"Apple-converted-space\"> <\/span><\/p>\n<p class=\"p3\">Utiliza <span class=\"s2\">tecnologia avan\u00e7ada PSA <\/span>de separa\u00e7\u00e3o de azoto e O2 para produzir g\u00e1s de azoto de alta qualidade e coluna de alumina activada para produzir ar purificado a pedido 24\/7.<\/p>\n","protected":false},"excerpt":{"rendered":"<p>A combina\u00e7\u00e3o Azoto\/Ar fornece um fluxo cont\u00ednuo de azoto gasoso de elevada pureza (&gt; 99,9995%) e ar de grau de purifica\u00e7\u00e3o com teor de hidrocarbonetos (&lt; 0,1 ppm), ideal para aplica\u00e7\u00f5es como g\u00e1s de transporte GC, GC-Make up e GC-FID. O PROSPERO est\u00e1 dispon\u00edvel sem ou com compressor de ar isento de \u00f3leo integrado, utilizando [&hellip;]<\/p>\n","protected":false},"featured_media":13799,"comment_status":"open","ping_status":"closed","template":"","meta":[],"product_cat":[328],"product_tag":[300],"class_list":{"0":"post-13797","1":"product","2":"type-product","3":"status-publish","4":"has-post-thumbnail","6":"product_cat-geradores-combinados-de-azoto-ar","7":"product_tag-cg","9":"first","10":"instock","11":"shipping-taxable","12":"product-type-simple"},"_links":{"self":[{"href":"https:\/\/www.f-dgs.com\/pt-pt\/wp-json\/wp\/v2\/product\/13797","targetHints":{"allow":["GET"]}}],"collection":[{"href":"https:\/\/www.f-dgs.com\/pt-pt\/wp-json\/wp\/v2\/product"}],"about":[{"href":"https:\/\/www.f-dgs.com\/pt-pt\/wp-json\/wp\/v2\/types\/product"}],"replies":[{"embeddable":true,"href":"https:\/\/www.f-dgs.com\/pt-pt\/wp-json\/wp\/v2\/comments?post=13797"}],"wp:featuredmedia":[{"embeddable":true,"href":"https:\/\/www.f-dgs.com\/pt-pt\/wp-json\/wp\/v2\/media\/13799"}],"wp:attachment":[{"href":"https:\/\/www.f-dgs.com\/pt-pt\/wp-json\/wp\/v2\/media?parent=13797"}],"wp:term":[{"taxonomy":"product_cat","embeddable":true,"href":"https:\/\/www.f-dgs.com\/pt-pt\/wp-json\/wp\/v2\/product_cat?post=13797"},{"taxonomy":"product_tag","embeddable":true,"href":"https:\/\/www.f-dgs.com\/pt-pt\/wp-json\/wp\/v2\/product_tag?post=13797"}],"curies":[{"name":"wp","href":"https:\/\/api.w.org\/{rel}","templated":true}]}}