{"id":13793,"date":"2022-05-17T00:26:43","date_gmt":"2022-05-16T22:26:43","guid":{"rendered":"https:\/\/www.f-dgs.com\/product\/sem categoria\/calypso-3g-sc-gerador-combinado-de-ar-e-azoto\/"},"modified":"2022-05-17T00:26:43","modified_gmt":"2022-05-16T22:26:43","slug":"calypso-3g-sc-gerador-combinado-de-ar-e-azoto","status":"publish","type":"product","link":"https:\/\/www.f-dgs.com\/pt-pt\/product\/geradores-combinados-de-azoto-ar\/calypso-3g-sc-gerador-combinado-de-ar-e-azoto\/","title":{"rendered":"CALYPSO 3G.SC Gerador combinado de ar e azoto"},"content":{"rendered":"<p class=\"p2\">O gerador Triple Flow foi especificamente concebido para satisfazer as necessidades de azoto e ar seco para fornecer gases de cortina, fonte e exaust\u00e3o aos instrumentos LC-MS da Sciex, incluindo o sistema QTOF da s\u00e9rie X5000, com caudais mais elevados do que o CALYPSO.3G\/1.HF.SC<span class=\"Apple-converted-space\"> <\/span><\/p>\n<p class=\"p2\">O nitrog\u00e9nio \u00e9 produzido por adsor\u00e7\u00e3o por oscila\u00e7\u00e3o de press\u00e3o (PSA) para remover o oxig\u00e9nio, o di\u00f3xido de carbono e a \u00e1gua do ar comprimido. O ar purificado \u00e9 produzido atrav\u00e9s de um secador de ar de membrana.<span class=\"Apple-converted-space\"> <\/span><\/p>\n<p class=\"p2\">O gerador \u00e9 constru\u00eddo com compressores de ar internos como padr\u00e3o, e \u00e9 extremamente silencioso em opera\u00e7\u00e3o.<span class=\"Apple-converted-space\"> <\/span><\/p>\n<p class=\"p3\">O gerador \u00e9 controlado utilizando a mais recente tecnologia de ecr\u00e3 t\u00e1til a cores para apresentar o processo em tempo real, a press\u00e3o de entrada\/sa\u00edda, o fluxo de N2\/ar e o estado do sistema com acesso remoto para controlo de diagn\u00f3stico.<span class=\"Apple-converted-space\"> <\/span><\/p>\n","protected":false},"excerpt":{"rendered":"<p>O gerador Triple Flow foi especificamente concebido para satisfazer as necessidades de azoto e ar seco para fornecer gases de cortina, fonte e exaust\u00e3o aos instrumentos LC-MS da Sciex, incluindo o sistema QTOF da s\u00e9rie X5000, com caudais mais elevados do que o CALYPSO.3G\/1.HF.SC O nitrog\u00e9nio \u00e9 produzido por adsor\u00e7\u00e3o por oscila\u00e7\u00e3o de press\u00e3o (PSA) [&hellip;]<\/p>\n","protected":false},"featured_media":13795,"comment_status":"open","ping_status":"closed","template":"","meta":[],"product_cat":[328],"product_tag":[332],"class_list":{"0":"post-13793","1":"product","2":"type-product","3":"status-publish","4":"has-post-thumbnail","6":"product_cat-geradores-combinados-de-azoto-ar","7":"product_tag-lc-ms-ms-pt-pt","9":"first","10":"instock","11":"shipping-taxable","12":"product-type-simple"},"_links":{"self":[{"href":"https:\/\/www.f-dgs.com\/pt-pt\/wp-json\/wp\/v2\/product\/13793","targetHints":{"allow":["GET"]}}],"collection":[{"href":"https:\/\/www.f-dgs.com\/pt-pt\/wp-json\/wp\/v2\/product"}],"about":[{"href":"https:\/\/www.f-dgs.com\/pt-pt\/wp-json\/wp\/v2\/types\/product"}],"replies":[{"embeddable":true,"href":"https:\/\/www.f-dgs.com\/pt-pt\/wp-json\/wp\/v2\/comments?post=13793"}],"wp:featuredmedia":[{"embeddable":true,"href":"https:\/\/www.f-dgs.com\/pt-pt\/wp-json\/wp\/v2\/media\/13795"}],"wp:attachment":[{"href":"https:\/\/www.f-dgs.com\/pt-pt\/wp-json\/wp\/v2\/media?parent=13793"}],"wp:term":[{"taxonomy":"product_cat","embeddable":true,"href":"https:\/\/www.f-dgs.com\/pt-pt\/wp-json\/wp\/v2\/product_cat?post=13793"},{"taxonomy":"product_tag","embeddable":true,"href":"https:\/\/www.f-dgs.com\/pt-pt\/wp-json\/wp\/v2\/product_tag?post=13793"}],"curies":[{"name":"wp","href":"https:\/\/api.w.org\/{rel}","templated":true}]}}