{"id":13790,"date":"2022-05-17T00:19:25","date_gmt":"2022-05-16T22:19:25","guid":{"rendered":"https:\/\/www.f-dgs.com\/product\/sem categoria\/calypso-2g-va-gerador-de-ar-de-nitrogenio-combinado\/"},"modified":"2022-05-17T00:19:25","modified_gmt":"2022-05-16T22:19:25","slug":"calypso-2g-va-gerador-de-ar-de-nitrogenio-combinado","status":"publish","type":"product","link":"https:\/\/www.f-dgs.com\/pt-pt\/product\/geradores-combinados-de-azoto-ar\/calypso-2g-va-gerador-de-ar-de-nitrogenio-combinado\/","title":{"rendered":"CALYPSO 2G.VA Gerador de ar de nitrog\u00e9nio combinado"},"content":{"rendered":"<p class=\"p2\">O CALYPSO 2G.VA \u00e9 um gerador de fluxo duplo adequado para utiliza\u00e7\u00e3o com ambos os modos de ioniza\u00e7\u00e3o dos instrumentos Varian LC\/MS. O gerador utiliza uma t\u00e9cnica de adsor\u00e7\u00e3o por oscila\u00e7\u00e3o de press\u00e3o para fornecer fluxos cont\u00ednuos de azoto e ar limpos e secos sem necessidade de purifica\u00e7\u00e3o secund\u00e1ria. Ao operar o LC\/MS no modo de ioniza\u00e7\u00e3o positiva, o azoto \u00e9 utilizado como g\u00e1s de secagem, auxiliar e de nebuliza\u00e7\u00e3o. O Gerador tamb\u00e9m produz ar limpo e seco para ser utilizado como g\u00e1s de nebuliza\u00e7\u00e3o no modo de ioniza\u00e7\u00e3o negativa.<span class=\"Apple-converted-space\"> <\/span><\/p>\n<p class=\"p2\">O gerador \u00e9 constru\u00eddo com compressores de ar internos como padr\u00e3o, e \u00e9 extremamente silencioso em opera\u00e7\u00e3o.<span class=\"Apple-converted-space\"> <\/span><\/p>\n<p class=\"p3\">O gerador \u00e9 controlado utilizando a mais recente tecnologia de ecr\u00e3 t\u00e1til a cores para apresentar o processo em tempo real, a press\u00e3o de entrada\/sa\u00edda, o fluxo de N2\/ar e o estado do sistema com acesso remoto para controlo de diagn\u00f3stico.<span class=\"Apple-converted-space\"> <\/span><\/p>\n","protected":false},"excerpt":{"rendered":"<p>O CALYPSO 2G.VA \u00e9 um gerador de fluxo duplo adequado para utiliza\u00e7\u00e3o com ambos os modos de ioniza\u00e7\u00e3o dos instrumentos Varian LC\/MS. O gerador utiliza uma t\u00e9cnica de adsor\u00e7\u00e3o por oscila\u00e7\u00e3o de press\u00e3o para fornecer fluxos cont\u00ednuos de azoto e ar limpos e secos sem necessidade de purifica\u00e7\u00e3o secund\u00e1ria. Ao operar o LC\/MS no modo [&hellip;]<\/p>\n","protected":false},"featured_media":13792,"comment_status":"open","ping_status":"closed","template":"","meta":[],"product_cat":[328],"product_tag":[],"class_list":{"0":"post-13790","1":"product","2":"type-product","3":"status-publish","4":"has-post-thumbnail","6":"product_cat-geradores-combinados-de-azoto-ar","8":"first","9":"instock","10":"shipping-taxable","11":"product-type-simple"},"_links":{"self":[{"href":"https:\/\/www.f-dgs.com\/pt-pt\/wp-json\/wp\/v2\/product\/13790","targetHints":{"allow":["GET"]}}],"collection":[{"href":"https:\/\/www.f-dgs.com\/pt-pt\/wp-json\/wp\/v2\/product"}],"about":[{"href":"https:\/\/www.f-dgs.com\/pt-pt\/wp-json\/wp\/v2\/types\/product"}],"replies":[{"embeddable":true,"href":"https:\/\/www.f-dgs.com\/pt-pt\/wp-json\/wp\/v2\/comments?post=13790"}],"wp:featuredmedia":[{"embeddable":true,"href":"https:\/\/www.f-dgs.com\/pt-pt\/wp-json\/wp\/v2\/media\/13792"}],"wp:attachment":[{"href":"https:\/\/www.f-dgs.com\/pt-pt\/wp-json\/wp\/v2\/media?parent=13790"}],"wp:term":[{"taxonomy":"product_cat","embeddable":true,"href":"https:\/\/www.f-dgs.com\/pt-pt\/wp-json\/wp\/v2\/product_cat?post=13790"},{"taxonomy":"product_tag","embeddable":true,"href":"https:\/\/www.f-dgs.com\/pt-pt\/wp-json\/wp\/v2\/product_tag?post=13790"}],"curies":[{"name":"wp","href":"https:\/\/api.w.org\/{rel}","templated":true}]}}