{"id":13777,"date":"2022-05-17T00:14:18","date_gmt":"2022-05-16T22:14:18","guid":{"rendered":"https:\/\/www.f-dgs.com\/product\/sem categoria\/calypso-2g-sh-gerador-de-ar-de-nitrogenio-combinado\/"},"modified":"2022-05-17T00:14:18","modified_gmt":"2022-05-16T22:14:18","slug":"calypso-2g-sh-gerador-de-ar-de-nitrogenio-combinado","status":"publish","type":"product","link":"https:\/\/www.f-dgs.com\/pt-pt\/product\/geradores-combinados-de-azoto-ar\/calypso-2g-sh-gerador-de-ar-de-nitrogenio-combinado\/","title":{"rendered":"CALYPSO 2G.SH Gerador de ar de nitrog\u00e9nio combinado"},"content":{"rendered":"<p class=\"p2\">O CALYPSO.2G\/1.SH \u00e9 um gerador de caudal duplo, especificamente concebido para satisfazer as necessidades de azoto e ar seco para alimentar o Shimadzu LCMS 8045, 8050, 8060, que permite aos utilizadores alterar a rela\u00e7\u00e3o do caudal de azoto e ar seco a partir do ecr\u00e3 t\u00e1til, de modo a que o caudal total seja de 25 L\/min, dividido entre azoto e ar seco.<span class=\"Apple-converted-space\"> <\/span><\/p>\n<p class=\"p2\">O CALYPSO.2G\/1.HF.SH foi concebido para fornecer maiores caudais de azoto e ar seco para o mais recente LCMS-9030 da Shimadzu, ou quando o LCMS 8045, 8050, 8060 \u00e9 operado no modo de fornecimento de g\u00e1s de caudal elevado.<span class=\"Apple-converted-space\"> <\/span><\/p>\n<p class=\"p2\">O gerador \u00e9 constru\u00eddo com compressores de ar internos como padr\u00e3o, e \u00e9 extremamente silencioso em opera\u00e7\u00e3o.<span class=\"Apple-converted-space\"> <\/span><\/p>\n<p class=\"p3\">O gerador \u00e9 controlado utilizando a mais recente tecnologia de ecr\u00e3 t\u00e1til a cores para apresentar o processo em tempo real, a press\u00e3o de entrada\/sa\u00edda, o fluxo de N2\/ar e o estado do sistema com acesso remoto para controlo de diagn\u00f3stico.<span class=\"Apple-converted-space\"> <\/span><\/p>\n","protected":false},"excerpt":{"rendered":"<p>O CALYPSO.2G\/1.SH \u00e9 um gerador de caudal duplo, especificamente concebido para satisfazer as necessidades de azoto e ar seco para alimentar o Shimadzu LCMS 8045, 8050, 8060, que permite aos utilizadores alterar a rela\u00e7\u00e3o do caudal de azoto e ar seco a partir do ecr\u00e3 t\u00e1til, de modo a que o caudal total seja de [&hellip;]<\/p>\n","protected":false},"featured_media":13780,"comment_status":"open","ping_status":"closed","template":"","meta":[],"product_cat":[328],"product_tag":[332],"class_list":{"0":"post-13777","1":"product","2":"type-product","3":"status-publish","4":"has-post-thumbnail","6":"product_cat-geradores-combinados-de-azoto-ar","7":"product_tag-lc-ms-ms-pt-pt","9":"first","10":"instock","11":"shipping-taxable","12":"product-type-simple"},"_links":{"self":[{"href":"https:\/\/www.f-dgs.com\/pt-pt\/wp-json\/wp\/v2\/product\/13777","targetHints":{"allow":["GET"]}}],"collection":[{"href":"https:\/\/www.f-dgs.com\/pt-pt\/wp-json\/wp\/v2\/product"}],"about":[{"href":"https:\/\/www.f-dgs.com\/pt-pt\/wp-json\/wp\/v2\/types\/product"}],"replies":[{"embeddable":true,"href":"https:\/\/www.f-dgs.com\/pt-pt\/wp-json\/wp\/v2\/comments?post=13777"}],"wp:featuredmedia":[{"embeddable":true,"href":"https:\/\/www.f-dgs.com\/pt-pt\/wp-json\/wp\/v2\/media\/13780"}],"wp:attachment":[{"href":"https:\/\/www.f-dgs.com\/pt-pt\/wp-json\/wp\/v2\/media?parent=13777"}],"wp:term":[{"taxonomy":"product_cat","embeddable":true,"href":"https:\/\/www.f-dgs.com\/pt-pt\/wp-json\/wp\/v2\/product_cat?post=13777"},{"taxonomy":"product_tag","embeddable":true,"href":"https:\/\/www.f-dgs.com\/pt-pt\/wp-json\/wp\/v2\/product_tag?post=13777"}],"curies":[{"name":"wp","href":"https:\/\/api.w.org\/{rel}","templated":true}]}}