{"id":13764,"date":"2022-05-17T00:09:46","date_gmt":"2022-05-16T22:09:46","guid":{"rendered":"https:\/\/www.f-dgs.com\/product\/sem categoria\/calypso-2g-pe-gerador-de-ar-de-nitrogenio-combinado\/"},"modified":"2022-05-17T00:09:46","modified_gmt":"2022-05-16T22:09:46","slug":"calypso-2g-pe-gerador-de-ar-de-nitrogenio-combinado","status":"publish","type":"product","link":"https:\/\/www.f-dgs.com\/pt-pt\/product\/geradores-combinados-de-azoto-ar\/calypso-2g-pe-gerador-de-ar-de-nitrogenio-combinado\/","title":{"rendered":"CALYPSO 2G.PE Gerador de ar de nitrog\u00e9nio combinado"},"content":{"rendered":"<p class=\"p2\">O CALYPSO.2G\/1.PE \u00e9 um gerador de fluxo duplo, que foi especificamente concebido para satisfazer as necessidades de azoto e ar seco para alimentar o Perkin Elmer LCMS QSIGHT.<span class=\"Apple-converted-space\"> <\/span><\/p>\n<p class=\"p2\">O CALYPSO.2G\/1.HF.PE foi concebido para fornecer maiores caudais de ar seco para o Perkin Elmer LCMS-QSIGHT quando \u00e9 utilizada a tecnologia de fonte dupla.<span class=\"Apple-converted-space\"> <\/span><\/p>\n<p class=\"p2\">O gerador \u00e9 constru\u00eddo com compressores de ar internos como padr\u00e3o, e \u00e9 extremamente silencioso em opera\u00e7\u00e3o.<span class=\"Apple-converted-space\"> <\/span><\/p>\n<p class=\"p3\">O gerador \u00e9 controlado utilizando a mais recente tecnologia de ecr\u00e3 t\u00e1til a cores para apresentar o processo em tempo real, a press\u00e3o de entrada\/sa\u00edda, o fluxo de N2\/ar e o estado do sistema com acesso remoto para controlo de diagn\u00f3stico.<span class=\"Apple-converted-space\"> <\/span><\/p>\n","protected":false},"excerpt":{"rendered":"<p>O CALYPSO.2G\/1.PE \u00e9 um gerador de fluxo duplo, que foi especificamente concebido para satisfazer as necessidades de azoto e ar seco para alimentar o Perkin Elmer LCMS QSIGHT. O CALYPSO.2G\/1.HF.PE foi concebido para fornecer maiores caudais de ar seco para o Perkin Elmer LCMS-QSIGHT quando \u00e9 utilizada a tecnologia de fonte dupla. O gerador \u00e9 [&hellip;]<\/p>\n","protected":false},"featured_media":13766,"comment_status":"open","ping_status":"closed","template":"","meta":[],"product_cat":[328],"product_tag":[332],"class_list":{"0":"post-13764","1":"product","2":"type-product","3":"status-publish","4":"has-post-thumbnail","6":"product_cat-geradores-combinados-de-azoto-ar","7":"product_tag-lc-ms-ms-pt-pt","9":"first","10":"instock","11":"shipping-taxable","12":"product-type-simple"},"_links":{"self":[{"href":"https:\/\/www.f-dgs.com\/pt-pt\/wp-json\/wp\/v2\/product\/13764","targetHints":{"allow":["GET"]}}],"collection":[{"href":"https:\/\/www.f-dgs.com\/pt-pt\/wp-json\/wp\/v2\/product"}],"about":[{"href":"https:\/\/www.f-dgs.com\/pt-pt\/wp-json\/wp\/v2\/types\/product"}],"replies":[{"embeddable":true,"href":"https:\/\/www.f-dgs.com\/pt-pt\/wp-json\/wp\/v2\/comments?post=13764"}],"wp:featuredmedia":[{"embeddable":true,"href":"https:\/\/www.f-dgs.com\/pt-pt\/wp-json\/wp\/v2\/media\/13766"}],"wp:attachment":[{"href":"https:\/\/www.f-dgs.com\/pt-pt\/wp-json\/wp\/v2\/media?parent=13764"}],"wp:term":[{"taxonomy":"product_cat","embeddable":true,"href":"https:\/\/www.f-dgs.com\/pt-pt\/wp-json\/wp\/v2\/product_cat?post=13764"},{"taxonomy":"product_tag","embeddable":true,"href":"https:\/\/www.f-dgs.com\/pt-pt\/wp-json\/wp\/v2\/product_tag?post=13764"}],"curies":[{"name":"wp","href":"https:\/\/api.w.org\/{rel}","templated":true}]}}