{"id":13762,"date":"2022-05-09T22:50:30","date_gmt":"2022-05-09T20:50:30","guid":{"rendered":"https:\/\/www.f-dgs.com\/product\/sem%20categoria\/compressor-de-ar-cosmos\/"},"modified":"2024-07-20T13:24:42","modified_gmt":"2024-07-20T11:24:42","slug":"compressor-de-ar-cosmos","status":"publish","type":"product","link":"https:\/\/www.f-dgs.com\/pt-pt\/product\/producao-de-ar\/compressor-de-ar-cosmos\/","title":{"rendered":"COMPRESSOR DE AR COSMOS"},"content":{"rendered":"<p class=\"p2\">O Compressor de Ar COSMOS produz ar cont\u00ednuo, de alta qualidade, isento de \u00f3leo e pr\u00e9-seco.<\/p>\n<p class=\"p2\">O Compressor de Ar COSMOS \u00e9 a solu\u00e7\u00e3o ideal para fornecer ar comprimido a um Gerador de Ar Zero e Nitrog\u00e9nio, e para alimentar v\u00e1lvulas pneum\u00e1ticas ou outras aplica\u00e7\u00f5es no laborat\u00f3rio.<\/p>\n<p class=\"p2\">O compressor de ar COSMOS pode ser empilhado em qualquer pilha de geradores COSMOS H2, Zero Air e Nitrog\u00e9nio, normalmente como unidade de base &#8211; para lhe dar uma solu\u00e7\u00e3o completa de g\u00e1s de GC independente, mesmo quando n\u00e3o h\u00e1 fornecimento interno dispon\u00edvel.<\/p>\n<p class=\"p3\">Gra\u00e7as a um sistema \u00fanico de montagem do compressor, o compressor de ar COSMOS tamb\u00e9m se beneficia de baixo ru\u00eddo e vibra\u00e7\u00e3o, tornando-o relativamente silencioso em opera\u00e7\u00e3o dentro de um laborat\u00f3rio t\u00edpico.<\/p>\n","protected":false},"excerpt":{"rendered":"<p>O Compressor de Ar COSMOS produz ar cont\u00ednuo, de alta qualidade, isento de \u00f3leo e pr\u00e9-seco. O Compressor de Ar COSMOS \u00e9 a solu\u00e7\u00e3o ideal para fornecer ar comprimido a um Gerador de Ar Zero e Nitrog\u00e9nio, e para alimentar v\u00e1lvulas pneum\u00e1ticas ou outras aplica\u00e7\u00f5es no laborat\u00f3rio. O compressor de ar COSMOS pode ser empilhado [&hellip;]<\/p>\n","protected":false},"featured_media":13765,"comment_status":"closed","ping_status":"closed","template":"","meta":[],"product_cat":[351],"product_tag":[342,352],"class_list":{"0":"post-13762","1":"product","2":"type-product","3":"status-publish","4":"has-post-thumbnail","6":"product_cat-producao-de-ar","7":"product_tag-serie-cosmos-pt-pt","8":"product_tag-tecnologia-de-pistao-sem-oleo","10":"first","11":"instock","12":"shipping-taxable","13":"product-type-simple"},"_links":{"self":[{"href":"https:\/\/www.f-dgs.com\/pt-pt\/wp-json\/wp\/v2\/product\/13762","targetHints":{"allow":["GET"]}}],"collection":[{"href":"https:\/\/www.f-dgs.com\/pt-pt\/wp-json\/wp\/v2\/product"}],"about":[{"href":"https:\/\/www.f-dgs.com\/pt-pt\/wp-json\/wp\/v2\/types\/product"}],"replies":[{"embeddable":true,"href":"https:\/\/www.f-dgs.com\/pt-pt\/wp-json\/wp\/v2\/comments?post=13762"}],"wp:featuredmedia":[{"embeddable":true,"href":"https:\/\/www.f-dgs.com\/pt-pt\/wp-json\/wp\/v2\/media\/13765"}],"wp:attachment":[{"href":"https:\/\/www.f-dgs.com\/pt-pt\/wp-json\/wp\/v2\/media?parent=13762"}],"wp:term":[{"taxonomy":"product_cat","embeddable":true,"href":"https:\/\/www.f-dgs.com\/pt-pt\/wp-json\/wp\/v2\/product_cat?post=13762"},{"taxonomy":"product_tag","embeddable":true,"href":"https:\/\/www.f-dgs.com\/pt-pt\/wp-json\/wp\/v2\/product_tag?post=13762"}],"curies":[{"name":"wp","href":"https:\/\/api.w.org\/{rel}","templated":true}]}}