{"id":13747,"date":"2022-05-03T23:10:21","date_gmt":"2022-05-03T21:10:21","guid":{"rendered":"https:\/\/www.f-dgs.com\/product\/sem categoria\/deimos-co2-free-gerador-de-gas-de-ar\/"},"modified":"2022-05-03T23:10:21","modified_gmt":"2022-05-03T21:10:21","slug":"deimos-co2-free-gerador-de-gas-de-ar","status":"publish","type":"product","link":"https:\/\/www.f-dgs.com\/pt-pt\/product\/geradores-de-ar\/deimos-co2-free-gerador-de-gas-de-ar\/","title":{"rendered":"DEIMOS CO2.FREE Gerador de g\u00e1s de ar"},"content":{"rendered":"<p class=\"p2\">Os geradores de g\u00e1s de ar DEIMOS CO2.FREE da F-DGS foram especificamente concebidos para utiliza\u00e7\u00e3o com espectr\u00f3metros FT-IR para fornecer uma purga purificada e um fornecimento de g\u00e1s de suporte de ar a partir de ar comprimido.<span class=\"Apple-converted-space\"> <\/span><\/p>\n<p class=\"p2\">A unidade fornece aos instrumentos ar comprimido sem CO2 a um ponto de orvalho inferior a -70\u00b0C (-94\u00b0F), sem impurezas em suspens\u00e3o superiores a 0,01 m\u00edcron, 24 horas\/dia, 7 dias\/semana.<span class=\"Apple-converted-space\"> <\/span><\/p>\n<p class=\"p2\">O DEIMOS CO2.FREE est\u00e1 dispon\u00edvel com um compressor de ar sem \u00f3leo integrado, utilizando o <span class=\"s2\">modo de tecnologia de poupan\u00e7a de energia (EST)<\/span>. \u00c9 extremamente compacto e tem um funcionamento silencioso.<span class=\"Apple-converted-space\"> <\/span><\/p>\n<p class=\"p3\">O gerador \u00e9 controlado utilizando a mais recente tecnologia de ecr\u00e3 t\u00e1til a cores para apresentar o processo em tempo real, a press\u00e3o de entrada\/sa\u00edda, o fluxo de ar e o estado do sistema com acesso remoto para controlo de diagn\u00f3stico.<span class=\"Apple-converted-space\"> <\/span><\/p>\n","protected":false},"excerpt":{"rendered":"<p>Os geradores de g\u00e1s de ar DEIMOS CO2.FREE da F-DGS foram especificamente concebidos para utiliza\u00e7\u00e3o com espectr\u00f3metros FT-IR para fornecer uma purga purificada e um fornecimento de g\u00e1s de suporte de ar a partir de ar comprimido. A unidade fornece aos instrumentos ar comprimido sem CO2 a um ponto de orvalho inferior a -70\u00b0C (-94\u00b0F), [&hellip;]<\/p>\n","protected":false},"featured_media":13749,"comment_status":"closed","ping_status":"closed","template":"","meta":[],"product_cat":[299],"product_tag":[347],"class_list":{"0":"post-13747","1":"product","2":"type-product","3":"status-publish","4":"has-post-thumbnail","6":"product_cat-geradores-de-ar","7":"product_tag-ft-ir-pt-pt","9":"first","10":"instock","11":"shipping-taxable","12":"product-type-simple"},"_links":{"self":[{"href":"https:\/\/www.f-dgs.com\/pt-pt\/wp-json\/wp\/v2\/product\/13747","targetHints":{"allow":["GET"]}}],"collection":[{"href":"https:\/\/www.f-dgs.com\/pt-pt\/wp-json\/wp\/v2\/product"}],"about":[{"href":"https:\/\/www.f-dgs.com\/pt-pt\/wp-json\/wp\/v2\/types\/product"}],"replies":[{"embeddable":true,"href":"https:\/\/www.f-dgs.com\/pt-pt\/wp-json\/wp\/v2\/comments?post=13747"}],"wp:featuredmedia":[{"embeddable":true,"href":"https:\/\/www.f-dgs.com\/pt-pt\/wp-json\/wp\/v2\/media\/13749"}],"wp:attachment":[{"href":"https:\/\/www.f-dgs.com\/pt-pt\/wp-json\/wp\/v2\/media?parent=13747"}],"wp:term":[{"taxonomy":"product_cat","embeddable":true,"href":"https:\/\/www.f-dgs.com\/pt-pt\/wp-json\/wp\/v2\/product_cat?post=13747"},{"taxonomy":"product_tag","embeddable":true,"href":"https:\/\/www.f-dgs.com\/pt-pt\/wp-json\/wp\/v2\/product_tag?post=13747"}],"curies":[{"name":"wp","href":"https:\/\/api.w.org\/{rel}","templated":true}]}}