{"id":13737,"date":"2022-05-03T23:16:06","date_gmt":"2022-05-03T21:16:06","guid":{"rendered":"https:\/\/www.f-dgs.com\/product\/sem%20categoria\/gerador-cosmos-za-total-zero-air-total\/"},"modified":"2024-12-03T17:38:14","modified_gmt":"2024-12-03T16:38:14","slug":"cosmos-za-total","status":"publish","type":"product","link":"https:\/\/www.f-dgs.com\/pt-pt\/product\/geradores-de-ar\/cosmos-za-total\/","title":{"rendered":"COSMOS ZA.TOTAL Gerador Zero Air Total"},"content":{"rendered":"<p class=\"p2\">Os geradores COSMOS Zero Air Total produzem ar seco e isento de hidrocarbonetos, utilizando ar de compressores isentos de \u00f3leo, para ser utilizado como g\u00e1s detetor para GC. Os hidrocarbonetos e o CO s\u00e3o removidos com um forno catal\u00edtico cheio de pal\u00e1dio, a humidade e o CO2 s\u00e3o removidos com um sistema PSA de peneira molecular dupla, o NO \u00e9 removido com Purafil e outros componentes s\u00e3o removidos com um filtro de carv\u00e3o ativo. A redu\u00e7\u00e3o dos hidrocarbonetos, incluindo o metano e o mon\u00f3xido de carbono, diminui o n\u00edvel de ru\u00eddo de fundo e proporciona uma estabilidade de base muito melhor, aumentando consideravelmente a sensibilidade do detetor e garantindo resultados anal\u00edticos precisos.<\/p>\n<p class=\"p3\">Concebido a pensar na seguran\u00e7a e na comodidade, este sistema elimina a necessidade das inconvenientes botijas de g\u00e1s de alta press\u00e3o. Este sistema completo e pronto a utilizar foi concebido com componentes da mais elevada qualidade, \u00e9 f\u00e1cil de instalar e requer apenas uma manuten\u00e7\u00e3o anual m\u00ednima. O design ergon\u00f3mico, compacto e empilh\u00e1vel faz da s\u00e9rie Zero Air Total a solu\u00e7\u00e3o ideal para o fornecimento de g\u00e1s ao teu GC.<\/p>\n","protected":false},"excerpt":{"rendered":"<p>Os geradores COSMOS Zero Air Total produzem ar seco e isento de hidrocarbonetos, utilizando ar de compressores isentos de \u00f3leo, para ser utilizado como g\u00e1s detetor para GC. Os hidrocarbonetos e o CO s\u00e3o removidos com um forno catal\u00edtico cheio de pal\u00e1dio, a humidade e o CO2 s\u00e3o removidos com um sistema PSA de peneira [&hellip;]<\/p>\n","protected":false},"featured_media":13739,"comment_status":"closed","ping_status":"closed","template":"","meta":[],"product_cat":[299],"product_tag":[300],"class_list":{"0":"post-13737","1":"product","2":"type-product","3":"status-publish","4":"has-post-thumbnail","6":"product_cat-geradores-de-ar","7":"product_tag-cg","9":"first","10":"instock","11":"shipping-taxable","12":"product-type-simple"},"_links":{"self":[{"href":"https:\/\/www.f-dgs.com\/pt-pt\/wp-json\/wp\/v2\/product\/13737","targetHints":{"allow":["GET"]}}],"collection":[{"href":"https:\/\/www.f-dgs.com\/pt-pt\/wp-json\/wp\/v2\/product"}],"about":[{"href":"https:\/\/www.f-dgs.com\/pt-pt\/wp-json\/wp\/v2\/types\/product"}],"replies":[{"embeddable":true,"href":"https:\/\/www.f-dgs.com\/pt-pt\/wp-json\/wp\/v2\/comments?post=13737"}],"wp:featuredmedia":[{"embeddable":true,"href":"https:\/\/www.f-dgs.com\/pt-pt\/wp-json\/wp\/v2\/media\/13739"}],"wp:attachment":[{"href":"https:\/\/www.f-dgs.com\/pt-pt\/wp-json\/wp\/v2\/media?parent=13737"}],"wp:term":[{"taxonomy":"product_cat","embeddable":true,"href":"https:\/\/www.f-dgs.com\/pt-pt\/wp-json\/wp\/v2\/product_cat?post=13737"},{"taxonomy":"product_tag","embeddable":true,"href":"https:\/\/www.f-dgs.com\/pt-pt\/wp-json\/wp\/v2\/product_tag?post=13737"}],"curies":[{"name":"wp","href":"https:\/\/api.w.org\/{rel}","templated":true}]}}