{"id":13730,"date":"2022-05-03T22:55:23","date_gmt":"2022-05-03T20:55:23","guid":{"rendered":"https:\/\/www.f-dgs.com\/product\/sem categoria\/deimos-uza-total-gerador-de-ar-ultra-zero\/"},"modified":"2022-05-03T22:55:23","modified_gmt":"2022-05-03T20:55:23","slug":"deimos-uza-total-gerador-de-ar-ultra-zero","status":"publish","type":"product","link":"https:\/\/www.f-dgs.com\/pt-pt\/product\/geradores-de-ar\/deimos-uza-total-gerador-de-ar-ultra-zero\/","title":{"rendered":"DEIMOS UZA.TOTAL Gerador de ar ultra-zero"},"content":{"rendered":"<p class=\"p2\">Os geradores de ar ultra zero DEIMOS UZA.TOTAL da F-DGS s\u00e3o capazes de remover hidrocarbonetos totais a menos de 0,05 ppm e outros poluentes como H2O, CO2, CO, NOx, SO2.<span class=\"Apple-converted-space\"> <\/span><\/p>\n<p class=\"p2\">O CO e os THCs s\u00e3o removidos utilizando um catalisador aquecido.<span class=\"Apple-converted-space\"> <\/span><\/p>\n<p class=\"p2\">O H2O e o CO2 s\u00e3o removidos com um sistema PSA de peneira molecular dupla.<span class=\"Apple-converted-space\"> <\/span><\/p>\n<p class=\"p2\">O NOx \u00e9 removido com Purafil e o SO2 \u00e9 removido com um filtro de carv\u00e3o ativado.<span class=\"Apple-converted-space\"> <\/span><\/p>\n<p class=\"p2\">A DEIMOS UZA.TOTAL est\u00e1 dispon\u00edvel com um compressor de ar isento de \u00f3leo integrado, utilizando o <span class=\"s2\">modo de tecnologia de poupan\u00e7a de energia (EST)<\/span>. \u00c9 extremamente compacto e tem um funcionamento silencioso.<span class=\"Apple-converted-space\"> <\/span><\/p>\n<p class=\"p3\">O gerador \u00e9 controlado utilizando a mais recente tecnologia de ecr\u00e3 t\u00e1til a cores para apresentar o processo em tempo real, a press\u00e3o de entrada\/sa\u00edda, o fluxo de ar e o estado do sistema com acesso remoto para controlo de diagn\u00f3stico.<span class=\"Apple-converted-space\"> <\/span><\/p>\n","protected":false},"excerpt":{"rendered":"<p>Os geradores de ar ultra zero DEIMOS UZA.TOTAL da F-DGS s\u00e3o capazes de remover hidrocarbonetos totais a menos de 0,05 ppm e outros poluentes como H2O, CO2, CO, NOx, SO2. O CO e os THCs s\u00e3o removidos utilizando um catalisador aquecido. O H2O e o CO2 s\u00e3o removidos com um sistema PSA de peneira molecular [&hellip;]<\/p>\n","protected":false},"featured_media":13731,"comment_status":"closed","ping_status":"closed","template":"","meta":[],"product_cat":[299],"product_tag":[300],"class_list":{"0":"post-13730","1":"product","2":"type-product","3":"status-publish","4":"has-post-thumbnail","6":"product_cat-geradores-de-ar","7":"product_tag-cg","9":"first","10":"instock","11":"shipping-taxable","12":"product-type-simple"},"_links":{"self":[{"href":"https:\/\/www.f-dgs.com\/pt-pt\/wp-json\/wp\/v2\/product\/13730","targetHints":{"allow":["GET"]}}],"collection":[{"href":"https:\/\/www.f-dgs.com\/pt-pt\/wp-json\/wp\/v2\/product"}],"about":[{"href":"https:\/\/www.f-dgs.com\/pt-pt\/wp-json\/wp\/v2\/types\/product"}],"replies":[{"embeddable":true,"href":"https:\/\/www.f-dgs.com\/pt-pt\/wp-json\/wp\/v2\/comments?post=13730"}],"wp:featuredmedia":[{"embeddable":true,"href":"https:\/\/www.f-dgs.com\/pt-pt\/wp-json\/wp\/v2\/media\/13731"}],"wp:attachment":[{"href":"https:\/\/www.f-dgs.com\/pt-pt\/wp-json\/wp\/v2\/media?parent=13730"}],"wp:term":[{"taxonomy":"product_cat","embeddable":true,"href":"https:\/\/www.f-dgs.com\/pt-pt\/wp-json\/wp\/v2\/product_cat?post=13730"},{"taxonomy":"product_tag","embeddable":true,"href":"https:\/\/www.f-dgs.com\/pt-pt\/wp-json\/wp\/v2\/product_tag?post=13730"}],"curies":[{"name":"wp","href":"https:\/\/api.w.org\/{rel}","templated":true}]}}