{"id":13721,"date":"2022-05-03T23:03:23","date_gmt":"2022-05-03T21:03:23","guid":{"rendered":"https:\/\/www.f-dgs.com\/product\/sem categoria\/gerador-de-ar-ultra-zero-deimos-uza\/"},"modified":"2022-05-03T23:03:23","modified_gmt":"2022-05-03T21:03:23","slug":"gerador-de-ar-ultra-zero-deimos-uza","status":"publish","type":"product","link":"https:\/\/www.f-dgs.com\/pt-pt\/product\/geradores-de-ar\/gerador-de-ar-ultra-zero-deimos-uza\/","title":{"rendered":"Gerador de ar ultra-zero DEIMOS UZA"},"content":{"rendered":"<p class=\"p2\">Os geradores DEIMOS UZA Ultra Zero Air da F-DGS s\u00e3o alguns dos mais pequenos e eficientes sistemas de ar sem hidrocarbonetos para utiliza\u00e7\u00e3o em laborat\u00f3rio. Utiliza a tecnologia PSA para remover o vapor de \u00e1gua e a tecnologia de catalisador aquecido para remover o hidrocarboneto total inferior a 0,05 ppm.<span class=\"Apple-converted-space\"> <\/span><\/p>\n<p class=\"p2\">A DEIMOS UZA est\u00e1 dispon\u00edvel com um compressor de ar isento de \u00f3leo integrado, utilizando o <span class=\"s2\">modo de tecnologia de poupan\u00e7a de energia (EST)<\/span>. \u00c9 extremamente compacto e tem um funcionamento silencioso.<span class=\"Apple-converted-space\"> <\/span><\/p>\n<p class=\"p3\">O gerador \u00e9 controlado utilizando a mais recente tecnologia de ecr\u00e3 t\u00e1til a cores para apresentar o processo em tempo real, a press\u00e3o de entrada\/sa\u00edda, o fluxo de ar e o estado do sistema com acesso remoto para controlo de diagn\u00f3stico.<\/p>\n","protected":false},"excerpt":{"rendered":"<p>Os geradores DEIMOS UZA Ultra Zero Air da F-DGS s\u00e3o alguns dos mais pequenos e eficientes sistemas de ar sem hidrocarbonetos para utiliza\u00e7\u00e3o em laborat\u00f3rio. Utiliza a tecnologia PSA para remover o vapor de \u00e1gua e a tecnologia de catalisador aquecido para remover o hidrocarboneto total inferior a 0,05 ppm. A DEIMOS UZA est\u00e1 dispon\u00edvel [&hellip;]<\/p>\n","protected":false},"featured_media":13723,"comment_status":"closed","ping_status":"closed","template":"","meta":[],"product_cat":[299],"product_tag":[300],"class_list":{"0":"post-13721","1":"product","2":"type-product","3":"status-publish","4":"has-post-thumbnail","6":"product_cat-geradores-de-ar","7":"product_tag-cg","9":"first","10":"instock","11":"shipping-taxable","12":"product-type-simple"},"_links":{"self":[{"href":"https:\/\/www.f-dgs.com\/pt-pt\/wp-json\/wp\/v2\/product\/13721","targetHints":{"allow":["GET"]}}],"collection":[{"href":"https:\/\/www.f-dgs.com\/pt-pt\/wp-json\/wp\/v2\/product"}],"about":[{"href":"https:\/\/www.f-dgs.com\/pt-pt\/wp-json\/wp\/v2\/types\/product"}],"replies":[{"embeddable":true,"href":"https:\/\/www.f-dgs.com\/pt-pt\/wp-json\/wp\/v2\/comments?post=13721"}],"wp:featuredmedia":[{"embeddable":true,"href":"https:\/\/www.f-dgs.com\/pt-pt\/wp-json\/wp\/v2\/media\/13723"}],"wp:attachment":[{"href":"https:\/\/www.f-dgs.com\/pt-pt\/wp-json\/wp\/v2\/media?parent=13721"}],"wp:term":[{"taxonomy":"product_cat","embeddable":true,"href":"https:\/\/www.f-dgs.com\/pt-pt\/wp-json\/wp\/v2\/product_cat?post=13721"},{"taxonomy":"product_tag","embeddable":true,"href":"https:\/\/www.f-dgs.com\/pt-pt\/wp-json\/wp\/v2\/product_tag?post=13721"}],"curies":[{"name":"wp","href":"https:\/\/api.w.org\/{rel}","templated":true}]}}