{"id":13718,"date":"2022-04-27T21:58:21","date_gmt":"2022-04-27T19:58:21","guid":{"rendered":"https:\/\/www.f-dgs.com\/product\/sem%20categoria\/gerador-de-hidrogenio-cosmos-mf-h2\/"},"modified":"2024-07-20T11:02:24","modified_gmt":"2024-07-20T09:02:24","slug":"cosmos-mf-h2","status":"publish","type":"product","link":"https:\/\/www.f-dgs.com\/pt-pt\/product\/geradores-de-hidrogenio\/cosmos-mf-h2\/","title":{"rendered":"Gerador de hidrog\u00e9nio COSMOS MF.H2"},"content":{"rendered":"<p class=\"p2\">O gerador COSMOS MF.H2 foi concebido para g\u00e1s portador de GC e detectores que requerem g\u00e1s combust\u00edvel de hidrog\u00e9nio, tais como FID, FPD, NPD e TCD.<\/p>\n<p class=\"p2\">O g\u00e1s hidrog\u00e9nio \u00e9 produzido a partir de \u00e1gua desionizada utilizando a tecnologia <span class=\"s2\">exclusiva de membrana de permuta de prot\u00f5es (PEM) 100% tit\u00e2nio <\/span>, que proporciona uma fiabilidade muito elevada, uma nova vida \u00fatil mais longa e uma melhor pureza de H2.<\/p>\n<p class=\"p2\"><span class=\"s2\">O secador exclusivo de regenera\u00e7\u00e3o din\u00e2mica dupla a frio <\/span>\u00e9 completamente livre de manuten\u00e7\u00e3o e elimina todo o tempo de paragem para manuten\u00e7\u00e3o que \u00e9 t\u00edpico de outros sistemas no mercado, garantindo a melhor pureza do hidrog\u00e9nio 24 horas por dia.<\/p>\n<p class=\"p2\">A verifica\u00e7\u00e3o autom\u00e1tica de fugas internas no arranque das unidades e o controlo constante dos par\u00e2metros de funcionamento garantem a m\u00e1xima seguran\u00e7a.<\/p>\n<p class=\"p3\">A interface LCD com ecr\u00e3 t\u00e1til permite uma gest\u00e3o simples e f\u00e1cil de todas as fun\u00e7\u00f5es da unidade.<\/p>\n","protected":false},"excerpt":{"rendered":"<p>O gerador COSMOS MF.H2 foi concebido para g\u00e1s portador de GC e detectores que requerem g\u00e1s combust\u00edvel de hidrog\u00e9nio, tais como FID, FPD, NPD e TCD. O g\u00e1s hidrog\u00e9nio \u00e9 produzido a partir de \u00e1gua desionizada utilizando a tecnologia exclusiva de membrana de permuta de prot\u00f5es (PEM) 100% tit\u00e2nio , que proporciona uma fiabilidade muito [&hellip;]<\/p>\n","protected":false},"featured_media":13720,"comment_status":"closed","ping_status":"closed","template":"","meta":[],"product_cat":[298],"product_tag":[342],"class_list":{"0":"post-13718","1":"product","2":"type-product","3":"status-publish","4":"has-post-thumbnail","6":"product_cat-geradores-de-hidrogenio","7":"product_tag-serie-cosmos-pt-pt","9":"first","10":"instock","11":"shipping-taxable","12":"product-type-simple"},"_links":{"self":[{"href":"https:\/\/www.f-dgs.com\/pt-pt\/wp-json\/wp\/v2\/product\/13718","targetHints":{"allow":["GET"]}}],"collection":[{"href":"https:\/\/www.f-dgs.com\/pt-pt\/wp-json\/wp\/v2\/product"}],"about":[{"href":"https:\/\/www.f-dgs.com\/pt-pt\/wp-json\/wp\/v2\/types\/product"}],"replies":[{"embeddable":true,"href":"https:\/\/www.f-dgs.com\/pt-pt\/wp-json\/wp\/v2\/comments?post=13718"}],"wp:featuredmedia":[{"embeddable":true,"href":"https:\/\/www.f-dgs.com\/pt-pt\/wp-json\/wp\/v2\/media\/13720"}],"wp:attachment":[{"href":"https:\/\/www.f-dgs.com\/pt-pt\/wp-json\/wp\/v2\/media?parent=13718"}],"wp:term":[{"taxonomy":"product_cat","embeddable":true,"href":"https:\/\/www.f-dgs.com\/pt-pt\/wp-json\/wp\/v2\/product_cat?post=13718"},{"taxonomy":"product_tag","embeddable":true,"href":"https:\/\/www.f-dgs.com\/pt-pt\/wp-json\/wp\/v2\/product_tag?post=13718"}],"curies":[{"name":"wp","href":"https:\/\/api.w.org\/{rel}","templated":true}]}}