{"id":13701,"date":"2022-04-27T21:40:51","date_gmt":"2022-04-27T19:40:51","guid":{"rendered":"https:\/\/www.f-dgs.com\/product\/sem categoria\/gerador-de-nitrogenio-zephyr\/"},"modified":"2022-04-27T21:40:51","modified_gmt":"2022-04-27T19:40:51","slug":"gerador-de-nitrogenio-zephyr","status":"publish","type":"product","link":"https:\/\/www.f-dgs.com\/pt-pt\/product\/geradores-de-nitrogenio-para-laboratorio\/gerador-de-nitrogenio-zephyr\/","title":{"rendered":"Gerador de nitrog\u00e9nio ZEPHYR"},"content":{"rendered":"<p class=\"p2\">O ZEPHYR Nitrogen fornece uma solu\u00e7\u00e3o de azoto para o Espectr\u00f3metro de Dicro\u00edsmo Circular.<span class=\"Apple-converted-space\"> <\/span><\/p>\n<p class=\"p2\">O ZEPHYR est\u00e1 equipado com um compressor de ar sem \u00f3leo integrado que utiliza o <span class=\"s2\">modo de tecnologia de poupan\u00e7a de energia (EST)<\/span>. \u00c9 extremamente compacto e tem um funcionamento silencioso.<span class=\"Apple-converted-space\"> <\/span><\/p>\n<p class=\"p2\">O gerador \u00e9 controlado utilizando a mais recente tecnologia de ecr\u00e3 t\u00e1til a cores para apresentar o processo em tempo real, a press\u00e3o de sa\u00edda, o fluxo de N2 e o estado do sistema com acesso remoto para controlo de diagn\u00f3stico.<span class=\"Apple-converted-space\"> <\/span><\/p>\n<p class=\"p3\">Utiliza a <span class=\"s2\">filtragem tripla inteligente e a tecnologia avan\u00e7ada PSA <\/span>de separa\u00e7\u00e3o de azoto e oxig\u00e9nio para produzir g\u00e1s de azoto de alta qualidade a pedido, 24 horas por dia, 7 dias por semana.<\/p>\n","protected":false},"excerpt":{"rendered":"<p>O ZEPHYR Nitrogen fornece uma solu\u00e7\u00e3o de azoto para o Espectr\u00f3metro de Dicro\u00edsmo Circular. O ZEPHYR est\u00e1 equipado com um compressor de ar sem \u00f3leo integrado que utiliza o modo de tecnologia de poupan\u00e7a de energia (EST). \u00c9 extremamente compacto e tem um funcionamento silencioso. O gerador \u00e9 controlado utilizando a mais recente tecnologia de [&hellip;]<\/p>\n","protected":false},"featured_media":13776,"comment_status":"closed","ping_status":"closed","template":"","meta":[],"product_cat":[337],"product_tag":[338],"class_list":{"0":"post-13701","1":"product","2":"type-product","3":"status-publish","4":"has-post-thumbnail","6":"product_cat-geradores-de-nitrogenio-para-laboratorio","7":"product_tag-outras-aplicacoes","9":"first","10":"instock","11":"shipping-taxable","12":"product-type-simple"},"_links":{"self":[{"href":"https:\/\/www.f-dgs.com\/pt-pt\/wp-json\/wp\/v2\/product\/13701","targetHints":{"allow":["GET"]}}],"collection":[{"href":"https:\/\/www.f-dgs.com\/pt-pt\/wp-json\/wp\/v2\/product"}],"about":[{"href":"https:\/\/www.f-dgs.com\/pt-pt\/wp-json\/wp\/v2\/types\/product"}],"replies":[{"embeddable":true,"href":"https:\/\/www.f-dgs.com\/pt-pt\/wp-json\/wp\/v2\/comments?post=13701"}],"wp:featuredmedia":[{"embeddable":true,"href":"https:\/\/www.f-dgs.com\/pt-pt\/wp-json\/wp\/v2\/media\/13776"}],"wp:attachment":[{"href":"https:\/\/www.f-dgs.com\/pt-pt\/wp-json\/wp\/v2\/media?parent=13701"}],"wp:term":[{"taxonomy":"product_cat","embeddable":true,"href":"https:\/\/www.f-dgs.com\/pt-pt\/wp-json\/wp\/v2\/product_cat?post=13701"},{"taxonomy":"product_tag","embeddable":true,"href":"https:\/\/www.f-dgs.com\/pt-pt\/wp-json\/wp\/v2\/product_tag?post=13701"}],"curies":[{"name":"wp","href":"https:\/\/api.w.org\/{rel}","templated":true}]}}