{"id":13669,"date":"2022-05-17T00:43:41","date_gmt":"2022-05-16T22:43:41","guid":{"rendered":"https:\/\/www.f-dgs.com\/product\/sem categoria\/gerador-de-ar-de-nitrogenio-combinado-themisto-pega\/"},"modified":"2022-05-17T00:43:41","modified_gmt":"2022-05-16T22:43:41","slug":"gerador-de-ar-de-nitrogenio-combinado-themisto-pega","status":"publish","type":"product","link":"https:\/\/www.f-dgs.com\/pt-pt\/product\/geradores-combinados-de-azoto-ar\/gerador-de-ar-de-nitrogenio-combinado-themisto-pega\/","title":{"rendered":"Gerador de ar de nitrog\u00e9nio combinado THEMISTO PEGA"},"content":{"rendered":"<p class=\"p2\">O gerador de fluxo duplo THEMISTO PEGA foi especificamente concebido para satisfazer as necessidades de Azoto e Ar Puro para alimentar um LECO PEGASUS 4D GC x GC-TOFMS.<span class=\"Apple-converted-space\"> <\/span><\/p>\n<p class=\"p2\">O THEMISTO PEGA est\u00e1 dispon\u00edvel com um compressor de ar isento de \u00f3leo integrado que utiliza o <span class=\"s2\">modo de tecnologia de poupan\u00e7a de energia (EST)<\/span>. \u00c9 extremamente compacto e tem um funcionamento silencioso.<span class=\"Apple-converted-space\"> <\/span><\/p>\n<p class=\"p2\">O Gerador \u00e9 controlado utilizando a mais recente tecnologia de ecr\u00e3 t\u00e1til a cores para apresentar o processo em tempo real, as press\u00f5es de entrada\/sa\u00edda e o estado do sistema com acesso remoto para controlo de diagn\u00f3stico.<span class=\"Apple-converted-space\"> <\/span><\/p>\n<p class=\"p2\">O azoto \u00e9 produzido por absor\u00e7\u00e3o por oscila\u00e7\u00e3o de press\u00e3o (PSA) para<span class=\"Apple-converted-space\"> <\/span>remover o oxig\u00e9nio, o di\u00f3xido de carbono e a \u00e1gua do ar comprimido e o ar purificado \u00e9 produzido utilizando um filtro separador de \u00e1gua cicl\u00f3nico e um filtro coalescente submicr\u00f3nico.<span class=\"Apple-converted-space\"> <\/span><\/p>\n","protected":false},"excerpt":{"rendered":"<p>O gerador de fluxo duplo THEMISTO PEGA foi especificamente concebido para satisfazer as necessidades de Azoto e Ar Puro para alimentar um LECO PEGASUS 4D GC x GC-TOFMS. O THEMISTO PEGA est\u00e1 dispon\u00edvel com um compressor de ar isento de \u00f3leo integrado que utiliza o modo de tecnologia de poupan\u00e7a de energia (EST). \u00c9 extremamente [&hellip;]<\/p>\n","protected":false},"featured_media":13671,"comment_status":"open","ping_status":"closed","template":"","meta":[],"product_cat":[328],"product_tag":[329],"class_list":{"0":"post-13669","1":"product","2":"type-product","3":"status-publish","4":"has-post-thumbnail","6":"product_cat-geradores-combinados-de-azoto-ar","7":"product_tag-pegasus-pt-pt","9":"first","10":"instock","11":"shipping-taxable","12":"product-type-simple"},"_links":{"self":[{"href":"https:\/\/www.f-dgs.com\/pt-pt\/wp-json\/wp\/v2\/product\/13669","targetHints":{"allow":["GET"]}}],"collection":[{"href":"https:\/\/www.f-dgs.com\/pt-pt\/wp-json\/wp\/v2\/product"}],"about":[{"href":"https:\/\/www.f-dgs.com\/pt-pt\/wp-json\/wp\/v2\/types\/product"}],"replies":[{"embeddable":true,"href":"https:\/\/www.f-dgs.com\/pt-pt\/wp-json\/wp\/v2\/comments?post=13669"}],"wp:featuredmedia":[{"embeddable":true,"href":"https:\/\/www.f-dgs.com\/pt-pt\/wp-json\/wp\/v2\/media\/13671"}],"wp:attachment":[{"href":"https:\/\/www.f-dgs.com\/pt-pt\/wp-json\/wp\/v2\/media?parent=13669"}],"wp:term":[{"taxonomy":"product_cat","embeddable":true,"href":"https:\/\/www.f-dgs.com\/pt-pt\/wp-json\/wp\/v2\/product_cat?post=13669"},{"taxonomy":"product_tag","embeddable":true,"href":"https:\/\/www.f-dgs.com\/pt-pt\/wp-json\/wp\/v2\/product_tag?post=13669"}],"curies":[{"name":"wp","href":"https:\/\/api.w.org\/{rel}","templated":true}]}}