{"id":13657,"date":"2022-06-01T00:57:44","date_gmt":"2022-05-31T22:57:44","guid":{"rendered":"https:\/\/www.f-dgs.com\/product\/sem categoria\/gerador-de-gas-hidrogenio-cosmos-rack-mb-h2\/"},"modified":"2022-06-01T00:57:44","modified_gmt":"2022-05-31T22:57:44","slug":"gerador-de-gas-hidrogenio-cosmos-rack-mb-h2","status":"publish","type":"product","link":"https:\/\/www.f-dgs.com\/pt-pt\/product\/geradores-de-hidrogenio\/gerador-de-gas-hidrogenio-cosmos-rack-mb-h2\/","title":{"rendered":"Gerador de g\u00e1s hidrog\u00e9nio COSMOS RACK MB.H2"},"content":{"rendered":"<p class=\"p2\">Os geradores de hidrog\u00e9nio COSMOS RACK MB.H2 utilizam a <span class=\"s2\">tecnologia exclusiva de membrana de eletr\u00f3lito (c\u00e9lula PEM) 100% totalmente em tit\u00e2nio <\/span>para produzir g\u00e1s H2 de elevada pureza.<span class=\"Apple-converted-space\"> <\/span><\/p>\n<p class=\"p2\">O secador exclusivo de regenera\u00e7\u00e3o din\u00e2mica dupla a frio da s\u00e9rie RACK.MF \u00e9 completamente isento de manuten\u00e7\u00e3o e permite um funcionamento cont\u00ednuo 24 horas por dia. A verifica\u00e7\u00e3o autom\u00e1tica de fugas internas sempre que se liga a unidade e o controlo constante dos par\u00e2metros de funcionamento garantem a m\u00e1xima seguran\u00e7a.<span class=\"Apple-converted-space\"> <\/span><\/p>\n<p class=\"p2\"><span class=\"s2\">A s\u00e9rie COSMOS RACK MB.H2 <\/span>utiliza um sistema de secagem: est\u00e1tico,<span class=\"Apple-converted-space\"> <\/span>sem manuten\u00e7\u00e3o<\/p>\n","protected":false},"excerpt":{"rendered":"<p>Os geradores de hidrog\u00e9nio COSMOS RACK MB.H2 utilizam a tecnologia exclusiva de membrana de eletr\u00f3lito (c\u00e9lula PEM) 100% totalmente em tit\u00e2nio para produzir g\u00e1s H2 de elevada pureza. O secador exclusivo de regenera\u00e7\u00e3o din\u00e2mica dupla a frio da s\u00e9rie RACK.MF \u00e9 completamente isento de manuten\u00e7\u00e3o e permite um funcionamento cont\u00ednuo 24 horas por dia. A [&hellip;]<\/p>\n","protected":false},"featured_media":13658,"comment_status":"closed","ping_status":"closed","template":"","meta":[],"product_cat":[298],"product_tag":[302],"class_list":{"0":"post-13657","1":"product","2":"type-product","3":"status-publish","4":"has-post-thumbnail","6":"product_cat-geradores-de-hidrogenio","7":"product_tag-serie-rack","9":"first","10":"instock","11":"shipping-taxable","12":"product-type-simple"},"_links":{"self":[{"href":"https:\/\/www.f-dgs.com\/pt-pt\/wp-json\/wp\/v2\/product\/13657","targetHints":{"allow":["GET"]}}],"collection":[{"href":"https:\/\/www.f-dgs.com\/pt-pt\/wp-json\/wp\/v2\/product"}],"about":[{"href":"https:\/\/www.f-dgs.com\/pt-pt\/wp-json\/wp\/v2\/types\/product"}],"replies":[{"embeddable":true,"href":"https:\/\/www.f-dgs.com\/pt-pt\/wp-json\/wp\/v2\/comments?post=13657"}],"wp:featuredmedia":[{"embeddable":true,"href":"https:\/\/www.f-dgs.com\/pt-pt\/wp-json\/wp\/v2\/media\/13658"}],"wp:attachment":[{"href":"https:\/\/www.f-dgs.com\/pt-pt\/wp-json\/wp\/v2\/media?parent=13657"}],"wp:term":[{"taxonomy":"product_cat","embeddable":true,"href":"https:\/\/www.f-dgs.com\/pt-pt\/wp-json\/wp\/v2\/product_cat?post=13657"},{"taxonomy":"product_tag","embeddable":true,"href":"https:\/\/www.f-dgs.com\/pt-pt\/wp-json\/wp\/v2\/product_tag?post=13657"}],"curies":[{"name":"wp","href":"https:\/\/api.w.org\/{rel}","templated":true}]}}