{"id":13653,"date":"2022-05-17T18:51:07","date_gmt":"2022-05-17T16:51:07","guid":{"rendered":"https:\/\/www.f-dgs.com\/product\/sem categoria\/secador-de-ar-sem-co2-ndc\/"},"modified":"2022-05-17T18:51:07","modified_gmt":"2022-05-17T16:51:07","slug":"secador-de-ar-sem-co2-ndc","status":"publish","type":"product","link":"https:\/\/www.f-dgs.com\/pt-pt\/product\/secadores-de-ar-sem-co2\/secador-de-ar-sem-co2-ndc\/","title":{"rendered":"Secador de ar sem CO2 NDC"},"content":{"rendered":"<p class=\"p2\">O secador de ar sem CO2 da NDC purifica a tua rede de ar comprimido para fornecer um fornecimento cont\u00ednuo de ar limpo, seco (-70\u00b0C PDP) e sem CO2 (&lt; 1ppm). Permite a substitui\u00e7\u00e3o de garrafas de azoto ou de oxig\u00e9nio a alta press\u00e3o.<span class=\"Apple-converted-space\"> <\/span><\/p>\n<p class=\"p2\">A unidade \u00e9 muito compacta, poupa espa\u00e7o no laborat\u00f3rio, \u00e9 silenciosa e f\u00e1cil de instalar.<span class=\"Apple-converted-space\"> <\/span><\/p>\n<p class=\"p3\">O NDC pode informar-te da data de vencimento do servi\u00e7o atrav\u00e9s do ecr\u00e3 de visualiza\u00e7\u00e3o.<span class=\"Apple-converted-space\"> <\/span><\/p>\n","protected":false},"excerpt":{"rendered":"<p>O secador de ar sem CO2 da NDC purifica a tua rede de ar comprimido para fornecer um fornecimento cont\u00ednuo de ar limpo, seco (-70\u00b0C PDP) e sem CO2 (&lt; 1ppm). Permite a substitui\u00e7\u00e3o de garrafas de azoto ou de oxig\u00e9nio a alta press\u00e3o. A unidade \u00e9 muito compacta, poupa espa\u00e7o no laborat\u00f3rio, \u00e9 silenciosa [&hellip;]<\/p>\n","protected":false},"featured_media":13643,"comment_status":"open","ping_status":"closed","template":"","meta":[],"product_cat":[317],"product_tag":[318],"class_list":{"0":"post-13653","1":"product","2":"type-product","3":"status-publish","4":"has-post-thumbnail","6":"product_cat-secadores-de-ar-sem-co2","7":"product_tag-secadores-de-ar-sem-co2","9":"first","10":"instock","11":"shipping-taxable","12":"product-type-simple"},"_links":{"self":[{"href":"https:\/\/www.f-dgs.com\/pt-pt\/wp-json\/wp\/v2\/product\/13653","targetHints":{"allow":["GET"]}}],"collection":[{"href":"https:\/\/www.f-dgs.com\/pt-pt\/wp-json\/wp\/v2\/product"}],"about":[{"href":"https:\/\/www.f-dgs.com\/pt-pt\/wp-json\/wp\/v2\/types\/product"}],"replies":[{"embeddable":true,"href":"https:\/\/www.f-dgs.com\/pt-pt\/wp-json\/wp\/v2\/comments?post=13653"}],"wp:featuredmedia":[{"embeddable":true,"href":"https:\/\/www.f-dgs.com\/pt-pt\/wp-json\/wp\/v2\/media\/13643"}],"wp:attachment":[{"href":"https:\/\/www.f-dgs.com\/pt-pt\/wp-json\/wp\/v2\/media?parent=13653"}],"wp:term":[{"taxonomy":"product_cat","embeddable":true,"href":"https:\/\/www.f-dgs.com\/pt-pt\/wp-json\/wp\/v2\/product_cat?post=13653"},{"taxonomy":"product_tag","embeddable":true,"href":"https:\/\/www.f-dgs.com\/pt-pt\/wp-json\/wp\/v2\/product_tag?post=13653"}],"curies":[{"name":"wp","href":"https:\/\/api.w.org\/{rel}","templated":true}]}}