{"id":13646,"date":"2022-06-01T00:48:11","date_gmt":"2022-05-31T22:48:11","guid":{"rendered":"https:\/\/www.f-dgs.com\/product\/sem categoria\/cryogen-130-gerador-de-nitrogenio-liquido-n2\/"},"modified":"2022-06-01T00:48:11","modified_gmt":"2022-05-31T22:48:11","slug":"cryogen-130-gerador-de-nitrogenio-liquido-n2","status":"publish","type":"product","link":"https:\/\/www.f-dgs.com\/pt-pt\/product\/gerador-de-nitrogenio-liquido\/cryogen-130-gerador-de-nitrogenio-liquido-n2\/","title":{"rendered":"CRYOGEN.130 Gerador de nitrog\u00e9nio l\u00edquido N2"},"content":{"rendered":"<p class=\"p2\">O CRYOGEN.130 \u00e9 o <span class=\"s2\"><b>&#8220;arrefecido a \u00e1gua&#8221; <\/b><\/span>de N2 l\u00edquido &#8220;arrefecido a \u00e1gua&#8221; da F-DGSi.<span class=\"Apple-converted-space\"> <\/span><\/p>\n<p class=\"p2\">Utilizando um design fi\u00e1vel de &#8220;Cryo-refrigerator&#8221; de tecnologia de cabe\u00e7a fria e compressor de h\u00e9lio, o g\u00e1s nitrog\u00e9nio \u00e9 ent\u00e3o produzido utilizando a tecnologia PSA que \u00e9 arrefecida a 77K (-196\u00b0C) para produzir nitrog\u00e9nio l\u00edquido.<span class=\"Apple-converted-space\"> <\/span><\/p>\n<p class=\"p1\">Os geradores s\u00e3o controlados utilizando a mais recente tecnologia de ecr\u00e3 t\u00e1til HMI para visualizar o processo em tempo real, mostrando o n\u00edvel de l\u00edquido do dep\u00f3sito, a produ\u00e7\u00e3o de azoto PSA, proporcionando um sistema totalmente automatizado com o toque de um bot\u00e3o e acesso remoto para controlo de diagn\u00f3stico.<\/p>\n<p class=\"p1\">O azoto l\u00edquido pode ser distribu\u00eddo utilizando uma mangueira isolada a v\u00e1cuo de 1,5 metros. Com o refrigerador de \u00e1gua fornecido, o sistema pode funcionar at\u00e9 uma temperatura ambiente de +52\u00b0C, tornando-o adequado para funcionar em qualquer parte do mundo.<\/p>\n","protected":false},"excerpt":{"rendered":"<p>O CRYOGEN.130 \u00e9 o &#8220;arrefecido a \u00e1gua&#8221; de N2 l\u00edquido &#8220;arrefecido a \u00e1gua&#8221; da F-DGSi. Utilizando um design fi\u00e1vel de &#8220;Cryo-refrigerator&#8221; de tecnologia de cabe\u00e7a fria e compressor de h\u00e9lio, o g\u00e1s nitrog\u00e9nio \u00e9 ent\u00e3o produzido utilizando a tecnologia PSA que \u00e9 arrefecida a 77K (-196\u00b0C) para produzir nitrog\u00e9nio l\u00edquido. Os geradores s\u00e3o controlados utilizando [&hellip;]<\/p>\n","protected":false},"featured_media":13648,"comment_status":"open","ping_status":"closed","template":"","meta":[],"product_cat":[313,305],"product_tag":[],"class_list":{"0":"post-13646","1":"product","2":"type-product","3":"status-publish","4":"has-post-thumbnail","6":"product_cat-arrefecimento-a-agua","7":"product_cat-gerador-de-nitrogenio-liquido","9":"first","10":"instock","11":"shipping-taxable","12":"product-type-simple"},"_links":{"self":[{"href":"https:\/\/www.f-dgs.com\/pt-pt\/wp-json\/wp\/v2\/product\/13646","targetHints":{"allow":["GET"]}}],"collection":[{"href":"https:\/\/www.f-dgs.com\/pt-pt\/wp-json\/wp\/v2\/product"}],"about":[{"href":"https:\/\/www.f-dgs.com\/pt-pt\/wp-json\/wp\/v2\/types\/product"}],"replies":[{"embeddable":true,"href":"https:\/\/www.f-dgs.com\/pt-pt\/wp-json\/wp\/v2\/comments?post=13646"}],"wp:featuredmedia":[{"embeddable":true,"href":"https:\/\/www.f-dgs.com\/pt-pt\/wp-json\/wp\/v2\/media\/13648"}],"wp:attachment":[{"href":"https:\/\/www.f-dgs.com\/pt-pt\/wp-json\/wp\/v2\/media?parent=13646"}],"wp:term":[{"taxonomy":"product_cat","embeddable":true,"href":"https:\/\/www.f-dgs.com\/pt-pt\/wp-json\/wp\/v2\/product_cat?post=13646"},{"taxonomy":"product_tag","embeddable":true,"href":"https:\/\/www.f-dgs.com\/pt-pt\/wp-json\/wp\/v2\/product_tag?post=13646"}],"curies":[{"name":"wp","href":"https:\/\/api.w.org\/{rel}","templated":true}]}}