{"id":13624,"date":"2022-05-17T18:13:40","date_gmt":"2022-05-17T16:13:40","guid":{"rendered":"https:\/\/www.f-dgs.com\/product\/sem categoria\/gerador-de-nitrogenio-liquido-cryogen-65-ra-n2\/"},"modified":"2022-05-17T18:13:40","modified_gmt":"2022-05-17T16:13:40","slug":"gerador-de-nitrogenio-liquido-cryogen-65-ra-n2","status":"publish","type":"product","link":"https:\/\/www.f-dgs.com\/pt-pt\/product\/gerador-de-nitrogenio-liquido\/gerador-de-nitrogenio-liquido-cryogen-65-ra-n2\/","title":{"rendered":"Gerador de nitrog\u00e9nio l\u00edquido CRYOGEN.65-RA N2"},"content":{"rendered":"<p class=\"p1\">O CRYOGEN.65-RA \u00e9 o gerador de N2 l\u00edquido <strong>&#8220;arrefecido a ar&#8221;<\/strong> da F-DGSi.<\/p>\n<p class=\"p1\">Utilizando um design fi\u00e1vel de &#8220;Cryo-refrigerator&#8221; de tecnologia de cabe\u00e7a fria e compressor de h\u00e9lio, o g\u00e1s nitrog\u00e9nio \u00e9 ent\u00e3o produzido utilizando a tecnologia PSA que \u00e9 arrefecida a 77K (-196\u00b0C) para produzir nitrog\u00e9nio l\u00edquido.<\/p>\n<p class=\"p1\">Os geradores s\u00e3o controlados utilizando a mais recente tecnologia de ecr\u00e3 t\u00e1til HMI para visualizar o processo em tempo real, mostrando o n\u00edvel de l\u00edquido do dep\u00f3sito, a produ\u00e7\u00e3o de azoto PSA, proporcionando um sistema totalmente automatizado com o toque de um bot\u00e3o e acesso remoto para controlo de diagn\u00f3stico.<\/p>\n<p class=\"p1\">O azoto l\u00edquido pode ser distribu\u00eddo utilizando uma mangueira isolada a v\u00e1cuo de 1,5 metros. As ventoinhas de arrefecimento integradas podem funcionar com arrefecimento a ar at\u00e9 uma temperatura ambiente de +35\u00b0C, tornando-o adequado para funcionar em qualquer parte do mundo.<\/p>\n","protected":false},"excerpt":{"rendered":"<p>O CRYOGEN.65-RA \u00e9 o gerador de N2 l\u00edquido &#8220;arrefecido a ar&#8221; da F-DGSi. Utilizando um design fi\u00e1vel de &#8220;Cryo-refrigerator&#8221; de tecnologia de cabe\u00e7a fria e compressor de h\u00e9lio, o g\u00e1s nitrog\u00e9nio \u00e9 ent\u00e3o produzido utilizando a tecnologia PSA que \u00e9 arrefecida a 77K (-196\u00b0C) para produzir nitrog\u00e9nio l\u00edquido. Os geradores s\u00e3o controlados utilizando a mais [&hellip;]<\/p>\n","protected":false},"featured_media":13626,"comment_status":"open","ping_status":"closed","template":"","meta":[],"product_cat":[305],"product_tag":[],"class_list":{"0":"post-13624","1":"product","2":"type-product","3":"status-publish","4":"has-post-thumbnail","6":"product_cat-gerador-de-nitrogenio-liquido","8":"first","9":"instock","10":"shipping-taxable","11":"product-type-simple"},"_links":{"self":[{"href":"https:\/\/www.f-dgs.com\/pt-pt\/wp-json\/wp\/v2\/product\/13624","targetHints":{"allow":["GET"]}}],"collection":[{"href":"https:\/\/www.f-dgs.com\/pt-pt\/wp-json\/wp\/v2\/product"}],"about":[{"href":"https:\/\/www.f-dgs.com\/pt-pt\/wp-json\/wp\/v2\/types\/product"}],"replies":[{"embeddable":true,"href":"https:\/\/www.f-dgs.com\/pt-pt\/wp-json\/wp\/v2\/comments?post=13624"}],"wp:featuredmedia":[{"embeddable":true,"href":"https:\/\/www.f-dgs.com\/pt-pt\/wp-json\/wp\/v2\/media\/13626"}],"wp:attachment":[{"href":"https:\/\/www.f-dgs.com\/pt-pt\/wp-json\/wp\/v2\/media?parent=13624"}],"wp:term":[{"taxonomy":"product_cat","embeddable":true,"href":"https:\/\/www.f-dgs.com\/pt-pt\/wp-json\/wp\/v2\/product_cat?post=13624"},{"taxonomy":"product_tag","embeddable":true,"href":"https:\/\/www.f-dgs.com\/pt-pt\/wp-json\/wp\/v2\/product_tag?post=13624"}],"curies":[{"name":"wp","href":"https:\/\/api.w.org\/{rel}","templated":true}]}}