{"id":13572,"date":"2022-06-01T01:10:29","date_gmt":"2022-05-31T23:10:29","guid":{"rendered":"https:\/\/www.f-dgs.com\/product\/sem categoria\/gerador-de-ar-zero-cosmos-rack-za\/"},"modified":"2022-06-01T01:10:29","modified_gmt":"2022-05-31T23:10:29","slug":"gerador-de-ar-zero-cosmos-rack-za","status":"publish","type":"product","link":"https:\/\/www.f-dgs.com\/pt-pt\/product\/geradores-de-ar\/gerador-de-ar-zero-cosmos-rack-za\/","title":{"rendered":"Gerador de ar zero COSMOS RACK ZA"},"content":{"rendered":"<p class=\"p2\">O gerador COSMOS RACK Zero Air utiliza ar comprimido que \u00e9 pr\u00e9-filtrado a 0,1 microns e depois purificado usando um m\u00f3dulo catalisador aquecido. O ar zero de sa\u00edda est\u00e1 isento de hidrocarbonetos, incluindo metano e mon\u00f3xido de carbono, para &lt; 0,05 ppm. \u00c9 utilizado um filtro de p\u00f3s-filtragem de 0,01 m\u00edcron para evitar a entrada de qualquer tipo de part\u00edculas no instrumento. Este n\u00edvel de pureza produz uma baixa rela\u00e7\u00e3o sinal\/ru\u00eddo, assegurando uma linha de base plana e est\u00e1vel do analisador.<\/p>\n<p class=\"p2\">Concebido a pensar na seguran\u00e7a e na comodidade, este sistema elimina a necessidade das inconvenientes botijas de g\u00e1s de alta press\u00e3o.<\/p>\n<p class=\"p2\">O design ergon\u00f3mico, compacto e silencioso torna a s\u00e9rie COSMOS RACK Zero Air a solu\u00e7\u00e3o ideal para as seguintes aplica\u00e7\u00f5es anal\u00edticas.<\/p>\n","protected":false},"excerpt":{"rendered":"<p>O gerador COSMOS RACK Zero Air utiliza ar comprimido que \u00e9 pr\u00e9-filtrado a 0,1 microns e depois purificado usando um m\u00f3dulo catalisador aquecido. O ar zero de sa\u00edda est\u00e1 isento de hidrocarbonetos, incluindo metano e mon\u00f3xido de carbono, para &lt; 0,05 ppm. \u00c9 utilizado um filtro de p\u00f3s-filtragem de 0,01 m\u00edcron para evitar a entrada [&hellip;]<\/p>\n","protected":false},"featured_media":13573,"comment_status":"closed","ping_status":"closed","template":"","meta":[],"product_cat":[299],"product_tag":[300],"class_list":{"0":"post-13572","1":"product","2":"type-product","3":"status-publish","4":"has-post-thumbnail","6":"product_cat-geradores-de-ar","7":"product_tag-cg","9":"first","10":"instock","11":"shipping-taxable","12":"product-type-simple"},"_links":{"self":[{"href":"https:\/\/www.f-dgs.com\/pt-pt\/wp-json\/wp\/v2\/product\/13572","targetHints":{"allow":["GET"]}}],"collection":[{"href":"https:\/\/www.f-dgs.com\/pt-pt\/wp-json\/wp\/v2\/product"}],"about":[{"href":"https:\/\/www.f-dgs.com\/pt-pt\/wp-json\/wp\/v2\/types\/product"}],"replies":[{"embeddable":true,"href":"https:\/\/www.f-dgs.com\/pt-pt\/wp-json\/wp\/v2\/comments?post=13572"}],"wp:featuredmedia":[{"embeddable":true,"href":"https:\/\/www.f-dgs.com\/pt-pt\/wp-json\/wp\/v2\/media\/13573"}],"wp:attachment":[{"href":"https:\/\/www.f-dgs.com\/pt-pt\/wp-json\/wp\/v2\/media?parent=13572"}],"wp:term":[{"taxonomy":"product_cat","embeddable":true,"href":"https:\/\/www.f-dgs.com\/pt-pt\/wp-json\/wp\/v2\/product_cat?post=13572"},{"taxonomy":"product_tag","embeddable":true,"href":"https:\/\/www.f-dgs.com\/pt-pt\/wp-json\/wp\/v2\/product_tag?post=13572"}],"curies":[{"name":"wp","href":"https:\/\/api.w.org\/{rel}","templated":true}]}}