{"id":8277,"date":"2021-10-29T19:28:59","date_gmt":"2021-10-29T17:28:59","guid":{"rendered":"https:\/\/www.f-dgs.com\/?page_id=8277"},"modified":"2024-05-01T18:02:40","modified_gmt":"2024-05-01T16:02:40","slug":"catalogo-de-produtos","status":"publish","type":"page","link":"https:\/\/www.f-dgs.com\/pt-pt\/suporte-tecnico\/catalogo-de-produtos\/","title":{"rendered":"Cat\u00e1logo de produtos"},"content":{"rendered":"\t\t<div data-elementor-type=\"wp-page\" data-elementor-id=\"8277\" class=\"elementor elementor-8277 elementor-197\" data-elementor-post-type=\"page\">\n\t\t\t\t<div class=\"elementor-element elementor-element-4ec42d6 max-width e-flex e-con-boxed e-con e-parent\" data-id=\"4ec42d6\" data-element_type=\"container\" data-settings=\"{&quot;jet_parallax_layout_list&quot;:[]}\">\n\t\t\t\t\t<div class=\"e-con-inner\">\n\t\t<div class=\"elementor-element elementor-element-3785dad e-con-full e-flex e-con e-child\" data-id=\"3785dad\" data-element_type=\"container\" data-settings=\"{&quot;jet_parallax_layout_list&quot;:[]}\">\n\t\t\t\t<div class=\"elementor-element elementor-element-2358b2b elementor-widget elementor-widget-jet-breadcrumbs\" data-id=\"2358b2b\" data-element_type=\"widget\" data-widget_type=\"jet-breadcrumbs.default\">\n\t\t\t\t<div class=\"elementor-widget-container\">\n\t\t\t<div class=\"elementor-jet-breadcrumbs jet-blocks\">\n\t\t<div class=\"jet-breadcrumbs\">\n\t\t<div class=\"jet-breadcrumbs__content\">\n\t\t<div class=\"jet-breadcrumbs__wrap\"><div class=\"jet-breadcrumbs__item\"><a href=\"https:\/\/www.f-dgs.com\/pt-pt\/\" class=\"jet-breadcrumbs__item-link is-home\" rel=\"home\" title=\"Casa\">Casa<\/a><\/div>\n\t\t<\/div>\n\t\t<\/div>\n\t\t<\/div><\/div>\t\t<\/div>\n\t\t\t\t<\/div>\n\t\t\t\t<\/div>\n\t\t\t\t\t<\/div>\n\t\t\t\t<\/div>\n\t\t<div class=\"elementor-element elementor-element-34fb113 max-width e-flex e-con-boxed e-con e-parent\" data-id=\"34fb113\" data-element_type=\"container\" data-settings=\"{&quot;jet_parallax_layout_list&quot;:[]}\">\n\t\t\t\t\t<div class=\"e-con-inner\">\n\t\t<div class=\"elementor-element elementor-element-e61a213 e-con-full e-flex e-con e-child\" data-id=\"e61a213\" data-element_type=\"container\" data-settings=\"{&quot;jet_parallax_layout_list&quot;:[]}\">\n\t\t\t\t<div class=\"elementor-element elementor-element-827669f elementor-widget elementor-widget-heading\" data-id=\"827669f\" data-element_type=\"widget\" data-widget_type=\"heading.default\">\n\t\t\t\t<div class=\"elementor-widget-container\">\n\t\t\t<h2 class=\"elementor-heading-title elementor-size-default\">Cat\u00e1logo de produtos<\/h2>\t\t<\/div>\n\t\t\t\t<\/div>\n\t\t\t\t<div class=\"elementor-element elementor-element-4379709 elementor-widget elementor-widget-text-editor\" data-id=\"4379709\" data-element_type=\"widget\" data-widget_type=\"text-editor.default\">\n\t\t\t\t<div class=\"elementor-widget-container\">\n\t\t\t\t\t\t\t<p><b>Descarregue j\u00e1 o cat\u00e1logo completo da F-DGSi!<br \/><\/b><span style=\"color: var( --e-global-color-text ); font-family: var( --e-global-typography-primary-font-family ), Sans-serif; font-size: var( --e-global-typography-primary-font-size ); font-weight: var( --e-global-typography-primary-font-weight ); text-align: var(--text-align); letter-spacing: 0px;\">No nosso cat\u00e1logo, detalhamos n\u00e3o s\u00f3 os nossos produtos, mas tamb\u00e9m os servi\u00e7os e benef\u00edcios exclusivos que a F-DGSi oferece para otimizar a efici\u00eancia e a seguran\u00e7a dos seus processos laboratoriais.<\/span><\/p><p>Ao escolher os nossos geradores de g\u00e1s, pode reduzir os seus custos operacionais, limitar o impacto no ambiente e eliminar as incertezas e os inconvenientes associados ao fornecimento tradicional de g\u00e1s.<\/p><p>Como especialista mundial em geradores de g\u00e1s de azoto e hidrog\u00e9nio de alto desempenho para LCMS, GC, GCMS e outras aplica\u00e7\u00f5es laboratoriais, a F-DGSi oferece solu\u00e7\u00f5es adaptadas \u00e0s suas necessidades espec\u00edficas.<\/p>\t\t\t\t\t\t<\/div>\n\t\t\t\t<\/div>\n\t\t\t\t<div class=\"elementor-element elementor-element-fb64366 elementor-align-left elementor-widget elementor-widget-jet-download-button\" data-id=\"fb64366\" data-element_type=\"widget\" data-widget_type=\"jet-download-button.default\">\n\t\t\t\t<div class=\"elementor-widget-container\">\n\t\t\t<div class=\"elementor-jet-download-button jet-elements\"><a class=\"elementor-button elementor-size-md jet-download jet-download-icon-position-right\" data-e-disable-page-transition=\"true\" href=\"https:\/\/www.f-dgs.com\/pt-pt\/?jet_download=60096209977a48d1d5289469d25c1ab09f547761\" ><span class=\"jet-download__icon jet-download-icon-right jet-elements-icon\"><i aria-hidden=\"true\" class=\"fas fa-arrow-right\"><\/i><\/span><span class=\"jet-download__text\"><span class=\"jet-download__label\">Descarregar<\/span><span class=\"jet-download__file-name\"><\/span><small class=\"jet-download__sub-label\"><\/small><\/span><\/a>\n<\/div>\t\t<\/div>\n\t\t\t\t<\/div>\n\t\t\t\t<\/div>\n\t\t<div class=\"elementor-element elementor-element-894bc25 e-con-full e-flex e-con e-child\" data-id=\"894bc25\" data-element_type=\"container\" data-settings=\"{&quot;jet_parallax_layout_list&quot;:[]}\">\n\t\t\t\t<div class=\"elementor-element elementor-element-5bd8b27 elementor-widget elementor-widget-image\" data-id=\"5bd8b27\" data-element_type=\"widget\" data-widget_type=\"image.default\">\n\t\t\t\t<div class=\"elementor-widget-container\">\n\t\t\t\t\t\t\t\t\t\t\t\t\t<img decoding=\"async\" src=\"https:\/\/www.f-dgs.com\/wp-content\/uploads\/elementor\/thumbs\/product-catalogue-fdgs-jpg-px0rhkwvzasme6cqhbmxgkm8sgy4xp01yr0isthu68.webp\" title=\"Product Catalogue F-dgs\" alt=\"Product Catalogue F-dgs\" loading=\"lazy\" \/>\t\t\t\t\t\t\t\t\t\t\t\t\t<\/div>\n\t\t\t\t<\/div>\n\t\t\t\t<\/div>\n\t\t\t\t\t<\/div>\n\t\t\t\t<\/div>\n\t\t\t\t<\/div>\n\t\t","protected":false},"excerpt":{"rendered":"<p>Home Cat\u00e1logo de produtos Descarregue j\u00e1 o cat\u00e1logo completo da F-DGSi!No nosso cat\u00e1logo, detalhamos n\u00e3o s\u00f3 os nossos produtos, mas tamb\u00e9m os servi\u00e7os e benef\u00edcios exclusivos que a F-DGSi oferece para otimizar a efici\u00eancia e a seguran\u00e7a dos seus processos laboratoriais. Ao escolher os nossos geradores de g\u00e1s, pode reduzir os seus custos operacionais, limitar [&hellip;]<\/p>\n","protected":false},"author":2,"featured_media":0,"parent":11493,"menu_order":0,"comment_status":"closed","ping_status":"closed","template":"elementor_header_footer","meta":{"footnotes":""},"class_list":["post-8277","page","type-page","status-publish","hentry"],"_links":{"self":[{"href":"https:\/\/www.f-dgs.com\/pt-pt\/wp-json\/wp\/v2\/pages\/8277","targetHints":{"allow":["GET"]}}],"collection":[{"href":"https:\/\/www.f-dgs.com\/pt-pt\/wp-json\/wp\/v2\/pages"}],"about":[{"href":"https:\/\/www.f-dgs.com\/pt-pt\/wp-json\/wp\/v2\/types\/page"}],"author":[{"embeddable":true,"href":"https:\/\/www.f-dgs.com\/pt-pt\/wp-json\/wp\/v2\/users\/2"}],"replies":[{"embeddable":true,"href":"https:\/\/www.f-dgs.com\/pt-pt\/wp-json\/wp\/v2\/comments?post=8277"}],"version-history":[{"count":0,"href":"https:\/\/www.f-dgs.com\/pt-pt\/wp-json\/wp\/v2\/pages\/8277\/revisions"}],"up":[{"embeddable":true,"href":"https:\/\/www.f-dgs.com\/pt-pt\/wp-json\/wp\/v2\/pages\/11493"}],"wp:attachment":[{"href":"https:\/\/www.f-dgs.com\/pt-pt\/wp-json\/wp\/v2\/media?parent=8277"}],"curies":[{"name":"wp","href":"https:\/\/api.w.org\/{rel}","templated":true}]}}