{"id":8209,"date":"2022-03-07T14:59:40","date_gmt":"2022-03-07T13:59:40","guid":{"rendered":"https:\/\/www.f-dgs.com\/?page_id=8209"},"modified":"2025-05-18T17:06:36","modified_gmt":"2025-05-18T15:06:36","slug":"contato","status":"publish","type":"page","link":"https:\/\/www.f-dgs.com\/pt-pt\/contato\/","title":{"rendered":"Contato"},"content":{"rendered":"\t\t<div data-elementor-type=\"wp-page\" data-elementor-id=\"8209\" class=\"elementor elementor-8209 elementor-7181\" data-elementor-post-type=\"page\">\n\t\t\t\t<div class=\"elementor-element elementor-element-49f5452 e-flex e-con-boxed e-con e-parent\" data-id=\"49f5452\" data-element_type=\"container\" data-settings=\"{&quot;jet_parallax_layout_list&quot;:[]}\">\n\t\t\t\t\t<div class=\"e-con-inner\">\n\t\t<div class=\"elementor-element elementor-element-df5c94d e-con-full e-flex e-con e-child\" data-id=\"df5c94d\" data-element_type=\"container\" data-settings=\"{&quot;jet_parallax_layout_list&quot;:[]}\">\n\t\t\t\t<div class=\"elementor-element elementor-element-9125aa0 elementor-widget elementor-widget-heading\" data-id=\"9125aa0\" data-element_type=\"widget\" data-widget_type=\"heading.default\">\n\t\t\t\t<div class=\"elementor-widget-container\">\n\t\t\t<h2 class=\"elementor-heading-title elementor-size-default\">Pedido de informa\u00e7\u00f5es<\/h2>\t\t<\/div>\n\t\t\t\t<\/div>\n\t\t\t\t<div class=\"elementor-element elementor-element-75f6d87 elementor-widget elementor-widget-text-editor\" data-id=\"75f6d87\" data-element_type=\"widget\" data-widget_type=\"text-editor.default\">\n\t\t\t\t<div class=\"elementor-widget-container\">\n\t\t\t\t\t\t\t<p>Na F-DGSi estamos concentrados em fornecer um elevado n\u00edvel de servi\u00e7o em rela\u00e7\u00e3o aos nossos produtos e apoio no local, assegurando ao mesmo tempo que satisfazemos as suas expectativas.<\/p><p>Por favor, contacte-nos seleccionando o tipo de consulta apropriado e preenchendo o m\u00e1ximo de informa\u00e7\u00e3o poss\u00edvel para que possamos assegurar que a sua consulta \u00e9 enviada para o membro apropriado da equipa da F-DGSi o mais rapidamente poss\u00edvel.<\/p>\t\t\t\t\t\t<\/div>\n\t\t\t\t<\/div>\n\t\t\t\t<div class=\"elementor-element elementor-element-71f2462 elementor-widget elementor-widget-text-editor\" data-id=\"71f2462\" data-element_type=\"widget\" data-widget_type=\"text-editor.default\">\n\t\t\t\t<div class=\"elementor-widget-container\">\n\t\t\t\t\t\t\t<p><iframe style=\"width: 100%; height: 1000px; border: none;\" title=\"Mon iframe\" src=\"https:\/\/fdgsi.odoo.com\/contact-pt\" name=\"contact-form\" allowfullscreen=\"allowfullscreen\"><span data-mce-type=\"bookmark\" style=\"display: inline-block; width: 0px; overflow: hidden; line-height: 0;\" class=\"mce_SELRES_start\">\ufeff<\/span><span data-mce-type=\"bookmark\" style=\"display: inline-block; width: 0px; overflow: hidden; line-height: 0;\" class=\"mce_SELRES_start\"><span data-mce-type=\"bookmark\" style=\"display: inline-block; width: 0px; overflow: hidden; line-height: 0;\" class=\"mce_SELRES_start\">\ufeff<\/span>\ufeff<\/span><\/iframe><\/p>\t\t\t\t\t\t<\/div>\n\t\t\t\t<\/div>\n\t\t\t\t<div class=\"elementor-element elementor-element-6f3de91 elementor-hidden-desktop elementor-hidden-tablet_extra elementor-hidden-tablet elementor-hidden-mobile_extra elementor-hidden-mobile elementor-widget elementor-widget-jet-engine-booking-form\" data-id=\"6f3de91\" data-element_type=\"widget\" data-widget_type=\"jet-engine-booking-form.default\">\n\t\t\t\t<div class=\"elementor-widget-container\">\n\t\t\t<form  class=\"jet-form layout-column submit-type-reload\" action=\"\/pt-pt\/wp-json\/wp\/v2\/pages\/8209?jet_engine_action=book&#038;nocache=1777973177\" method=\"POST\" data-form-id=\"14073\"><input class=\"jet-form__field hidden-field\" type=\"hidden\" name=\"_jet_engine_booking_form_id\" value=\"14073\" data-field-name=\"_jet_engine_booking_form_id\"><input class=\"jet-form__field hidden-field\" type=\"hidden\" name=\"_jet_engine_refer\" value=\"https:\/\/www.f-dgs.com\/pt-pt\/wp-json\/wp\/v2\/pages\/8209\/\" data-field-name=\"_jet_engine_refer\"><input class=\"jet-form__field hidden-field\" type=\"hidden\" name=\"_jet_engine_nonce\" value=\"08721d5d46\" data-field-name=\"_jet_engine_nonce\"><\/form>\t\t<\/div>\n\t\t\t\t<\/div>\n\t\t\t\t<\/div>\n\t\t\t\t\t<\/div>\n\t\t\t\t<\/div>\n\t\t<div class=\"elementor-element elementor-element-2e4385c max-width e-flex e-con-boxed e-con e-parent\" data-id=\"2e4385c\" data-element_type=\"container\" data-settings=\"{&quot;jet_parallax_layout_list&quot;:[]}\">\n\t\t\t\t\t<div class=\"e-con-inner\">\n\t\t<div class=\"elementor-element elementor-element-87eb9d6 e-con-full e-flex e-con e-child\" data-id=\"87eb9d6\" data-element_type=\"container\" data-settings=\"{&quot;background_background&quot;:&quot;classic&quot;,&quot;jet_parallax_layout_list&quot;:[]}\">\n\t\t\t\t<div class=\"elementor-element elementor-element-7f0fada elementor-widget elementor-widget-heading\" data-id=\"7f0fada\" data-element_type=\"widget\" data-widget_type=\"heading.default\">\n\t\t\t\t<div class=\"elementor-widget-container\">\n\t\t\t<h2 class=\"elementor-heading-title elementor-size-default\">Localiza\u00e7\u00e3o dos escrit\u00f3rios da F-DGSi<\/h2>\t\t<\/div>\n\t\t\t\t<\/div>\n\t\t\t\t<div class=\"elementor-element elementor-element-198203c elementor-widget elementor-widget-text-editor\" data-id=\"198203c\" data-element_type=\"widget\" data-widget_type=\"text-editor.default\">\n\t\t\t\t<div class=\"elementor-widget-container\">\n\t\t\t\t\t\t\t<p>Quer necessite de aconselhamento, instala\u00e7\u00e3o de m\u00e1quinas, manuten\u00e7\u00e3o regular ou uma avaria, estamos prontos para o apoiar com aconselhamento, assist\u00eancia e servi\u00e7o.<\/p><p><strong>N\u00e3o hesite em contactar-nos se tiver alguma d\u00favida.<\/strong><\/p>\t\t\t\t\t\t<\/div>\n\t\t\t\t<\/div>\n\t\t<div class=\"elementor-element elementor-element-52425a5 e-con-full e-flex e-con e-child\" data-id=\"52425a5\" data-element_type=\"container\" data-settings=\"{&quot;background_background&quot;:&quot;classic&quot;,&quot;jet_parallax_layout_list&quot;:[]}\">\n\t\t\t\t<div class=\"elementor-element elementor-element-2bc91e3 elementor-widget__width-auto elementor-widget elementor-widget-text-editor\" data-id=\"2bc91e3\" data-element_type=\"widget\" data-widget_type=\"text-editor.default\">\n\t\t\t\t<div class=\"elementor-widget-container\">\n\t\t\t\t\t\t\t<h3><strong>F-DGSi\u00a0<\/strong><b>Fran\u00e7a<\/b><strong><br \/><\/strong><\/h3><p>F-DGSi SAS<br \/>365 Avenue de Rio<br \/>77127 Lieusaint, France<br \/>Tel : +33(0)1 64 98 21 00<br \/>Fax : +33(0)1 64 98 00 43<br \/>Mail : info@f-dgs.com<\/p>\t\t\t\t\t\t<\/div>\n\t\t\t\t<\/div>\n\t\t\t\t<div class=\"elementor-element elementor-element-ba8dc98 elementor-widget__width-auto elementor-widget elementor-widget-text-editor\" data-id=\"ba8dc98\" data-element_type=\"widget\" data-widget_type=\"text-editor.default\">\n\t\t\t\t<div class=\"elementor-widget-container\">\n\t\t\t\t\t\t\t<h3><strong>F-DGSi\u00a0<\/strong><b>\u00cdndia<\/b><strong><br \/><\/strong><\/h3><p>F-DGSi India Pvt. Ltd.<br \/>Tholons Tower, 1st Floor,<br \/>346 17th Cross, Dollars Colony,<br \/>Bangalore 560094, India<br \/>Tel: +91 8431 408 225<br \/>Mail : info@f-dgs.com<\/p>\t\t\t\t\t\t<\/div>\n\t\t\t\t<\/div>\n\t\t\t\t<div class=\"elementor-element elementor-element-927920b elementor-widget__width-auto elementor-widget elementor-widget-text-editor\" data-id=\"927920b\" data-element_type=\"widget\" data-widget_type=\"text-editor.default\">\n\t\t\t\t<div class=\"elementor-widget-container\">\n\t\t\t\t\t\t\t<h3><strong>F-DGSi&nbsp;<\/strong><b>Estados Unidos<\/b><strong><br><\/strong><\/h3>\n<p>F-DGSi Inc.<br>Boston, USA<br>Tel: +1(617) 576-2005<br>Fax: +1(617) 576-2001<br>Mail : info@f-dgs.com<\/p>\t\t\t\t\t\t<\/div>\n\t\t\t\t<\/div>\n\t\t\t\t<\/div>\n\t\t\t\t<\/div>\n\t\t<div class=\"elementor-element elementor-element-606df80 e-con-full max-width e-flex e-con e-child\" data-id=\"606df80\" data-element_type=\"container\" data-settings=\"{&quot;jet_parallax_layout_list&quot;:[]}\">\n\t\t\t\t<\/div>\n\t\t\t\t\t<\/div>\n\t\t\t\t<\/div>\n\t\t\t\t<\/div>\n\t\t","protected":false},"excerpt":{"rendered":"<p>Pedido de informa\u00e7\u00f5es Na F-DGSi estamos concentrados em fornecer um elevado n\u00edvel de servi\u00e7o em rela\u00e7\u00e3o aos nossos produtos e apoio no local, assegurando ao mesmo tempo que satisfazemos as suas expectativas. Por favor, contacte-nos seleccionando o tipo de consulta apropriado e preenchendo o m\u00e1ximo de informa\u00e7\u00e3o poss\u00edvel para que possamos assegurar que a sua [&hellip;]<\/p>\n","protected":false},"author":2,"featured_media":0,"parent":0,"menu_order":0,"comment_status":"closed","ping_status":"closed","template":"elementor_header_footer","meta":{"footnotes":""},"class_list":["post-8209","page","type-page","status-publish","hentry"],"_links":{"self":[{"href":"https:\/\/www.f-dgs.com\/pt-pt\/wp-json\/wp\/v2\/pages\/8209","targetHints":{"allow":["GET"]}}],"collection":[{"href":"https:\/\/www.f-dgs.com\/pt-pt\/wp-json\/wp\/v2\/pages"}],"about":[{"href":"https:\/\/www.f-dgs.com\/pt-pt\/wp-json\/wp\/v2\/types\/page"}],"author":[{"embeddable":true,"href":"https:\/\/www.f-dgs.com\/pt-pt\/wp-json\/wp\/v2\/users\/2"}],"replies":[{"embeddable":true,"href":"https:\/\/www.f-dgs.com\/pt-pt\/wp-json\/wp\/v2\/comments?post=8209"}],"version-history":[{"count":6,"href":"https:\/\/www.f-dgs.com\/pt-pt\/wp-json\/wp\/v2\/pages\/8209\/revisions"}],"predecessor-version":[{"id":15986,"href":"https:\/\/www.f-dgs.com\/pt-pt\/wp-json\/wp\/v2\/pages\/8209\/revisions\/15986"}],"wp:attachment":[{"href":"https:\/\/www.f-dgs.com\/pt-pt\/wp-json\/wp\/v2\/media?parent=8209"}],"curies":[{"name":"wp","href":"https:\/\/api.w.org\/{rel}","templated":true}]}}