{"id":13917,"date":"2022-03-29T10:34:27","date_gmt":"2022-03-29T08:34:27","guid":{"rendered":"https:\/\/www.f-dgs.com\/product\/senza-categoria\/generatore-di-azoto-celeno\/"},"modified":"2022-03-29T10:34:27","modified_gmt":"2022-03-29T08:34:27","slug":"generatore-di-azoto-celeno","status":"publish","type":"product","link":"https:\/\/www.f-dgs.com\/it\/product\/generatori-di-azoto-da-laboratorio\/generatore-di-azoto-celeno\/","title":{"rendered":"Generatore di azoto CELENO"},"content":{"rendered":"<p>Con 20 L\/min, la gamma CELENO Nitrogen offre una soluzione di azoto ad alta purezza per gli strumenti GC x GC con Cryogen. Il generatore ha un punto di rugiada molto basso per lavorare con applicazioni criogeniche senza congelare.<br \/>\nIl CELENO \u00e8 disponibile senza o con compressore d&#8217;aria oil free integrato che utilizza la modalit\u00e0 Energy Saving Technology (EST). \u00c8 estremamente compatto e silenzioso. Il generatore \u00e8 controllato con la pi\u00f9 recente tecnologia touch screen a colori per visualizzare il processo in tempo reale, la pressione di ingresso\/uscita, il flusso di N2 e lo stato del sistema con accesso remoto per il controllo diagnostico.<br \/>\nUtilizza la tecnologia avanzata PSA di separazione dell&#8217;azoto e dell&#8217;ossigeno per produrre azoto gassoso di alta qualit\u00e0 su richiesta 24 ore su 24, 7 giorni su 7.<\/p>\n","protected":false},"excerpt":{"rendered":"<p>Con 20 L\/min, la gamma CELENO Nitrogen offre una soluzione di azoto ad alta purezza per gli strumenti GC x GC con Cryogen. Il generatore ha un punto di rugiada molto basso per lavorare con applicazioni criogeniche senza congelare. Il CELENO \u00e8 disponibile senza o con compressore d&#8217;aria oil free integrato che utilizza la modalit\u00e0 [&hellip;]<\/p>\n","protected":false},"featured_media":13918,"comment_status":"open","ping_status":"closed","template":"","meta":[],"product_cat":[340],"product_tag":[360],"class_list":{"0":"post-13917","1":"product","2":"type-product","3":"status-publish","4":"has-post-thumbnail","6":"product_cat-generatori-di-azoto-da-laboratorio","7":"product_tag-gc-e-gc-ms-it","9":"first","10":"instock","11":"shipping-taxable","12":"product-type-simple"},"_links":{"self":[{"href":"https:\/\/www.f-dgs.com\/it\/wp-json\/wp\/v2\/product\/13917","targetHints":{"allow":["GET"]}}],"collection":[{"href":"https:\/\/www.f-dgs.com\/it\/wp-json\/wp\/v2\/product"}],"about":[{"href":"https:\/\/www.f-dgs.com\/it\/wp-json\/wp\/v2\/types\/product"}],"replies":[{"embeddable":true,"href":"https:\/\/www.f-dgs.com\/it\/wp-json\/wp\/v2\/comments?post=13917"}],"wp:featuredmedia":[{"embeddable":true,"href":"https:\/\/www.f-dgs.com\/it\/wp-json\/wp\/v2\/media\/13918"}],"wp:attachment":[{"href":"https:\/\/www.f-dgs.com\/it\/wp-json\/wp\/v2\/media?parent=13917"}],"wp:term":[{"taxonomy":"product_cat","embeddable":true,"href":"https:\/\/www.f-dgs.com\/it\/wp-json\/wp\/v2\/product_cat?post=13917"},{"taxonomy":"product_tag","embeddable":true,"href":"https:\/\/www.f-dgs.com\/it\/wp-json\/wp\/v2\/product_tag?post=13917"}],"curies":[{"name":"wp","href":"https:\/\/api.w.org\/{rel}","templated":true}]}}