{"id":13915,"date":"2022-03-29T10:34:03","date_gmt":"2022-03-29T08:34:03","guid":{"rendered":"https:\/\/www.f-dgs.com\/product\/senza-categoria\/generatore-di-azoto-calypso-duo\/"},"modified":"2026-04-15T18:41:34","modified_gmt":"2026-04-15T16:41:34","slug":"generatore-di-azoto-calypso-duo","status":"publish","type":"product","link":"https:\/\/www.f-dgs.com\/it\/product\/generatori-di-azoto-da-laboratorio\/generatore-di-azoto-calypso-duo\/","title":{"rendered":"Generatore di azoto CALYPSO DUO"},"content":{"rendered":"<p>CALYPSO DUO combina la capacit\u00e0 di due generatori di azoto CALYPSO in un unico sistema completamente integrato. CALYPSO DUO \u00e8 disponibile con un compressore d&#8217;aria integrato senza olio che utilizza la tecnologia di risparmio energetico (EST). \u00c8 estremamente compatto e silenzioso.<br \/>\nIl generatore \u00e8 controllato con la pi\u00f9 recente tecnologia touchscreen a colori per visualizzare in tempo reale il processo, la pressione di ingresso\/uscita, il flusso di N2 e lo stato del sistema, con accesso remoto per il controllo diagnostico.<br \/>\nUtilizza una tripla filtrazione intelligente e un&#8217;avanzata tecnologia di separazione azoto\/ossigeno PSA per produrre azoto gassoso di alta qualit\u00e0 su richiesta, 24 ore su 24, 7 giorni su 7.<\/p>\n","protected":false},"excerpt":{"rendered":"<p>CALYPSO DUO combina la capacit\u00e0 di due generatori di azoto CALYPSO in un unico sistema completamente integrato. CALYPSO DUO \u00e8 disponibile con un compressore d&#8217;aria integrato senza olio che utilizza la tecnologia di risparmio energetico (EST). \u00c8 estremamente compatto e silenzioso. Il generatore \u00e8 controllato con la pi\u00f9 recente tecnologia touchscreen a colori per visualizzare [&hellip;]<\/p>\n","protected":false},"featured_media":13916,"comment_status":"open","ping_status":"closed","template":"","meta":[],"product_cat":[340],"product_tag":[333],"class_list":{"0":"post-13915","1":"product","2":"type-product","3":"status-publish","4":"has-post-thumbnail","6":"product_cat-generatori-di-azoto-da-laboratorio","7":"product_tag-lc-ms-ms-it","9":"first","10":"instock","11":"shipping-taxable","12":"product-type-simple"},"_links":{"self":[{"href":"https:\/\/www.f-dgs.com\/it\/wp-json\/wp\/v2\/product\/13915","targetHints":{"allow":["GET"]}}],"collection":[{"href":"https:\/\/www.f-dgs.com\/it\/wp-json\/wp\/v2\/product"}],"about":[{"href":"https:\/\/www.f-dgs.com\/it\/wp-json\/wp\/v2\/types\/product"}],"replies":[{"embeddable":true,"href":"https:\/\/www.f-dgs.com\/it\/wp-json\/wp\/v2\/comments?post=13915"}],"wp:featuredmedia":[{"embeddable":true,"href":"https:\/\/www.f-dgs.com\/it\/wp-json\/wp\/v2\/media\/13916"}],"wp:attachment":[{"href":"https:\/\/www.f-dgs.com\/it\/wp-json\/wp\/v2\/media?parent=13915"}],"wp:term":[{"taxonomy":"product_cat","embeddable":true,"href":"https:\/\/www.f-dgs.com\/it\/wp-json\/wp\/v2\/product_cat?post=13915"},{"taxonomy":"product_tag","embeddable":true,"href":"https:\/\/www.f-dgs.com\/it\/wp-json\/wp\/v2\/product_tag?post=13915"}],"curies":[{"name":"wp","href":"https:\/\/api.w.org\/{rel}","templated":true}]}}