{"id":13907,"date":"2022-03-29T19:02:34","date_gmt":"2022-03-29T17:02:34","guid":{"rendered":"https:\/\/www.f-dgs.com\/product\/senza-categoria\/generatore-di-azoto-neso\/"},"modified":"2022-03-29T19:02:34","modified_gmt":"2022-03-29T17:02:34","slug":"generatore-di-azoto-neso","status":"publish","type":"product","link":"https:\/\/www.f-dgs.com\/it\/product\/generatori-di-azoto-da-laboratorio\/generatore-di-azoto-neso\/","title":{"rendered":"Generatore di azoto NESO"},"content":{"rendered":"<p class=\"p2\">Con 3 modelli, da 1 L\/min a 5 L\/min, la gamma NESO Nitrogen offre una soluzione di azoto ad alta purezza per strumenti GC\/ICP\/TOC.<span class=\"Apple-converted-space\"> <\/span><\/p>\n<p class=\"p2\">Il NESO \u00e8 disponibile senza o con compressore d&#8217;aria oil free integrato che utilizza la <span class=\"s2\">modalit\u00e0 Energy Saving Technology (EST)<\/span>. \u00c8 estremamente compatto e silenzioso.<span class=\"Apple-converted-space\"> <\/span><\/p>\n<p class=\"p2\">Il generatore \u00e8 controllato con la pi\u00f9 recente tecnologia touch screen a colori per visualizzare il processo in tempo reale, la pressione di ingresso\/uscita, il flusso di N2 e lo stato del sistema con accesso remoto per il controllo diagnostico.<span class=\"Apple-converted-space\"> <\/span><\/p>\n<p class=\"p3\">Utilizza la <span class=\"s2\">tecnologia avanzata PSA <\/span>di separazione dell&#8217;azoto e dell&#8217;ossigeno per produrre azoto gassoso di alta qualit\u00e0 su richiesta 24 ore su 24, 7 giorni su 7.<span class=\"Apple-converted-space\"> <\/span><\/p>\n","protected":false},"excerpt":{"rendered":"<p>Con 3 modelli, da 1 L\/min a 5 L\/min, la gamma NESO Nitrogen offre una soluzione di azoto ad alta purezza per strumenti GC\/ICP\/TOC. Il NESO \u00e8 disponibile senza o con compressore d&#8217;aria oil free integrato che utilizza la modalit\u00e0 Energy Saving Technology (EST). \u00c8 estremamente compatto e silenzioso. Il generatore \u00e8 controllato con la [&hellip;]<\/p>\n","protected":false},"featured_media":13909,"comment_status":"open","ping_status":"closed","template":"","meta":[],"product_cat":[340],"product_tag":[341,360],"class_list":{"0":"post-13907","1":"product","2":"type-product","3":"status-publish","4":"has-post-thumbnail","6":"product_cat-generatori-di-azoto-da-laboratorio","7":"product_tag-altre-applicazioni","8":"product_tag-gc-e-gc-ms-it","10":"first","11":"instock","12":"shipping-taxable","13":"product-type-simple"},"_links":{"self":[{"href":"https:\/\/www.f-dgs.com\/it\/wp-json\/wp\/v2\/product\/13907","targetHints":{"allow":["GET"]}}],"collection":[{"href":"https:\/\/www.f-dgs.com\/it\/wp-json\/wp\/v2\/product"}],"about":[{"href":"https:\/\/www.f-dgs.com\/it\/wp-json\/wp\/v2\/types\/product"}],"replies":[{"embeddable":true,"href":"https:\/\/www.f-dgs.com\/it\/wp-json\/wp\/v2\/comments?post=13907"}],"wp:featuredmedia":[{"embeddable":true,"href":"https:\/\/www.f-dgs.com\/it\/wp-json\/wp\/v2\/media\/13909"}],"wp:attachment":[{"href":"https:\/\/www.f-dgs.com\/it\/wp-json\/wp\/v2\/media?parent=13907"}],"wp:term":[{"taxonomy":"product_cat","embeddable":true,"href":"https:\/\/www.f-dgs.com\/it\/wp-json\/wp\/v2\/product_cat?post=13907"},{"taxonomy":"product_tag","embeddable":true,"href":"https:\/\/www.f-dgs.com\/it\/wp-json\/wp\/v2\/product_tag?post=13907"}],"curies":[{"name":"wp","href":"https:\/\/api.w.org\/{rel}","templated":true}]}}