{"id":13879,"date":"2022-03-29T19:01:46","date_gmt":"2022-03-29T17:01:46","guid":{"rendered":"https:\/\/www.f-dgs.com\/product\/senza-categoria\/themisto-n2-mp-generatore-di-azoto\/"},"modified":"2022-03-29T19:01:46","modified_gmt":"2022-03-29T17:01:46","slug":"themisto-n2-mp-generatore-di-azoto","status":"publish","type":"product","link":"https:\/\/www.f-dgs.com\/it\/product\/generatori-di-azoto-da-laboratorio\/themisto-n2-mp-generatore-di-azoto\/","title":{"rendered":"THEMISTO N2.MP Generatore di azoto"},"content":{"rendered":"<p>Il generatore THEMISTO N2.MP \u00e8 stato progettato specificamente per soddisfare le esigenze di azoto per il purga del monocromatore di supporto al plasma per lo strumento MP-AES.<br \/>\nTHEMISTO N2.MP \u00e8 disponibile con un compressore d&#8217;aria oil free integrato che utilizza la modalit\u00e0 Energy Saving Technology (EST). Dotato di un sensore di ossigeno opzionale, THEMISTO N2.MP ti avviser\u00e0 quando la purezza dell&#8217;N2 \u00e8 diminuita.<br \/>\nIl generatore \u00e8 controllato con la pi\u00f9 recente tecnologia touch screen a colori per visualizzare il processo in tempo reale, le pressioni di ingresso\/uscita e lo stato del sistema con accesso remoto per il controllo diagnostico.<\/p>\n","protected":false},"excerpt":{"rendered":"<p>Il generatore THEMISTO N2.MP \u00e8 stato progettato specificamente per soddisfare le esigenze di azoto per il purga del monocromatore di supporto al plasma per lo strumento MP-AES. THEMISTO N2.MP \u00e8 disponibile con un compressore d&#8217;aria oil free integrato che utilizza la modalit\u00e0 Energy Saving Technology (EST). Dotato di un sensore di ossigeno opzionale, THEMISTO N2.MP [&hellip;]<\/p>\n","protected":false},"featured_media":13880,"comment_status":"open","ping_status":"closed","template":"","meta":[],"product_cat":[340],"product_tag":[341],"class_list":{"0":"post-13879","1":"product","2":"type-product","3":"status-publish","4":"has-post-thumbnail","6":"product_cat-generatori-di-azoto-da-laboratorio","7":"product_tag-altre-applicazioni","9":"first","10":"instock","11":"shipping-taxable","12":"product-type-simple"},"_links":{"self":[{"href":"https:\/\/www.f-dgs.com\/it\/wp-json\/wp\/v2\/product\/13879","targetHints":{"allow":["GET"]}}],"collection":[{"href":"https:\/\/www.f-dgs.com\/it\/wp-json\/wp\/v2\/product"}],"about":[{"href":"https:\/\/www.f-dgs.com\/it\/wp-json\/wp\/v2\/types\/product"}],"replies":[{"embeddable":true,"href":"https:\/\/www.f-dgs.com\/it\/wp-json\/wp\/v2\/comments?post=13879"}],"wp:featuredmedia":[{"embeddable":true,"href":"https:\/\/www.f-dgs.com\/it\/wp-json\/wp\/v2\/media\/13880"}],"wp:attachment":[{"href":"https:\/\/www.f-dgs.com\/it\/wp-json\/wp\/v2\/media?parent=13879"}],"wp:term":[{"taxonomy":"product_cat","embeddable":true,"href":"https:\/\/www.f-dgs.com\/it\/wp-json\/wp\/v2\/product_cat?post=13879"},{"taxonomy":"product_tag","embeddable":true,"href":"https:\/\/www.f-dgs.com\/it\/wp-json\/wp\/v2\/product_tag?post=13879"}],"curies":[{"name":"wp","href":"https:\/\/api.w.org\/{rel}","templated":true}]}}