{"id":13878,"date":"2022-03-29T17:56:22","date_gmt":"2022-03-29T15:56:22","guid":{"rendered":"https:\/\/www.f-dgs.com\/product\/senza-categoria\/generatore-di-azoto-cosmos-n2-m\/"},"modified":"2022-03-29T17:56:22","modified_gmt":"2022-03-29T15:56:22","slug":"generatore-di-azoto-cosmos-n2-m","status":"publish","type":"product","link":"https:\/\/www.f-dgs.com\/it\/product\/generatori-di-azoto-da-laboratorio\/generatore-di-azoto-cosmos-n2-m\/","title":{"rendered":"Generatore di azoto COSMOS N2.M"},"content":{"rendered":"<p>Il COSMOS N2.M \u00e8 una soluzione di azoto per ELSD e spettrometri di massa compatti. Il generatore COSMOS N2.M produce azoto secco e privo di idrocarburi, utilizzando aria proveniente da un compressore esterno privo di olio.<br \/>\nUtilizza una tecnologia avanzata a membrana per separare l&#8217;azoto e l&#8217;ossigeno e produrre azoto gassoso di alta qualit\u00e0 su richiesta, 24 ore su 24, 7 giorni su 7.<br \/>\nQuesto sistema completo chiavi in mano \u00e8 progettato con componenti di altissima qualit\u00e0, \u00e8 facile da installare e richiede una manutenzione annuale minima.<br \/>\nIl design ergonomico, compatto e impilabile consente di posizionarlo su un banco di lavoro o di combinarlo con il COMPRESSORE D&#8217;ARIA COSMOS per i laboratori che non dispongono di una fornitura d&#8217;aria interna.<\/p>\n","protected":false},"excerpt":{"rendered":"<p>Il COSMOS N2.M \u00e8 una soluzione di azoto per ELSD e spettrometri di massa compatti. Il generatore COSMOS N2.M produce azoto secco e privo di idrocarburi, utilizzando aria proveniente da un compressore esterno privo di olio. Utilizza una tecnologia avanzata a membrana per separare l&#8217;azoto e l&#8217;ossigeno e produrre azoto gassoso di alta qualit\u00e0 su [&hellip;]<\/p>\n","protected":false},"featured_media":13707,"comment_status":"open","ping_status":"closed","template":"","meta":[],"product_cat":[340],"product_tag":[360],"class_list":{"0":"post-13878","1":"product","2":"type-product","3":"status-publish","4":"has-post-thumbnail","6":"product_cat-generatori-di-azoto-da-laboratorio","7":"product_tag-gc-e-gc-ms-it","9":"first","10":"instock","11":"shipping-taxable","12":"product-type-simple"},"_links":{"self":[{"href":"https:\/\/www.f-dgs.com\/it\/wp-json\/wp\/v2\/product\/13878","targetHints":{"allow":["GET"]}}],"collection":[{"href":"https:\/\/www.f-dgs.com\/it\/wp-json\/wp\/v2\/product"}],"about":[{"href":"https:\/\/www.f-dgs.com\/it\/wp-json\/wp\/v2\/types\/product"}],"replies":[{"embeddable":true,"href":"https:\/\/www.f-dgs.com\/it\/wp-json\/wp\/v2\/comments?post=13878"}],"wp:featuredmedia":[{"embeddable":true,"href":"https:\/\/www.f-dgs.com\/it\/wp-json\/wp\/v2\/media\/13707"}],"wp:attachment":[{"href":"https:\/\/www.f-dgs.com\/it\/wp-json\/wp\/v2\/media?parent=13878"}],"wp:term":[{"taxonomy":"product_cat","embeddable":true,"href":"https:\/\/www.f-dgs.com\/it\/wp-json\/wp\/v2\/product_cat?post=13878"},{"taxonomy":"product_tag","embeddable":true,"href":"https:\/\/www.f-dgs.com\/it\/wp-json\/wp\/v2\/product_tag?post=13878"}],"curies":[{"name":"wp","href":"https:\/\/api.w.org\/{rel}","templated":true}]}}