{"id":13835,"date":"2022-03-07T11:35:03","date_gmt":"2022-03-07T10:35:03","guid":{"rendered":"https:\/\/www.f-dgs.com\/product\/senza-categoria\/generatore-di-azoto-calypso\/"},"modified":"2026-04-15T18:38:35","modified_gmt":"2026-04-15T16:38:35","slug":"generatore-di-azoto-calypso","status":"publish","type":"product","link":"https:\/\/www.f-dgs.com\/it\/product\/generatori-di-azoto-da-laboratorio\/generatore-di-azoto-calypso\/","title":{"rendered":"Generatore di azoto CALYPSO"},"content":{"rendered":"<p class=\"p2\">Con 5 modelli, da 15 L\/min a 70 L\/min, la gamma CALYPSO Nitrogen offre una soluzione di azoto per gli strumenti LCMS con una pressione di aumento di 8 bar (116 psi).<\/p>\n<p class=\"p2\">Il CALYPSO \u00e8 disponibile senza o con compressore d&#8217;aria oil free integrato che utilizza la modalit\u00e0 Energy Saving Technology (EST). \u00c8 estremamente compatto e silenzioso.<\/p>\n<p class=\"p2\">Il generatore \u00e8 controllato con la pi\u00f9 recente tecnologia touch screen a colori per visualizzare il processo in tempo reale, la pressione di ingresso\/uscita, il flusso di N2 e lo stato del sistema con accesso remoto per il controllo diagnostico.<\/p>\n<p class=\"p3\">Utilizzando la tripla filtrazione intelligente e la tecnologia avanzata PSA di separazione dell&#8217;azoto e dell&#8217;ossigeno per produrre gas di azoto di alta qualit\u00e0 su richiesta, 24 ore su 24, 7 giorni su 7.<\/p>\n","protected":false},"excerpt":{"rendered":"<p class=\"p2\">Con 5 modelli, da 15 L\/min a 70 L\/min, la gamma CALYPSO Nitrogen offre una soluzione di azoto per gli strumenti LCMS con una pressione di aumento di 8 bar (116 psi).<\/p>\n<p class=\"p2\">Il CALYPSO \u00e8 disponibile senza o con compressore d&#8217;aria oil free integrato che utilizza la <span class=\"s2\">modalit\u00e0 Energy Saving Technology (EST)<\/span>. \u00c8 estremamente compatto e silenzioso.<\/p>\n<p class=\"p2\">Il generatore \u00e8 controllato con la pi\u00f9 recente tecnologia touch screen a colori per visualizzare il processo in tempo reale, la pressione di ingresso\/uscita, il flusso di N2 e lo stato del sistema con accesso remoto per il controllo diagnostico.<\/p>\n<p class=\"p3\">Utilizzando la <span class=\"s2\">tripla filtrazione intelligente e la tecnologia avanzata PSA <\/span>di separazione dell&#8217;azoto e dell&#8217;ossigeno per produrre gas di azoto di alta qualit\u00e0 su richiesta, 24 ore su 24, 7 giorni su 7.<\/p>\n","protected":false},"featured_media":13836,"comment_status":"closed","ping_status":"closed","template":"","meta":[],"product_cat":[340],"product_tag":[333],"class_list":{"0":"post-13835","1":"product","2":"type-product","3":"status-publish","4":"has-post-thumbnail","6":"product_cat-generatori-di-azoto-da-laboratorio","7":"product_tag-lc-ms-ms-it","9":"first","10":"instock","11":"shipping-taxable","12":"product-type-simple"},"_links":{"self":[{"href":"https:\/\/www.f-dgs.com\/it\/wp-json\/wp\/v2\/product\/13835","targetHints":{"allow":["GET"]}}],"collection":[{"href":"https:\/\/www.f-dgs.com\/it\/wp-json\/wp\/v2\/product"}],"about":[{"href":"https:\/\/www.f-dgs.com\/it\/wp-json\/wp\/v2\/types\/product"}],"replies":[{"embeddable":true,"href":"https:\/\/www.f-dgs.com\/it\/wp-json\/wp\/v2\/comments?post=13835"}],"wp:featuredmedia":[{"embeddable":true,"href":"https:\/\/www.f-dgs.com\/it\/wp-json\/wp\/v2\/media\/13836"}],"wp:attachment":[{"href":"https:\/\/www.f-dgs.com\/it\/wp-json\/wp\/v2\/media?parent=13835"}],"wp:term":[{"taxonomy":"product_cat","embeddable":true,"href":"https:\/\/www.f-dgs.com\/it\/wp-json\/wp\/v2\/product_cat?post=13835"},{"taxonomy":"product_tag","embeddable":true,"href":"https:\/\/www.f-dgs.com\/it\/wp-json\/wp\/v2\/product_tag?post=13835"}],"curies":[{"name":"wp","href":"https:\/\/api.w.org\/{rel}","templated":true}]}}