{"id":13752,"date":"2022-05-03T23:22:20","date_gmt":"2022-05-03T21:22:20","guid":{"rendered":"https:\/\/www.f-dgs.com\/product\/senza-categoria\/cosmos-za-generatore-daria-zero\/"},"modified":"2024-07-22T09:29:17","modified_gmt":"2024-07-22T07:29:17","slug":"cosmos-za","status":"publish","type":"product","link":"https:\/\/www.f-dgs.com\/it\/product\/generatori-daria\/cosmos-za\/","title":{"rendered":"COSMOS ZA Generatore d&#8217;aria zero"},"content":{"rendered":"<p class=\"p2\">I generatori COSMOS Zero Air producono aria secca e priva di idrocarburi, utilizzando aria proveniente da compressori oil-free, da utilizzare come gas rivelatore per la GC.<\/p>\n<p class=\"p2\">Progettato all&#8217;insegna della sicurezza e della praticit\u00e0, questo sistema elimina la necessit\u00e0 di utilizzare le scomode bombole di gas ad alta pressione.<\/p>\n<p class=\"p2\">Questo sistema completo chiavi in mano \u00e8 progettato con componenti di altissima qualit\u00e0, \u00e8 facile da installare e richiede una manutenzione annuale minima.<\/p>\n<p class=\"p3\">Il design ergonomico, compatto e impilabile rende la serie Zero Air la soluzione ideale per l&#8217;alimentazione del gas del tuo GC.<\/p>\n","protected":false},"excerpt":{"rendered":"<p>I generatori COSMOS Zero Air producono aria secca e priva di idrocarburi, utilizzando aria proveniente da compressori oil-free, da utilizzare come gas rivelatore per la GC. Progettato all&#8217;insegna della sicurezza e della praticit\u00e0, questo sistema elimina la necessit\u00e0 di utilizzare le scomode bombole di gas ad alta pressione. Questo sistema completo chiavi in mano \u00e8 [&hellip;]<\/p>\n","protected":false},"featured_media":13754,"comment_status":"closed","ping_status":"closed","template":"","meta":[],"product_cat":[252],"product_tag":[253],"class_list":{"0":"post-13752","1":"product","2":"type-product","3":"status-publish","4":"has-post-thumbnail","6":"product_cat-generatori-daria","7":"product_tag-gc-it","9":"first","10":"instock","11":"shipping-taxable","12":"product-type-simple"},"_links":{"self":[{"href":"https:\/\/www.f-dgs.com\/it\/wp-json\/wp\/v2\/product\/13752","targetHints":{"allow":["GET"]}}],"collection":[{"href":"https:\/\/www.f-dgs.com\/it\/wp-json\/wp\/v2\/product"}],"about":[{"href":"https:\/\/www.f-dgs.com\/it\/wp-json\/wp\/v2\/types\/product"}],"replies":[{"embeddable":true,"href":"https:\/\/www.f-dgs.com\/it\/wp-json\/wp\/v2\/comments?post=13752"}],"wp:featuredmedia":[{"embeddable":true,"href":"https:\/\/www.f-dgs.com\/it\/wp-json\/wp\/v2\/media\/13754"}],"wp:attachment":[{"href":"https:\/\/www.f-dgs.com\/it\/wp-json\/wp\/v2\/media?parent=13752"}],"wp:term":[{"taxonomy":"product_cat","embeddable":true,"href":"https:\/\/www.f-dgs.com\/it\/wp-json\/wp\/v2\/product_cat?post=13752"},{"taxonomy":"product_tag","embeddable":true,"href":"https:\/\/www.f-dgs.com\/it\/wp-json\/wp\/v2\/product_tag?post=13752"}],"curies":[{"name":"wp","href":"https:\/\/api.w.org\/{rel}","templated":true}]}}