{"id":13675,"date":"2022-05-17T00:43:41","date_gmt":"2022-05-16T22:43:41","guid":{"rendered":"https:\/\/www.f-dgs.com\/product\/senza-categoria\/themisto-pega-generatore-combinato-di-azoto-aria\/"},"modified":"2022-05-17T00:43:41","modified_gmt":"2022-05-16T22:43:41","slug":"themisto-pega-generatore-combinato-di-azoto-aria","status":"publish","type":"product","link":"https:\/\/www.f-dgs.com\/it\/product\/generatori-combinati-di-azoto-aria\/themisto-pega-generatore-combinato-di-azoto-aria\/","title":{"rendered":"THEMISTO PEGA Generatore combinato di azoto-aria"},"content":{"rendered":"<p class=\"p2\">Il generatore a doppio flusso THEMISTO PEGA \u00e8 stato progettato specificamente per soddisfare le esigenze di azoto e aria pura per alimentare un GC x GC-TOFMS LECO PEGASUS 4D.<span class=\"Apple-converted-space\"> <\/span><\/p>\n<p class=\"p2\">THEMISTO PEGA \u00e8 disponibile con un compressore d&#8217;aria oil free integrato che utilizza la <span class=\"s2\">modalit\u00e0 Energy Saving Technology (EST)<\/span>. \u00c8 estremamente compatto e silenzioso.<span class=\"Apple-converted-space\"> <\/span><\/p>\n<p class=\"p2\">Il generatore \u00e8 controllato con la pi\u00f9 recente tecnologia touch screen a colori per visualizzare il processo in tempo reale, le pressioni di ingresso\/uscita e lo stato del sistema con accesso remoto per il controllo diagnostico.<span class=\"Apple-converted-space\"> <\/span><\/p>\n<p class=\"p2\">L&#8217;azoto viene prodotto tramite l&#8217;assorbimento a pressione (PSA) per<span class=\"Apple-converted-space\"> <\/span>rimuovere l&#8217;ossigeno, l&#8217;anidride carbonica e l&#8217;acqua dall&#8217;aria compressa e l&#8217;aria purificata viene prodotta utilizzando un filtro ciclonico di separazione dell&#8217;acqua e un filtro submicronico a coalescenza.<span class=\"Apple-converted-space\"> <\/span><\/p>\n","protected":false},"excerpt":{"rendered":"<p>Il generatore a doppio flusso THEMISTO PEGA \u00e8 stato progettato specificamente per soddisfare le esigenze di azoto e aria pura per alimentare un GC x GC-TOFMS LECO PEGASUS 4D. THEMISTO PEGA \u00e8 disponibile con un compressore d&#8217;aria oil free integrato che utilizza la modalit\u00e0 Energy Saving Technology (EST). \u00c8 estremamente compatto e silenzioso. Il generatore [&hellip;]<\/p>\n","protected":false},"featured_media":13677,"comment_status":"open","ping_status":"closed","template":"","meta":[],"product_cat":[327],"product_tag":[331],"class_list":{"0":"post-13675","1":"product","2":"type-product","3":"status-publish","4":"has-post-thumbnail","6":"product_cat-generatori-combinati-di-azoto-aria","7":"product_tag-pegasus-it","9":"first","10":"instock","11":"shipping-taxable","12":"product-type-simple"},"_links":{"self":[{"href":"https:\/\/www.f-dgs.com\/it\/wp-json\/wp\/v2\/product\/13675","targetHints":{"allow":["GET"]}}],"collection":[{"href":"https:\/\/www.f-dgs.com\/it\/wp-json\/wp\/v2\/product"}],"about":[{"href":"https:\/\/www.f-dgs.com\/it\/wp-json\/wp\/v2\/types\/product"}],"replies":[{"embeddable":true,"href":"https:\/\/www.f-dgs.com\/it\/wp-json\/wp\/v2\/comments?post=13675"}],"wp:featuredmedia":[{"embeddable":true,"href":"https:\/\/www.f-dgs.com\/it\/wp-json\/wp\/v2\/media\/13677"}],"wp:attachment":[{"href":"https:\/\/www.f-dgs.com\/it\/wp-json\/wp\/v2\/media?parent=13675"}],"wp:term":[{"taxonomy":"product_cat","embeddable":true,"href":"https:\/\/www.f-dgs.com\/it\/wp-json\/wp\/v2\/product_cat?post=13675"},{"taxonomy":"product_tag","embeddable":true,"href":"https:\/\/www.f-dgs.com\/it\/wp-json\/wp\/v2\/product_tag?post=13675"}],"curies":[{"name":"wp","href":"https:\/\/api.w.org\/{rel}","templated":true}]}}