{"id":13656,"date":"2022-05-17T18:51:07","date_gmt":"2022-05-17T16:51:07","guid":{"rendered":"https:\/\/www.f-dgs.com\/product\/senza-categoria\/essiccatore-daria-senza-co2-ndc\/"},"modified":"2022-05-17T18:51:07","modified_gmt":"2022-05-17T16:51:07","slug":"essiccatore-daria-senza-co2-ndc","status":"publish","type":"product","link":"https:\/\/www.f-dgs.com\/it\/product\/essiccatori-daria-senza-co2\/essiccatore-daria-senza-co2-ndc\/","title":{"rendered":"Essiccatore d&#8217;aria senza CO2 NDC"},"content":{"rendered":"<p class=\"p2\">L&#8217;essiccatore d&#8217;aria senza CO2 NDC purifica la tua rete di aria compressa per fornire una fornitura continua di aria pulita, secca (-70\u00b0C PDP) e senza CO2 (&lt; 1ppm). Permette di sostituire le bombole di azoto o ossigeno ad alta pressione.<span class=\"Apple-converted-space\"> <\/span><\/p>\n<p class=\"p2\">L&#8217;unit\u00e0 \u00e8 molto compatta, risparmia spazio in laboratorio, \u00e8 silenziosa e facile da installare.<span class=\"Apple-converted-space\"> <\/span><\/p>\n<p class=\"p3\">L&#8217;NDC pu\u00f2 informarti quando l&#8217;assistenza \u00e8 prevista tramite il display.<span class=\"Apple-converted-space\"> <\/span><\/p>\n","protected":false},"excerpt":{"rendered":"<p>L&#8217;essiccatore d&#8217;aria senza CO2 NDC purifica la tua rete di aria compressa per fornire una fornitura continua di aria pulita, secca (-70\u00b0C PDP) e senza CO2 (&lt; 1ppm). Permette di sostituire le bombole di azoto o ossigeno ad alta pressione. L&#8217;unit\u00e0 \u00e8 molto compatta, risparmia spazio in laboratorio, \u00e8 silenziosa e facile da installare. L&#8217;NDC [&hellip;]<\/p>\n","protected":false},"featured_media":13649,"comment_status":"open","ping_status":"closed","template":"","meta":[],"product_cat":[321],"product_tag":[322],"class_list":{"0":"post-13656","1":"product","2":"type-product","3":"status-publish","4":"has-post-thumbnail","6":"product_cat-essiccatori-daria-senza-co2","7":"product_tag-essiccatori-daria-senza-co2","9":"first","10":"instock","11":"shipping-taxable","12":"product-type-simple"},"_links":{"self":[{"href":"https:\/\/www.f-dgs.com\/it\/wp-json\/wp\/v2\/product\/13656","targetHints":{"allow":["GET"]}}],"collection":[{"href":"https:\/\/www.f-dgs.com\/it\/wp-json\/wp\/v2\/product"}],"about":[{"href":"https:\/\/www.f-dgs.com\/it\/wp-json\/wp\/v2\/types\/product"}],"replies":[{"embeddable":true,"href":"https:\/\/www.f-dgs.com\/it\/wp-json\/wp\/v2\/comments?post=13656"}],"wp:featuredmedia":[{"embeddable":true,"href":"https:\/\/www.f-dgs.com\/it\/wp-json\/wp\/v2\/media\/13649"}],"wp:attachment":[{"href":"https:\/\/www.f-dgs.com\/it\/wp-json\/wp\/v2\/media?parent=13656"}],"wp:term":[{"taxonomy":"product_cat","embeddable":true,"href":"https:\/\/www.f-dgs.com\/it\/wp-json\/wp\/v2\/product_cat?post=13656"},{"taxonomy":"product_tag","embeddable":true,"href":"https:\/\/www.f-dgs.com\/it\/wp-json\/wp\/v2\/product_tag?post=13656"}],"curies":[{"name":"wp","href":"https:\/\/api.w.org\/{rel}","templated":true}]}}