{"id":13645,"date":"2022-05-17T18:43:50","date_gmt":"2022-05-17T16:43:50","guid":{"rendered":"https:\/\/www.f-dgs.com\/product\/senza-categoria\/generatore-di-aria-compressa-ndl\/"},"modified":"2022-05-17T18:43:50","modified_gmt":"2022-05-17T16:43:50","slug":"generatore-di-aria-compressa-ndl","status":"publish","type":"product","link":"https:\/\/www.f-dgs.com\/it\/product\/essiccatori-ad-assorbimento\/generatore-di-aria-compressa-ndl\/","title":{"rendered":"Generatore di aria compressa NDL"},"content":{"rendered":"<p class=\"p2\">L&#8217;aria compressa \u00e8 un&#8217;importante fonte di energia molto utilizzata nell&#8217;industria. Questa utility sicura e affidabile \u00e8 spesso la parte pi\u00f9 importante di un processo produttivo.<span class=\"Apple-converted-space\"> <\/span><\/p>\n<p class=\"p2\">Tuttavia, l&#8217;aria atmosferica contiene vapore acqueo, che si condensa in gocce d&#8217;acqua quando l&#8217;aria compressa si raffredda.<span class=\"Apple-converted-space\"> <\/span>L&#8217;acqua e la sporcizia presenti nell&#8217;aria compressa causano notevoli disagi e costi all&#8217;utente, in quanto possono danneggiare le apparecchiature collegate al compressore.<span class=\"Apple-converted-space\"> <\/span><\/p>\n<p class=\"p2\">Allo stesso tempo, l&#8217;umidit\u00e0 e il calore derivanti dalla compressione dell&#8217;aria creano condizioni favorevoli alla crescita dei microrganismi.<span class=\"Apple-converted-space\"> <\/span>Se l&#8217;aria compressa entra in contatto diretto con esseri umani, animali, alimenti o apparecchiature mediche, possono sorgere problemi di igiene.<\/p>\n","protected":false},"excerpt":{"rendered":"<p>L&#8217;aria compressa \u00e8 un&#8217;importante fonte di energia molto utilizzata nell&#8217;industria. Questa utility sicura e affidabile \u00e8 spesso la parte pi\u00f9 importante di un processo produttivo. Tuttavia, l&#8217;aria atmosferica contiene vapore acqueo, che si condensa in gocce d&#8217;acqua quando l&#8217;aria compressa si raffredda. L&#8217;acqua e la sporcizia presenti nell&#8217;aria compressa causano notevoli disagi e costi all&#8217;utente, [&hellip;]<\/p>\n","protected":false},"featured_media":13647,"comment_status":"open","ping_status":"closed","template":"","meta":[],"product_cat":[311],"product_tag":[312],"class_list":{"0":"post-13645","1":"product","2":"type-product","3":"status-publish","4":"has-post-thumbnail","6":"product_cat-essiccatori-ad-assorbimento","7":"product_tag-essiccatori-ad-assorbimento","9":"first","10":"instock","11":"shipping-taxable","12":"product-type-simple"},"_links":{"self":[{"href":"https:\/\/www.f-dgs.com\/it\/wp-json\/wp\/v2\/product\/13645","targetHints":{"allow":["GET"]}}],"collection":[{"href":"https:\/\/www.f-dgs.com\/it\/wp-json\/wp\/v2\/product"}],"about":[{"href":"https:\/\/www.f-dgs.com\/it\/wp-json\/wp\/v2\/types\/product"}],"replies":[{"embeddable":true,"href":"https:\/\/www.f-dgs.com\/it\/wp-json\/wp\/v2\/comments?post=13645"}],"wp:featuredmedia":[{"embeddable":true,"href":"https:\/\/www.f-dgs.com\/it\/wp-json\/wp\/v2\/media\/13647"}],"wp:attachment":[{"href":"https:\/\/www.f-dgs.com\/it\/wp-json\/wp\/v2\/media?parent=13645"}],"wp:term":[{"taxonomy":"product_cat","embeddable":true,"href":"https:\/\/www.f-dgs.com\/it\/wp-json\/wp\/v2\/product_cat?post=13645"},{"taxonomy":"product_tag","embeddable":true,"href":"https:\/\/www.f-dgs.com\/it\/wp-json\/wp\/v2\/product_tag?post=13645"}],"curies":[{"name":"wp","href":"https:\/\/api.w.org\/{rel}","templated":true}]}}