{"id":9128,"date":"2021-10-29T19:25:55","date_gmt":"2021-10-29T17:25:55","guid":{"rendered":"https:\/\/www.f-dgs.com\/4q-qualifications\/"},"modified":"2024-07-12T17:17:41","modified_gmt":"2024-07-12T15:17:41","slug":"qualifiche-4q","status":"publish","type":"page","link":"https:\/\/www.f-dgs.com\/it\/qualifiche-4q\/","title":{"rendered":"Qualifiche 4Q"},"content":{"rendered":"\t\t<div data-elementor-type=\"wp-page\" data-elementor-id=\"9128\" class=\"elementor elementor-9128 elementor-186\" data-elementor-post-type=\"page\">\n\t\t\t\t<div class=\"elementor-element elementor-element-93fffe6 max-width e-flex e-con-boxed e-con e-parent\" data-id=\"93fffe6\" data-element_type=\"container\" data-settings=\"{&quot;jet_parallax_layout_list&quot;:[]}\">\n\t\t\t\t\t<div class=\"e-con-inner\">\n\t\t\t\t<div class=\"elementor-element elementor-element-e07d63a elementor-widget elementor-widget-jet-breadcrumbs\" data-id=\"e07d63a\" data-element_type=\"widget\" data-widget_type=\"jet-breadcrumbs.default\">\n\t\t\t\t<div class=\"elementor-widget-container\">\n\t\t\t<div class=\"elementor-jet-breadcrumbs jet-blocks\">\n\t\t<div class=\"jet-breadcrumbs\">\n\t\t<div class=\"jet-breadcrumbs__content\">\n\t\t<div class=\"jet-breadcrumbs__wrap\"><div class=\"jet-breadcrumbs__item\"><a href=\"https:\/\/www.f-dgs.com\/it\/\" class=\"jet-breadcrumbs__item-link is-home\" rel=\"home\" title=\"Casa\">Casa<\/a><\/div>\n\t\t<\/div>\n\t\t<\/div>\n\t\t<\/div><\/div>\t\t<\/div>\n\t\t\t\t<\/div>\n\t\t\t\t\t<\/div>\n\t\t\t\t<\/div>\n\t\t<div class=\"elementor-element elementor-element-741597d max-width e-flex e-con-boxed e-con e-parent\" data-id=\"741597d\" data-element_type=\"container\" data-settings=\"{&quot;jet_parallax_layout_list&quot;:[]}\">\n\t\t\t\t\t<div class=\"e-con-inner\">\n\t\t<div class=\"elementor-element elementor-element-bd3803d e-con-full e-flex e-con e-child\" data-id=\"bd3803d\" data-element_type=\"container\" data-settings=\"{&quot;jet_parallax_layout_list&quot;:[]}\">\n\t\t\t\t<div class=\"elementor-element elementor-element-f49476d elementor-widget elementor-widget-heading\" data-id=\"f49476d\" data-element_type=\"widget\" data-widget_type=\"heading.default\">\n\t\t\t\t<div class=\"elementor-widget-container\">\n\t\t\t<h1 class=\"elementor-heading-title elementor-size-default\">Necessit\u00e0 di eseguire il certificato 4Q per dimostrare la conformit\u00e0 dello strumento <\/h1>\t\t<\/div>\n\t\t\t\t<\/div>\n\t\t\t\t<div class=\"elementor-element elementor-element-4567037 elementor-widget elementor-widget-text-editor\" data-id=\"4567037\" data-element_type=\"widget\" data-widget_type=\"text-editor.default\">\n\t\t\t\t<div class=\"elementor-widget-container\">\n\t\t\t\t\t\t\t<p>Per accompagnarvi e aiutarvi nel vostro approccio alla qualit\u00e0, F-DGSi pu\u00f2 offrirvi una serie di documenti di qualificazione e convalida secondo il modello 4Q (QC, IQ, OQ, PQ) per dimostrare la conformit\u00e0 di tutti gli strumenti.\u00a0<\/p><p>Abbiamo sviluppato questi documenti per voi, che avete bisogno di questa certificazione aggiuntiva per le vostre applicazioni analitiche.<\/p><p>Queste qualifiche sono specifiche per ogni generatore di gas e convalidano il dispositivo, la sua installazione, il suo funzionamento e le sue prestazioni sul dispositivo del cliente a cui \u00e8 collegato.<\/p><p>Oltre al nostro tecnico di assistenza altamente qualificato, questi certificati vengono stabiliti eseguendo una serie di test sul generatore di gas utilizzando strumenti di misura calibrati con un certificato di calibrazione.<\/p>\t\t\t\t\t\t<\/div>\n\t\t\t\t<\/div>\n\t\t\t\t<\/div>\n\t\t<div class=\"elementor-element elementor-element-6515481 e-con-full e-flex e-con e-child\" data-id=\"6515481\" data-element_type=\"container\" data-settings=\"{&quot;jet_parallax_layout_list&quot;:[]}\">\n\t\t\t\t<div class=\"elementor-element elementor-element-0a182f2 elementor-widget elementor-widget-image\" data-id=\"0a182f2\" data-element_type=\"widget\" data-widget_type=\"image.default\">\n\t\t\t\t<div class=\"elementor-widget-container\">\n\t\t\t\t\t\t\t\t\t\t\t\t\t<img fetchpriority=\"high\" decoding=\"async\" width=\"1024\" height=\"683\" src=\"https:\/\/www.f-dgs.com\/wp-content\/uploads\/2022\/06\/4Q-qualifications-fdgs-1024x683.webp\" class=\"attachment-large size-large wp-image-9129\" alt=\"\" srcset=\"https:\/\/www.f-dgs.com\/wp-content\/uploads\/2022\/06\/4Q-qualifications-fdgs-1024x683.webp 1024w, https:\/\/www.f-dgs.com\/wp-content\/uploads\/2022\/06\/4Q-qualifications-fdgs-300x200.webp 300w, https:\/\/www.f-dgs.com\/wp-content\/uploads\/2022\/06\/4Q-qualifications-fdgs-768x512.webp 768w, https:\/\/www.f-dgs.com\/wp-content\/uploads\/2022\/06\/4Q-qualifications-fdgs-1536x1025.webp 1536w, https:\/\/www.f-dgs.com\/wp-content\/uploads\/2022\/06\/4Q-qualifications-fdgs-600x400.jpg 600w, https:\/\/www.f-dgs.com\/wp-content\/uploads\/2022\/06\/4Q-qualifications-fdgs-jpg.webp 2000w\" sizes=\"(max-width: 1024px) 100vw, 1024px\" \/>\t\t\t\t\t\t\t\t\t\t\t\t\t<\/div>\n\t\t\t\t<\/div>\n\t\t\t\t<\/div>\n\t\t\t\t\t<\/div>\n\t\t\t\t<\/div>\n\t\t<div class=\"elementor-element elementor-element-9e70294 max-width e-flex e-con-boxed e-con e-parent\" data-id=\"9e70294\" data-element_type=\"container\" data-settings=\"{&quot;jet_parallax_layout_list&quot;:[]}\">\n\t\t\t\t\t<div class=\"e-con-inner\">\n\t\t\t\t<div class=\"elementor-element elementor-element-15d975f elementor-widget elementor-widget-heading\" data-id=\"15d975f\" data-element_type=\"widget\" data-widget_type=\"heading.default\">\n\t\t\t\t<div class=\"elementor-widget-container\">\n\t\t\t<h2 class=\"elementor-heading-title elementor-size-default\">Che cosa sono le Certificato 4Q? <\/h2>\t\t<\/div>\n\t\t\t\t<\/div>\n\t\t\t\t<div class=\"elementor-element elementor-element-db25f9f elementor-widget elementor-widget-heading\" data-id=\"db25f9f\" data-element_type=\"widget\" data-widget_type=\"heading.default\">\n\t\t\t\t<div class=\"elementor-widget-container\">\n\t\t\t<h3 class=\"elementor-heading-title elementor-size-default\">Che cos'\u00e8 la Qualificazione del Concepimento (CQ)? <\/h3>\t\t<\/div>\n\t\t\t\t<\/div>\n\t\t\t\t<div class=\"elementor-element elementor-element-8d76bf8 elementor-widget elementor-widget-text-editor\" data-id=\"8d76bf8\" data-element_type=\"widget\" data-widget_type=\"text-editor.default\">\n\t\t\t\t<div class=\"elementor-widget-container\">\n\t\t\t\t\t\t\t<p>La Qualificazione della Concezione (QC) fornisce una verifica documentata che il progetto proposto di strutture, sistemi e apparecchiature sia adatto allo scopo per cui \u00e8 stato concepito.\u00a0<\/p>\t\t\t\t\t\t<\/div>\n\t\t\t\t<\/div>\n\t\t\t\t<div class=\"elementor-element elementor-element-c394358 elementor-widget elementor-widget-heading\" data-id=\"c394358\" data-element_type=\"widget\" data-widget_type=\"heading.default\">\n\t\t\t\t<div class=\"elementor-widget-container\">\n\t\t\t<h3 class=\"elementor-heading-title elementor-size-default\"> Che cos'\u00e8 la qualificazione dell'installazione (IQ)? <\/h3>\t\t<\/div>\n\t\t\t\t<\/div>\n\t\t\t\t<div class=\"elementor-element elementor-element-dca72a5 elementor-widget elementor-widget-text-editor\" data-id=\"dca72a5\" data-element_type=\"widget\" data-widget_type=\"text-editor.default\">\n\t\t\t\t<div class=\"elementor-widget-container\">\n\t\t\t\t\t\t\t<p>L&#8217;Installation Qualification (IQ) \u00e8 il dettaglio pre-installazione dell&#8217;apparecchiatura. Fornisce prove documentate e verifica che il generatore di gas sia stato consegnato e installato secondo le specifiche del produttore. L&#8217;IQ comprende un elenco dettagliato delle specifiche dell&#8217;apparecchiatura prima dell&#8217;installazione e dei componenti del prodotto.<\/p>\t\t\t\t\t\t<\/div>\n\t\t\t\t<\/div>\n\t\t\t\t<div class=\"elementor-element elementor-element-b8026e2 elementor-widget elementor-widget-heading\" data-id=\"b8026e2\" data-element_type=\"widget\" data-widget_type=\"heading.default\">\n\t\t\t\t<div class=\"elementor-widget-container\">\n\t\t\t<h3 class=\"elementor-heading-title elementor-size-default\">Che cos'\u00e8 la Qualificazione Operativa (OQ)? <\/h3>\t\t<\/div>\n\t\t\t\t<\/div>\n\t\t\t\t<div class=\"elementor-element elementor-element-7ee89c9 elementor-widget elementor-widget-text-editor\" data-id=\"7ee89c9\" data-element_type=\"widget\" data-widget_type=\"text-editor.default\">\n\t\t\t\t<div class=\"elementor-widget-container\">\n\t\t\t\t\t\t\t<p>La Qualificazione Operativa (OQ) fornisce una verifica documentata che i sottosistemi del generatore di gas funzionano come progettato. La procedura di OQ conferma che il prodotto \u00e8 conforme a tutte le specifiche pubblicate per l&#8217;ambiente in cui sar\u00e0 utilizzato e che soddisfa i criteri di prestazione definiti da F-DGSi.<\/p>\t\t\t\t\t\t<\/div>\n\t\t\t\t<\/div>\n\t\t\t\t<div class=\"elementor-element elementor-element-3b39f78 elementor-widget elementor-widget-heading\" data-id=\"3b39f78\" data-element_type=\"widget\" data-widget_type=\"heading.default\">\n\t\t\t\t<div class=\"elementor-widget-container\">\n\t\t\t<h3 class=\"elementor-heading-title elementor-size-default\">Che cos'\u00e8 la Qualificazione delle prestazioni (PQ)?<\/h3>\t\t<\/div>\n\t\t\t\t<\/div>\n\t\t\t\t<div class=\"elementor-element elementor-element-61c3dbf elementor-widget elementor-widget-text-editor\" data-id=\"61c3dbf\" data-element_type=\"widget\" data-widget_type=\"text-editor.default\">\n\t\t\t\t<div class=\"elementor-widget-container\">\n\t\t\t\t\t\t\t<p>La Qualificazione delle prestazioni (PQ) consente di verificare in modo documentato che il sistema strumentale possa funzionare in modo efficace e riproducibile nel rispetto delle specifiche di prestazione. Contribuisce a garantire la fiducia nei risultati verificando che l&#8217;accuratezza e la precisione di uno strumento siano mantenute.<\/p>\t\t\t\t\t\t<\/div>\n\t\t\t\t<\/div>\n\t\t\t\t\t<\/div>\n\t\t\t\t<\/div>\n\t\t<div class=\"elementor-element elementor-element-c13282f max-width e-flex e-con-boxed e-con e-parent\" data-id=\"c13282f\" data-element_type=\"container\" data-settings=\"{&quot;jet_parallax_layout_list&quot;:[]}\">\n\t\t\t\t\t<div class=\"e-con-inner\">\n\t\t\t\t<div class=\"elementor-element elementor-element-6eeac32 elementor-widget elementor-widget-heading\" data-id=\"6eeac32\" data-element_type=\"widget\" data-widget_type=\"heading.default\">\n\t\t\t\t<div class=\"elementor-widget-container\">\n\t\t\t<h2 class=\"elementor-heading-title elementor-size-default\">Quando \u00e8 necessario effettuare una certificazione OQ? <\/h2>\t\t<\/div>\n\t\t\t\t<\/div>\n\t\t\t\t<div class=\"elementor-element elementor-element-6ff9e10 elementor-widget elementor-widget-text-editor\" data-id=\"6ff9e10\" data-element_type=\"widget\" data-widget_type=\"text-editor.default\">\n\t\t\t\t<div class=\"elementor-widget-container\">\n\t\t\t\t\t\t\t<p>F-DGSi raccomanda di eseguire una certificazione OQ nei\u00a0 seguenti momenti:<\/p><ul><li>Installazione o spostamento del generatore da un luogo all&#8217;altro.<\/li><li>A intervalli regolari, secondo le procedure operative standard del vostro laboratorio.<\/li><li>A seguito di riparazioni importanti.<\/li><li>Prima del primo utilizzo di un sistema gi\u00e0 in funzione in un ambiente di test regolamentato.<\/li><\/ul>\t\t\t\t\t\t<\/div>\n\t\t\t\t<\/div>\n\t\t\t\t\t<\/div>\n\t\t\t\t<\/div>\n\t\t<div class=\"elementor-element elementor-element-9cf63c2 max-width e-flex e-con-boxed e-con e-parent\" data-id=\"9cf63c2\" data-element_type=\"container\" data-settings=\"{&quot;jet_parallax_layout_list&quot;:[]}\">\n\t\t\t\t\t<div class=\"e-con-inner\">\n\t\t<div class=\"elementor-element elementor-element-e2c9177 e-con-full e-flex e-con e-child\" data-id=\"e2c9177\" data-element_type=\"container\" data-settings=\"{&quot;background_background&quot;:&quot;classic&quot;,&quot;jet_parallax_layout_list&quot;:[]}\">\n\t\t\t\t<div class=\"elementor-element elementor-element-4251d27 elementor-widget elementor-widget-heading\" data-id=\"4251d27\" data-element_type=\"widget\" data-widget_type=\"heading.default\">\n\t\t\t\t<div class=\"elementor-widget-container\">\n\t\t\t<h2 class=\"elementor-heading-title elementor-size-default\">Information request<\/h2>\t\t<\/div>\n\t\t\t\t<\/div>\n\t\t\t\t<div class=\"elementor-element elementor-element-4f6485d elementor-widget elementor-widget-text-editor\" data-id=\"4f6485d\" data-element_type=\"widget\" data-widget_type=\"text-editor.default\">\n\t\t\t\t<div class=\"elementor-widget-container\">\n\t\t\t\t\t\t\t<p>Need more information about this product?<br \/>Please contact us at info@f-dgs.com or fill the form.<\/p>\t\t\t\t\t\t<\/div>\n\t\t\t\t<\/div>\n\t\t\t\t<div class=\"elementor-element elementor-element-4c0fdc8 elementor-widget elementor-widget-jet-engine-booking-form\" data-id=\"4c0fdc8\" data-element_type=\"widget\" data-widget_type=\"jet-engine-booking-form.default\">\n\t\t\t\t<div class=\"elementor-widget-container\">\n\t\t\t<form  class=\"jet-form layout-column submit-type-reload\" action=\"\/it\/wp-json\/wp\/v2\/pages\/9128?jet_engine_action=book&#038;nocache=1778975419\" method=\"POST\" data-form-id=\"14074\"><input class=\"jet-form__field hidden-field\" type=\"hidden\" name=\"_jet_engine_booking_form_id\" value=\"14074\" data-field-name=\"_jet_engine_booking_form_id\"><input class=\"jet-form__field hidden-field\" type=\"hidden\" name=\"_jet_engine_refer\" value=\"https:\/\/www.f-dgs.com\/it\/wp-json\/wp\/v2\/pages\/9128\/\" data-field-name=\"_jet_engine_refer\"><input class=\"jet-form__field hidden-field\" type=\"hidden\" name=\"_jet_engine_nonce\" value=\"047e3e1656\" data-field-name=\"_jet_engine_nonce\"><\/form>\t\t<\/div>\n\t\t\t\t<\/div>\n\t\t\t\t<\/div>\n\t\t\t\t\t<\/div>\n\t\t\t\t<\/div>\n\t\t\t\t<\/div>\n\t\t","protected":false},"excerpt":{"rendered":"<p>Inicio Necessit\u00e0 di eseguire il certificato 4Q per dimostrare la conformit\u00e0 dello strumento Per accompagnarvi e aiutarvi nel vostro approccio alla qualit\u00e0, F-DGSi pu\u00f2 offrirvi una serie di documenti di qualificazione e convalida secondo il modello 4Q (QC, IQ, OQ, PQ) per dimostrare la conformit\u00e0 di tutti gli strumenti. Abbiamo sviluppato questi documenti per voi, [&hellip;]<\/p>\n","protected":false},"author":2,"featured_media":9130,"parent":0,"menu_order":0,"comment_status":"open","ping_status":"open","template":"elementor_header_footer","meta":{"footnotes":""},"class_list":["post-9128","page","type-page","status-publish","has-post-thumbnail","hentry"],"_links":{"self":[{"href":"https:\/\/www.f-dgs.com\/it\/wp-json\/wp\/v2\/pages\/9128","targetHints":{"allow":["GET"]}}],"collection":[{"href":"https:\/\/www.f-dgs.com\/it\/wp-json\/wp\/v2\/pages"}],"about":[{"href":"https:\/\/www.f-dgs.com\/it\/wp-json\/wp\/v2\/types\/page"}],"author":[{"embeddable":true,"href":"https:\/\/www.f-dgs.com\/it\/wp-json\/wp\/v2\/users\/2"}],"replies":[{"embeddable":true,"href":"https:\/\/www.f-dgs.com\/it\/wp-json\/wp\/v2\/comments?post=9128"}],"version-history":[{"count":4,"href":"https:\/\/www.f-dgs.com\/it\/wp-json\/wp\/v2\/pages\/9128\/revisions"}],"predecessor-version":[{"id":12800,"href":"https:\/\/www.f-dgs.com\/it\/wp-json\/wp\/v2\/pages\/9128\/revisions\/12800"}],"wp:featuredmedia":[{"embeddable":true,"href":"https:\/\/www.f-dgs.com\/it\/wp-json\/wp\/v2\/media\/9130"}],"wp:attachment":[{"href":"https:\/\/www.f-dgs.com\/it\/wp-json\/wp\/v2\/media?parent=9128"}],"curies":[{"name":"wp","href":"https:\/\/api.w.org\/{rel}","templated":true}]}}