{"id":7370,"date":"2022-02-26T14:56:41","date_gmt":"2022-02-26T13:56:41","guid":{"rendered":"https:\/\/www.f-dgs.com\/product\/non%20class\u00e9\/calypso-dp-th\/"},"modified":"2025-01-26T20:37:44","modified_gmt":"2025-01-26T19:37:44","slug":"calypso-dp-th","status":"publish","type":"product","link":"https:\/\/www.f-dgs.com\/fr\/product\/azote\/calypso-dp-th\/","title":{"rendered":"G\u00e9n\u00e9rateur d&rsquo;azote CALYPSO DP.TH"},"content":{"rendered":"<p class=\"p2\">Avec 2 mod\u00e8les, le CALYPSO DP.TH, sp\u00e9cifiquement con\u00e7u pour l&rsquo;Orbitrap Exploris LC MSMS de Thermo.<\/p>\n<p class=\"p2\">Le CALYPSO DP.TH fournit deux puret\u00e9s d&rsquo;azote diff\u00e9rentes \u00e0 partir d&rsquo;une seule unit\u00e9 \u00ab\u00a0plug &amp; play\u00a0\u00bb.<\/p>\n<p class=\"p2\">Le CALYPSO DP.TH est disponible avec un compresseur d&rsquo;air sans huile int\u00e9gr\u00e9 utilisant le mode de technologie d&rsquo;\u00e9conomie d&rsquo;\u00e9nergie (EST). <strong><span class=\"s2\">technologie d&rsquo;\u00e9conomie d&rsquo;\u00e9nergie (EST)<\/span><\/strong>. Il est extr\u00eamement compact et silencieux.<\/p>\n<p class=\"p2\">Le g\u00e9n\u00e9rateur est contr\u00f4l\u00e9 \u00e0 l&rsquo;aide d&rsquo;un \u00e9cran tactile couleur de derni\u00e8re g\u00e9n\u00e9ration qui affiche le processus en temps r\u00e9el, les pressions d&rsquo;entr\u00e9e et de sortie, les d\u00e9bits de N2 et l&rsquo;\u00e9tat du syst\u00e8me, avec un acc\u00e8s \u00e0 distance pour le contr\u00f4le du diagnostic.<\/p>\n<p class=\"p3\">Utilisant la triple filtration intelligente et la technologie avanc\u00e9e PSA de s\u00e9paration de l&rsquo;azote et de l&rsquo;oxyg\u00e8ne pour produire de l&rsquo;azote gazeux de haute qualit\u00e9 \u00e0 la demande 24 heures sur 24, 7 jours sur 7.<\/p>\n","protected":false},"excerpt":{"rendered":"<p class=\"p2\">Avec 2 mod\u00e8les, le CALYPSO DP.TH, sp\u00e9cifiquement con\u00e7u pour l&rsquo;Orbitrap Exploris LC MSMS de Thermo.<\/p>\n<p class=\"p2\">Le CALYPSO DP.TH fournit deux puret\u00e9s d&rsquo;azote diff\u00e9rentes \u00e0 partir d&rsquo;une seule unit\u00e9 \u00ab\u00a0plug &amp; play\u00a0\u00bb.<\/p>\n<p class=\"p2\">Le CALYPSO DP.TH est disponible avec un compresseur d&rsquo;air sans huile int\u00e9gr\u00e9 utilisant le <span class=\"s2\">mode de technologie d&rsquo;\u00e9conomie d&rsquo;\u00e9nergie (EST)<\/span>. Il est extr\u00eamement compact et silencieux.<\/p>\n<p class=\"p2\">Le g\u00e9n\u00e9rateur est contr\u00f4l\u00e9 \u00e0 l&rsquo;aide d&rsquo;un \u00e9cran tactile couleur de derni\u00e8re g\u00e9n\u00e9ration qui affiche le processus en temps r\u00e9el, les pressions d&rsquo;entr\u00e9e et de sortie, les d\u00e9bits de N2 et l&rsquo;\u00e9tat du syst\u00e8me, avec un acc\u00e8s \u00e0 distance pour le contr\u00f4le du diagnostic.<\/p>\n<p class=\"p3\">Utilisant la <span class=\"s2\">triple filtration intelligente et la technologie avanc\u00e9e PSA <\/span>de s\u00e9paration de l&rsquo;azote et de l&rsquo;oxyg\u00e8ne pour produire de l&rsquo;azote gazeux de haute qualit\u00e9 \u00e0 la demande 24 heures sur 24, 7 jours sur 7.<\/p>\n","protected":false},"featured_media":6883,"comment_status":"closed","ping_status":"closed","template":"","meta":[],"product_cat":[128],"product_tag":[129],"class_list":{"0":"post-7370","1":"product","2":"type-product","3":"status-publish","4":"has-post-thumbnail","6":"product_cat-azote","7":"product_tag-lc-ms-ms-fr","9":"first","10":"instock","11":"shipping-taxable","12":"product-type-simple"},"_links":{"self":[{"href":"https:\/\/www.f-dgs.com\/fr\/wp-json\/wp\/v2\/product\/7370","targetHints":{"allow":["GET"]}}],"collection":[{"href":"https:\/\/www.f-dgs.com\/fr\/wp-json\/wp\/v2\/product"}],"about":[{"href":"https:\/\/www.f-dgs.com\/fr\/wp-json\/wp\/v2\/types\/product"}],"replies":[{"embeddable":true,"href":"https:\/\/www.f-dgs.com\/fr\/wp-json\/wp\/v2\/comments?post=7370"}],"wp:featuredmedia":[{"embeddable":true,"href":"https:\/\/www.f-dgs.com\/fr\/wp-json\/wp\/v2\/media\/6883"}],"wp:attachment":[{"href":"https:\/\/www.f-dgs.com\/fr\/wp-json\/wp\/v2\/media?parent=7370"}],"wp:term":[{"taxonomy":"product_cat","embeddable":true,"href":"https:\/\/www.f-dgs.com\/fr\/wp-json\/wp\/v2\/product_cat?post=7370"},{"taxonomy":"product_tag","embeddable":true,"href":"https:\/\/www.f-dgs.com\/fr\/wp-json\/wp\/v2\/product_tag?post=7370"}],"curies":[{"name":"wp","href":"https:\/\/api.w.org\/{rel}","templated":true}]}}