{"id":7362,"date":"2022-03-28T11:45:48","date_gmt":"2022-03-28T09:45:48","guid":{"rendered":"https:\/\/www.f-dgs.com\/product\/non%20class\u00e9\/calypso-ds-hp\/"},"modified":"2025-01-26T20:34:49","modified_gmt":"2025-01-26T19:34:49","slug":"calypso-ds-hp","status":"publish","type":"product","link":"https:\/\/www.f-dgs.com\/fr\/product\/azote\/calypso-ds-hp\/","title":{"rendered":"G\u00e9n\u00e9rateur d&rsquo;azote CALYPSO DS.HP"},"content":{"rendered":"<p>Le g\u00e9n\u00e9rateur d&rsquo;azote CALYPSO DS.HP a \u00e9t\u00e9 sp\u00e9cialement con\u00e7u pour r\u00e9pondre aux exigences de d\u00e9bit, de puret\u00e9 et de pression des instruments ASE.Le g\u00e9n\u00e9rateur d&rsquo;azote utilise la technologie d&rsquo;adsorption modul\u00e9e en pression (PSA) combin\u00e9e \u00e0 une gestion de la pression en deux \u00e9tapes pour produire de l&rsquo;azote gazeux pur avec un d\u00e9bit \u00e9lev\u00e9, une pression \u00e9lev\u00e9e et une grande puret\u00e9.Le CALYPSO DS.HP est disponible avec un compresseur d&rsquo;air sans huile int\u00e9gr\u00e9 utilisant le mode de technologie d&rsquo;\u00e9conomie d&rsquo;\u00e9nergie (EST). Le g\u00e9n\u00e9rateur est contr\u00f4l\u00e9 \u00e0 l&rsquo;aide d&rsquo;un \u00e9cran tactile couleur de derni\u00e8re g\u00e9n\u00e9ration qui affiche le processus en temps r\u00e9el, la pression d&rsquo;entr\u00e9e et de sortie, le d\u00e9bit de N2 et l&rsquo;\u00e9tat du syst\u00e8me, avec un acc\u00e8s \u00e0 distance pour le diagnostic.<\/p>\n","protected":false},"excerpt":{"rendered":"<p>Le g\u00e9n\u00e9rateur d&rsquo;azote CALYPSO DS.HP a \u00e9t\u00e9 sp\u00e9cialement con\u00e7u pour r\u00e9pondre aux exigences de d\u00e9bit, de puret\u00e9 et de pression des instruments ASE.Le g\u00e9n\u00e9rateur d&rsquo;azote utilise la technologie d&rsquo;adsorption modul\u00e9e en pression (PSA) combin\u00e9e \u00e0 une gestion de la pression en deux \u00e9tapes pour produire de l&rsquo;azote gazeux pur avec un d\u00e9bit \u00e9lev\u00e9, une pression [&hellip;]<\/p>\n","protected":false},"featured_media":6779,"comment_status":"open","ping_status":"closed","template":"","meta":[],"product_cat":[128],"product_tag":[146],"class_list":{"0":"post-7362","1":"product","2":"type-product","3":"status-publish","4":"has-post-thumbnail","6":"product_cat-azote","7":"product_tag-others-applications-fr","9":"first","10":"instock","11":"shipping-taxable","12":"product-type-simple"},"_links":{"self":[{"href":"https:\/\/www.f-dgs.com\/fr\/wp-json\/wp\/v2\/product\/7362","targetHints":{"allow":["GET"]}}],"collection":[{"href":"https:\/\/www.f-dgs.com\/fr\/wp-json\/wp\/v2\/product"}],"about":[{"href":"https:\/\/www.f-dgs.com\/fr\/wp-json\/wp\/v2\/types\/product"}],"replies":[{"embeddable":true,"href":"https:\/\/www.f-dgs.com\/fr\/wp-json\/wp\/v2\/comments?post=7362"}],"wp:featuredmedia":[{"embeddable":true,"href":"https:\/\/www.f-dgs.com\/fr\/wp-json\/wp\/v2\/media\/6779"}],"wp:attachment":[{"href":"https:\/\/www.f-dgs.com\/fr\/wp-json\/wp\/v2\/media?parent=7362"}],"wp:term":[{"taxonomy":"product_cat","embeddable":true,"href":"https:\/\/www.f-dgs.com\/fr\/wp-json\/wp\/v2\/product_cat?post=7362"},{"taxonomy":"product_tag","embeddable":true,"href":"https:\/\/www.f-dgs.com\/fr\/wp-json\/wp\/v2\/product_tag?post=7362"}],"curies":[{"name":"wp","href":"https:\/\/api.w.org\/{rel}","templated":true}]}}