{"id":7361,"date":"2022-03-29T10:34:03","date_gmt":"2022-03-29T08:34:03","guid":{"rendered":"https:\/\/www.f-dgs.com\/product\/non%20class\u00e9\/calypso-duo\/"},"modified":"2025-01-26T20:34:08","modified_gmt":"2025-01-26T19:34:08","slug":"calypso-duo","status":"publish","type":"product","link":"https:\/\/www.f-dgs.com\/fr\/product\/azote\/calypso-duo\/","title":{"rendered":"G\u00e9n\u00e9rateur d&rsquo;azote CALYPSO DUO"},"content":{"rendered":"<p>Le CALYPSO DUO combine la capacit\u00e9 de deux g\u00e9n\u00e9rateurs d&rsquo;azote CALYPSO en un seul syst\u00e8me enti\u00e8rement int\u00e9gr\u00e9. Le CALYPSO DUO est disponible avec un compresseur d&rsquo;air sans huile int\u00e9gr\u00e9 utilisant la technologie d&rsquo;\u00e9conomie d&rsquo;\u00e9nergie (EST). Il est extr\u00eamement compact et silencieux.<br \/>\nLe g\u00e9n\u00e9rateur est contr\u00f4l\u00e9 \u00e0 l&rsquo;aide de la derni\u00e8re technologie d&rsquo;\u00e9cran tactile couleur qui affiche en temps r\u00e9el le processus, la pression d&rsquo;entr\u00e9e\/sortie, le d\u00e9bit de N2 et l&rsquo;\u00e9tat du syst\u00e8me, avec un acc\u00e8s \u00e0 distance pour le contr\u00f4le du diagnostic.<br \/>\nL&rsquo;utilisation d&rsquo;une triple filtration intelligente et d&rsquo;une technologie avanc\u00e9e de s\u00e9paration azote\/oxyg\u00e8ne PSA permet de produire de l&rsquo;azote gazeux de haute qualit\u00e9 \u00e0 la demande, 24 heures sur 24 et 7 jours sur 7.<\/p>\n","protected":false},"excerpt":{"rendered":"<p>Le CALYPSO DUO combine la capacit\u00e9 de deux g\u00e9n\u00e9rateurs d&rsquo;azote CALYPSO en un seul syst\u00e8me enti\u00e8rement int\u00e9gr\u00e9. Le CALYPSO DUO est disponible avec un compresseur d&rsquo;air sans huile int\u00e9gr\u00e9 utilisant la technologie d&rsquo;\u00e9conomie d&rsquo;\u00e9nergie (EST). Il est extr\u00eamement compact et silencieux. Le g\u00e9n\u00e9rateur est contr\u00f4l\u00e9 \u00e0 l&rsquo;aide de la derni\u00e8re technologie d&rsquo;\u00e9cran tactile couleur qui [&hellip;]<\/p>\n","protected":false},"featured_media":6780,"comment_status":"open","ping_status":"closed","template":"","meta":[],"product_cat":[128],"product_tag":[129],"class_list":{"0":"post-7361","1":"product","2":"type-product","3":"status-publish","4":"has-post-thumbnail","6":"product_cat-azote","7":"product_tag-lc-ms-ms-fr","9":"first","10":"instock","11":"shipping-taxable","12":"product-type-simple"},"_links":{"self":[{"href":"https:\/\/www.f-dgs.com\/fr\/wp-json\/wp\/v2\/product\/7361","targetHints":{"allow":["GET"]}}],"collection":[{"href":"https:\/\/www.f-dgs.com\/fr\/wp-json\/wp\/v2\/product"}],"about":[{"href":"https:\/\/www.f-dgs.com\/fr\/wp-json\/wp\/v2\/types\/product"}],"replies":[{"embeddable":true,"href":"https:\/\/www.f-dgs.com\/fr\/wp-json\/wp\/v2\/comments?post=7361"}],"wp:featuredmedia":[{"embeddable":true,"href":"https:\/\/www.f-dgs.com\/fr\/wp-json\/wp\/v2\/media\/6780"}],"wp:attachment":[{"href":"https:\/\/www.f-dgs.com\/fr\/wp-json\/wp\/v2\/media?parent=7361"}],"wp:term":[{"taxonomy":"product_cat","embeddable":true,"href":"https:\/\/www.f-dgs.com\/fr\/wp-json\/wp\/v2\/product_cat?post=7361"},{"taxonomy":"product_tag","embeddable":true,"href":"https:\/\/www.f-dgs.com\/fr\/wp-json\/wp\/v2\/product_tag?post=7361"}],"curies":[{"name":"wp","href":"https:\/\/api.w.org\/{rel}","templated":true}]}}