{"id":7358,"date":"2022-03-29T10:34:27","date_gmt":"2022-03-29T08:34:27","guid":{"rendered":"https:\/\/www.f-dgs.com\/product\/non%20class\u00e9\/celeno\/"},"modified":"2025-01-26T20:33:46","modified_gmt":"2025-01-26T19:33:46","slug":"celeno","status":"publish","type":"product","link":"https:\/\/www.f-dgs.com\/fr\/product\/azote\/celeno\/","title":{"rendered":"G\u00e9n\u00e9rateur d&rsquo;azote CELENO"},"content":{"rendered":"<p>Avec 20 L\/min, la gamme d&rsquo;azote CELENO fournit une solution d&rsquo;azote de haute puret\u00e9 pour les instruments GC x GC avec cryog\u00e8ne. Le g\u00e9n\u00e9rateur a un point de ros\u00e9e tr\u00e8s bas qui permet de travailler avec des applications cryog\u00e9niques sans aucune cong\u00e9lation.<br \/>\nLe CELENO est disponible sans ou avec un compresseur d&rsquo;air sans huile int\u00e9gr\u00e9 utilisant le mode de technologie d&rsquo;\u00e9conomie d&rsquo;\u00e9nergie (EST). Il est extr\u00eamement compact et silencieux. Le g\u00e9n\u00e9rateur est contr\u00f4l\u00e9 \u00e0 l&rsquo;aide d&rsquo;un \u00e9cran tactile couleur de derni\u00e8re g\u00e9n\u00e9ration qui affiche le processus en temps r\u00e9el, la pression d&rsquo;entr\u00e9e et de sortie, le d\u00e9bit de N2 et l&rsquo;\u00e9tat du syst\u00e8me, avec un acc\u00e8s \u00e0 distance pour le contr\u00f4le du diagnostic.<br \/>\nL&rsquo;utilisation de la technologie avanc\u00e9e PSA de s\u00e9paration de l&rsquo;azote et de l&rsquo;oxyg\u00e8ne permet de produire de l&rsquo;azote gazeux de haute qualit\u00e9 \u00e0 la demande, 24 heures sur 24 et 7 jours sur 7.<\/p>\n","protected":false},"excerpt":{"rendered":"<p>Avec 20 L\/min, la gamme d&rsquo;azote CELENO fournit une solution d&rsquo;azote de haute puret\u00e9 pour les instruments GC x GC avec cryog\u00e8ne. Le g\u00e9n\u00e9rateur a un point de ros\u00e9e tr\u00e8s bas qui permet de travailler avec des applications cryog\u00e9niques sans aucune cong\u00e9lation. Le CELENO est disponible sans ou avec un compresseur d&rsquo;air sans huile int\u00e9gr\u00e9 [&hellip;]<\/p>\n","protected":false},"featured_media":6782,"comment_status":"open","ping_status":"closed","template":"","meta":[],"product_cat":[128],"product_tag":[147],"class_list":{"0":"post-7358","1":"product","2":"type-product","3":"status-publish","4":"has-post-thumbnail","6":"product_cat-azote","7":"product_tag-gc-gc-ms-fr","9":"first","10":"instock","11":"shipping-taxable","12":"product-type-simple"},"_links":{"self":[{"href":"https:\/\/www.f-dgs.com\/fr\/wp-json\/wp\/v2\/product\/7358","targetHints":{"allow":["GET"]}}],"collection":[{"href":"https:\/\/www.f-dgs.com\/fr\/wp-json\/wp\/v2\/product"}],"about":[{"href":"https:\/\/www.f-dgs.com\/fr\/wp-json\/wp\/v2\/types\/product"}],"replies":[{"embeddable":true,"href":"https:\/\/www.f-dgs.com\/fr\/wp-json\/wp\/v2\/comments?post=7358"}],"wp:featuredmedia":[{"embeddable":true,"href":"https:\/\/www.f-dgs.com\/fr\/wp-json\/wp\/v2\/media\/6782"}],"wp:attachment":[{"href":"https:\/\/www.f-dgs.com\/fr\/wp-json\/wp\/v2\/media?parent=7358"}],"wp:term":[{"taxonomy":"product_cat","embeddable":true,"href":"https:\/\/www.f-dgs.com\/fr\/wp-json\/wp\/v2\/product_cat?post=7358"},{"taxonomy":"product_tag","embeddable":true,"href":"https:\/\/www.f-dgs.com\/fr\/wp-json\/wp\/v2\/product_tag?post=7358"}],"curies":[{"name":"wp","href":"https:\/\/api.w.org\/{rel}","templated":true}]}}