{"id":7357,"date":"2022-03-29T17:56:22","date_gmt":"2022-03-29T15:56:22","guid":{"rendered":"https:\/\/www.f-dgs.com\/product\/non%20class\u00e9\/cosmos-n2-m\/"},"modified":"2025-01-26T20:33:17","modified_gmt":"2025-01-26T19:33:17","slug":"cosmos-n2-m","status":"publish","type":"product","link":"https:\/\/www.f-dgs.com\/fr\/product\/azote\/cosmos-n2-m\/","title":{"rendered":"G\u00e9n\u00e9rateur d&rsquo;azote COSMOS N2.M"},"content":{"rendered":"<p>Le COSMOS N2.M fournit une solution d&rsquo;azote pour les ELSD et les spectrom\u00e8tres de masse compacts. Le g\u00e9n\u00e9rateur COSMOS N2.M produit de l&rsquo;azote sec et exempt d&rsquo;hydrocarbures, en utilisant l&rsquo;air d&rsquo;un compresseur externe exempt d&rsquo;huile.<br \/>\nL&rsquo;utilisation d&rsquo;une technologie membranaire avanc\u00e9e de s\u00e9paration de l&rsquo;azote et de l&rsquo;oxyg\u00e8ne permet de produire de l&rsquo;azote gazeux de haute qualit\u00e9 \u00e0 la demande, 24 heures sur 24 et 7 jours sur 7.<br \/>\nCe syst\u00e8me complet cl\u00e9 en main est con\u00e7u avec des composants de la plus haute qualit\u00e9, il est facile \u00e0 installer et ne n\u00e9cessite qu&rsquo;une maintenance annuelle minimale.<br \/>\nLe design ergonomique, compact et empilable permet de le placer sur une paillasse ou de le combiner avec le COMPRESSEUR D&rsquo;AIR COSMOS pour les laboratoires ne disposant pas d&rsquo;une alimentation en air interne.<\/p>\n","protected":false},"excerpt":{"rendered":"<p>Le COSMOS N2.M fournit une solution d&rsquo;azote pour les ELSD et les spectrom\u00e8tres de masse compacts. Le g\u00e9n\u00e9rateur COSMOS N2.M produit de l&rsquo;azote sec et exempt d&rsquo;hydrocarbures, en utilisant l&rsquo;air d&rsquo;un compresseur externe exempt d&rsquo;huile. L&rsquo;utilisation d&rsquo;une technologie membranaire avanc\u00e9e de s\u00e9paration de l&rsquo;azote et de l&rsquo;oxyg\u00e8ne permet de produire de l&rsquo;azote gazeux de haute [&hellip;]<\/p>\n","protected":false},"featured_media":6855,"comment_status":"open","ping_status":"closed","template":"","meta":[],"product_cat":[128],"product_tag":[147],"class_list":{"0":"post-7357","1":"product","2":"type-product","3":"status-publish","4":"has-post-thumbnail","6":"product_cat-azote","7":"product_tag-gc-gc-ms-fr","9":"first","10":"instock","11":"shipping-taxable","12":"product-type-simple"},"_links":{"self":[{"href":"https:\/\/www.f-dgs.com\/fr\/wp-json\/wp\/v2\/product\/7357","targetHints":{"allow":["GET"]}}],"collection":[{"href":"https:\/\/www.f-dgs.com\/fr\/wp-json\/wp\/v2\/product"}],"about":[{"href":"https:\/\/www.f-dgs.com\/fr\/wp-json\/wp\/v2\/types\/product"}],"replies":[{"embeddable":true,"href":"https:\/\/www.f-dgs.com\/fr\/wp-json\/wp\/v2\/comments?post=7357"}],"wp:featuredmedia":[{"embeddable":true,"href":"https:\/\/www.f-dgs.com\/fr\/wp-json\/wp\/v2\/media\/6855"}],"wp:attachment":[{"href":"https:\/\/www.f-dgs.com\/fr\/wp-json\/wp\/v2\/media?parent=7357"}],"wp:term":[{"taxonomy":"product_cat","embeddable":true,"href":"https:\/\/www.f-dgs.com\/fr\/wp-json\/wp\/v2\/product_cat?post=7357"},{"taxonomy":"product_tag","embeddable":true,"href":"https:\/\/www.f-dgs.com\/fr\/wp-json\/wp\/v2\/product_tag?post=7357"}],"curies":[{"name":"wp","href":"https:\/\/api.w.org\/{rel}","templated":true}]}}