{"id":7356,"date":"2022-03-29T19:01:32","date_gmt":"2022-03-29T17:01:32","guid":{"rendered":"https:\/\/www.f-dgs.com\/product\/non%20class\u00e9\/tornado\/"},"modified":"2025-01-26T20:30:14","modified_gmt":"2025-01-26T19:30:14","slug":"tornado","status":"publish","type":"product","link":"https:\/\/www.f-dgs.com\/fr\/product\/azote\/tornado\/","title":{"rendered":"G\u00e9n\u00e9rateur d&rsquo;azote TORNADO"},"content":{"rendered":"<p>Les g\u00e9n\u00e9rateurs d&rsquo;azote de la s\u00e9rie TORNADO vous offrent une solution unique et innovante pour la fourniture d&rsquo;azote gazeux. Une source fiable et s\u00fbre d&rsquo;azote peut \u00eatre produite \u00e0 partir de votre alimentation en air comprim\u00e9 existante, ce qui \u00e9limine le besoin d&rsquo;azote liquide ou de bouteilles de gaz \u00e0 haute pression. Con\u00e7u pour un fonctionnement en continu, le g\u00e9n\u00e9rateur d&rsquo;azote TORNADO peut produire des d\u00e9bits de quelques litres par minutes \u00e0 plus de NM3\/H \u00e0 des puret\u00e9s en teneur r\u00e9siduelle en oxyg\u00e8ne de 10 ppm \u00e0 5%. Le g\u00e9n\u00e9rateur est contr\u00f4l\u00e9 \u00e0 l&rsquo;aide de la derni\u00e8re technologie d&rsquo;\u00e9cran tactile HMI qui affiche le processus, les pressions, le point de ros\u00e9e de l&rsquo;air d&rsquo;entr\u00e9e et les niveaux d&rsquo;oxyg\u00e8ne avec une surveillance continue et des alarmes.<\/p>\n","protected":false},"excerpt":{"rendered":"<p>Les g\u00e9n\u00e9rateurs d&rsquo;azote de la s\u00e9rie TORNADO vous offrent une solution unique et innovante pour la fourniture d&rsquo;azote gazeux. Une source fiable et s\u00fbre d&rsquo;azote peut \u00eatre produite \u00e0 partir de votre alimentation en air comprim\u00e9 existante, ce qui \u00e9limine le besoin d&rsquo;azote liquide ou de bouteilles de gaz \u00e0 haute pression. Con\u00e7u pour un [&hellip;]<\/p>\n","protected":false},"featured_media":6855,"comment_status":"open","ping_status":"closed","template":"","meta":[],"product_cat":[128],"product_tag":[129,146],"class_list":{"0":"post-7356","1":"product","2":"type-product","3":"status-publish","4":"has-post-thumbnail","6":"product_cat-azote","7":"product_tag-lc-ms-ms-fr","8":"product_tag-others-applications-fr","10":"first","11":"instock","12":"shipping-taxable","13":"product-type-simple"},"_links":{"self":[{"href":"https:\/\/www.f-dgs.com\/fr\/wp-json\/wp\/v2\/product\/7356","targetHints":{"allow":["GET"]}}],"collection":[{"href":"https:\/\/www.f-dgs.com\/fr\/wp-json\/wp\/v2\/product"}],"about":[{"href":"https:\/\/www.f-dgs.com\/fr\/wp-json\/wp\/v2\/types\/product"}],"replies":[{"embeddable":true,"href":"https:\/\/www.f-dgs.com\/fr\/wp-json\/wp\/v2\/comments?post=7356"}],"wp:featuredmedia":[{"embeddable":true,"href":"https:\/\/www.f-dgs.com\/fr\/wp-json\/wp\/v2\/media\/6855"}],"wp:attachment":[{"href":"https:\/\/www.f-dgs.com\/fr\/wp-json\/wp\/v2\/media?parent=7356"}],"wp:term":[{"taxonomy":"product_cat","embeddable":true,"href":"https:\/\/www.f-dgs.com\/fr\/wp-json\/wp\/v2\/product_cat?post=7356"},{"taxonomy":"product_tag","embeddable":true,"href":"https:\/\/www.f-dgs.com\/fr\/wp-json\/wp\/v2\/product_tag?post=7356"}],"curies":[{"name":"wp","href":"https:\/\/api.w.org\/{rel}","templated":true}]}}