{"id":7350,"date":"2022-03-29T19:01:55","date_gmt":"2022-03-29T17:01:55","guid":{"rendered":"https:\/\/www.f-dgs.com\/product\/non%20class\u00e9\/telesto\/"},"modified":"2025-01-26T20:28:07","modified_gmt":"2025-01-26T19:28:07","slug":"telesto","status":"publish","type":"product","link":"https:\/\/www.f-dgs.com\/fr\/product\/azote\/telesto\/","title":{"rendered":"G\u00e9n\u00e9rateur d&rsquo;azote TELESTO"},"content":{"rendered":"<p>Avec 4 mod\u00e8les, de 4 L\/min \u00e0 15 L\/min, la gamme TELESTO Nitrogen fournit une solution d&rsquo;azote pour les instruments ELSD \/ CORONA.<br \/>\nLe TELESTO est disponible sans ou avec un compresseur d&rsquo;air sans huile int\u00e9gr\u00e9 utilisant le mode de technologie d&rsquo;\u00e9conomie d&rsquo;\u00e9nergie (EST). Il est extr\u00eamement compact et silencieux.<br \/>\nLe g\u00e9n\u00e9rateur est contr\u00f4l\u00e9 \u00e0 l&rsquo;aide d&rsquo;un \u00e9cran tactile couleur de derni\u00e8re g\u00e9n\u00e9ration qui affiche le processus en temps r\u00e9el, la pression d&rsquo;entr\u00e9e et de sortie, le d\u00e9bit de N2 et l&rsquo;\u00e9tat du syst\u00e8me, avec un acc\u00e8s \u00e0 distance pour le contr\u00f4le du diagnostic.<br \/>\nL&rsquo;utilisation de la technologie avanc\u00e9e PSA de s\u00e9paration de l&rsquo;azote et de l&rsquo;oxyg\u00e8ne permet de produire de l&rsquo;azote gazeux de haute qualit\u00e9 \u00e0 la demande, 24 heures sur 24 et 7 jours sur 7.<\/p>\n","protected":false},"excerpt":{"rendered":"<p>Avec 4 mod\u00e8les, de 4 L\/min \u00e0 15 L\/min, la gamme TELESTO Nitrogen fournit une solution d&rsquo;azote pour les instruments ELSD \/ CORONA. Le TELESTO est disponible sans ou avec un compresseur d&rsquo;air sans huile int\u00e9gr\u00e9 utilisant le mode de technologie d&rsquo;\u00e9conomie d&rsquo;\u00e9nergie (EST). Il est extr\u00eamement compact et silencieux. Le g\u00e9n\u00e9rateur est contr\u00f4l\u00e9 \u00e0 [&hellip;]<\/p>\n","protected":false},"featured_media":6785,"comment_status":"open","ping_status":"closed","template":"","meta":[],"product_cat":[128],"product_tag":[149],"class_list":{"0":"post-7350","1":"product","2":"type-product","3":"status-publish","4":"has-post-thumbnail","6":"product_cat-azote","7":"product_tag-cad-elsd-fr","9":"first","10":"instock","11":"shipping-taxable","12":"product-type-simple"},"_links":{"self":[{"href":"https:\/\/www.f-dgs.com\/fr\/wp-json\/wp\/v2\/product\/7350","targetHints":{"allow":["GET"]}}],"collection":[{"href":"https:\/\/www.f-dgs.com\/fr\/wp-json\/wp\/v2\/product"}],"about":[{"href":"https:\/\/www.f-dgs.com\/fr\/wp-json\/wp\/v2\/types\/product"}],"replies":[{"embeddable":true,"href":"https:\/\/www.f-dgs.com\/fr\/wp-json\/wp\/v2\/comments?post=7350"}],"wp:featuredmedia":[{"embeddable":true,"href":"https:\/\/www.f-dgs.com\/fr\/wp-json\/wp\/v2\/media\/6785"}],"wp:attachment":[{"href":"https:\/\/www.f-dgs.com\/fr\/wp-json\/wp\/v2\/media?parent=7350"}],"wp:term":[{"taxonomy":"product_cat","embeddable":true,"href":"https:\/\/www.f-dgs.com\/fr\/wp-json\/wp\/v2\/product_cat?post=7350"},{"taxonomy":"product_tag","embeddable":true,"href":"https:\/\/www.f-dgs.com\/fr\/wp-json\/wp\/v2\/product_tag?post=7350"}],"curies":[{"name":"wp","href":"https:\/\/api.w.org\/{rel}","templated":true}]}}