{"id":7349,"date":"2022-03-29T19:02:03","date_gmt":"2022-03-29T17:02:03","guid":{"rendered":"https:\/\/www.f-dgs.com\/product\/non%20class\u00e9\/stream\/"},"modified":"2025-01-26T20:27:23","modified_gmt":"2025-01-26T19:27:23","slug":"stream","status":"publish","type":"product","link":"https:\/\/www.f-dgs.com\/fr\/product\/azote\/stream\/","title":{"rendered":"G\u00e9n\u00e9rateur d&rsquo;azote STREAM"},"content":{"rendered":"<p>Le g\u00e9n\u00e9rateur d&rsquo;azote \u00e0 membrane a \u00e9t\u00e9 d\u00e9velopp\u00e9 pour r\u00e9pondre aux exigences sp\u00e9cifiques en termes de d\u00e9bit, de puret\u00e9 et de pression pour les applications LC-MS. Il peut \u00e9galement \u00eatre utilis\u00e9 pour l&rsquo;\u00e9vaporation de solvants dans les \u00e9chantillons analys\u00e9s.<br \/>\nLa technologie simple de membrane \u00e0 haute efficacit\u00e9 permet de s\u00e9parer l&rsquo;azote des autres composants de l&rsquo;entr\u00e9e d&rsquo;air comprim\u00e9.<\/p>\n","protected":false},"excerpt":{"rendered":"<p>Le g\u00e9n\u00e9rateur d&rsquo;azote \u00e0 membrane a \u00e9t\u00e9 d\u00e9velopp\u00e9 pour r\u00e9pondre aux exigences sp\u00e9cifiques en termes de d\u00e9bit, de puret\u00e9 et de pression pour les applications LC-MS. Il peut \u00e9galement \u00eatre utilis\u00e9 pour l&rsquo;\u00e9vaporation de solvants dans les \u00e9chantillons analys\u00e9s. La technologie simple de membrane \u00e0 haute efficacit\u00e9 permet de s\u00e9parer l&rsquo;azote des autres composants de [&hellip;]<\/p>\n","protected":false},"featured_media":6823,"comment_status":"open","ping_status":"closed","template":"","meta":[],"product_cat":[128],"product_tag":[129],"class_list":{"0":"post-7349","1":"product","2":"type-product","3":"status-publish","4":"has-post-thumbnail","6":"product_cat-azote","7":"product_tag-lc-ms-ms-fr","9":"first","10":"instock","11":"shipping-taxable","12":"product-type-simple"},"_links":{"self":[{"href":"https:\/\/www.f-dgs.com\/fr\/wp-json\/wp\/v2\/product\/7349","targetHints":{"allow":["GET"]}}],"collection":[{"href":"https:\/\/www.f-dgs.com\/fr\/wp-json\/wp\/v2\/product"}],"about":[{"href":"https:\/\/www.f-dgs.com\/fr\/wp-json\/wp\/v2\/types\/product"}],"replies":[{"embeddable":true,"href":"https:\/\/www.f-dgs.com\/fr\/wp-json\/wp\/v2\/comments?post=7349"}],"wp:featuredmedia":[{"embeddable":true,"href":"https:\/\/www.f-dgs.com\/fr\/wp-json\/wp\/v2\/media\/6823"}],"wp:attachment":[{"href":"https:\/\/www.f-dgs.com\/fr\/wp-json\/wp\/v2\/media?parent=7349"}],"wp:term":[{"taxonomy":"product_cat","embeddable":true,"href":"https:\/\/www.f-dgs.com\/fr\/wp-json\/wp\/v2\/product_cat?post=7349"},{"taxonomy":"product_tag","embeddable":true,"href":"https:\/\/www.f-dgs.com\/fr\/wp-json\/wp\/v2\/product_tag?post=7349"}],"curies":[{"name":"wp","href":"https:\/\/api.w.org\/{rel}","templated":true}]}}